{"id":3550,"date":"2025-02-19T16:43:05","date_gmt":"2025-02-19T08:43:05","guid":{"rendered":"https:\/\/lydenim.com\/?post_type=product&#038;p=3550"},"modified":"2025-02-19T16:49:40","modified_gmt":"2025-02-19T08:49:40","slug":"redflower-colorful-jacquard-denim-1091-fabric","status":"publish","type":"product","link":"https:\/\/lydenim.com\/pt\/produto\/tecido-jacquard-denim-1091-com-flores-vermelhas\/","title":{"rendered":"Tecido REDFlower Colorful Jacquard Denim 1091"},"content":{"rendered":"<ul>\n<li>\n<h3>\ud83c\udf0d VIS\u00c3O GERAL DO PRODUTO<\/h3>\n<p><strong>MODELO<\/strong>: 1091<br \/>\n<strong>TIPO<\/strong>: Tecido jeans jacquard com padr\u00e3o colorido<br \/>\n<strong>MATERIAL<\/strong>: Misturas personalizadas (algod\u00e3o org\u00e2nico <a href=\"https:\/\/en.wikipedia.org\/wiki\/Global_Organic_Textile_Standard\" target=\"_blank\" rel=\"noopener noreferrer\">Wiki do GOTS<\/a>, Poli\u00e9ster Reciclado <a href=\"https:\/\/textileexchange.org\/recycled-polyester\/\" target=\"_blank\" rel=\"noopener noreferrer\">Troca T\u00eaxtil<\/a>)<br \/>\n<strong>COR<\/strong>: Personaliza\u00e7\u00e3o Pantone-matched <a href=\"https:\/\/www.pantone.com\/color-finder\" target=\"_blank\" rel=\"noopener noreferrer\">Localizador de cores Pantone<\/a><\/p>\n<h3>\ud83e\uddf5 ESPECIFICA\u00c7\u00d5ES DO TECIDO<\/h3>\n<p><strong>T\u00c9CNICAS<\/strong>: Jacquard Tecido <a href=\"https:\/\/en.wikipedia.org\/wiki\/Jacquard_weaving\" target=\"_blank\" rel=\"noopener noreferrer\">Wiki de tecelagem Jacquard<\/a><br \/>\n<strong>PESO<\/strong>: Personaliz\u00e1vel \u00a0<a href=\"https:\/\/www.denimhunters.com\/denim-wiki\/denim-weight\/\" target=\"_blank\" rel=\"noopener noreferrer\">Guia de peso de jeans<\/a><br \/>\n<strong>CONTAGEM DE FIOS<\/strong>: Ajust\u00e1vel\u00a0 <a href=\"https:\/\/www.textileschool.com\/197\/yarn-count-numbering-system\/\" target=\"_blank\" rel=\"noopener noreferrer\">No\u00e7\u00f5es b\u00e1sicas sobre contagem de fios<\/a><br \/>\n<strong>ESTILO<\/strong>: Padr\u00f5es Geom\u00e9tricos Complexos Jacquard<br \/>\n<strong>LARGURA<\/strong>: Determinado pelo padr\u00e3o e espessura <a href=\"https:\/\/www.britannica.com\/technology\/loom\" target=\"_blank\" rel=\"noopener noreferrer\">Padr\u00f5es de largura do tear<\/a><\/p>\n<h3>\ud83c\udfa8 ESTILO E USO<\/h3>\n<p><strong>USAR<\/strong>:<\/p>\n<ul>\n<li>Denimwear de alta costura (<a href=\"https:\/\/www.wgsn.com\/fashion\" target=\"_blank\" rel=\"noopener noreferrer\">Tend\u00eancias de jeans WGSN 2024<\/a>)<\/li>\n<li>Acess\u00f3rios de declara\u00e7\u00e3o (bolsas\/cintos)<\/li>\n<li>Estofamento Contempor\u00e2neo<br \/>\n<strong>APLIC\u00c1VEL A<\/strong>: Marcas de Designer, Startups de Moda Sustent\u00e1vel<\/li>\n<\/ul>\n<h3>\ud83c\udf0d PRODU\u00c7\u00c3O E ORIGEM<\/h3>\n<p><strong>ORIGEM<\/strong>: China<br \/>\n<strong>TIPO DE FORNECIMENTO<\/strong>:Fazer sob encomenda<\/p>\n<h3>\ud83d\udd11 NOTAS IMPORTANTES<\/h3>\n<ol>\n<li>DADOS DO PRODUTO: As medidas s\u00e3o baseadas em amostras e podem variar de acordo com o lote.<\/li>\n<li><a href=\"https:\/\/lydenim.com\/pt\/contato\/\">Contato para Orde<\/a>r: Para consultas, op\u00e7\u00f5es de personaliza\u00e7\u00e3o ou pedidos em massa, sinta-se \u00e0 vontade para entrar em contato. Nossa equipe est\u00e1 comprometida em entregar tecidos de alta qualidade sob medida para suas necessidades.<\/li>\n<\/ol>\n<\/li>\n<\/ul>","protected":false},"excerpt":{"rendered":"<h3 data-start=\"394\" data-end=\"415\"><strong data-start=\"398\" data-end=\"408\">MODELO:<\/strong> 1091<\/h3>\n<h3 data-start=\"416\" data-end=\"470\"><strong data-start=\"420\" data-end=\"429\">TIPO:<\/strong> Tecido jeans jacquard com padr\u00e3o colorido<\/h3>\n<h3 data-start=\"471\" data-end=\"544\"><strong data-start=\"475\" data-end=\"488\">MATERIAL:<\/strong> Personaliz\u00e1vel (algod\u00e3o org\u00e2nico, poli\u00e9ster ecol\u00f3gico)<\/h3>\n<h3 data-start=\"545\" data-end=\"576\"><strong data-start=\"549\" data-end=\"559\">COR:<\/strong> Consulte a imagem<\/h3>\n<h3 data-start=\"578\" data-end=\"608\">\ud83e\uddf5 ESPECIFICA\u00c7\u00d5ES DO TECIDO<\/h3>\n<p data-start=\"609\" data-end=\"741\">T\u00c9CNICA: TECIDO<br data-start=\"624\" data-end=\"627\" \/>PESO: Personaliz\u00e1vel<br data-start=\"647\" data-end=\"650\" \/>N\u00daMERO DE FIOS: Ajust\u00e1vel<br data-start=\"672\" data-end=\"675\" \/>ESTILO: TECIDO JACQUARD<br data-start=\"696\" data-end=\"699\" \/>LARGURA: Determinada pelo Padr\u00e3o e Espessura<\/p>\n<h3 data-start=\"743\" data-end=\"765\">\ud83c\udfa8 ESTILO E USO<\/h3>\n<p data-start=\"766\" data-end=\"829\">USO: Moda, Acess\u00f3rios, Decora\u00e7\u00e3o para casa<br data-start=\"803\" data-end=\"806\" \/>APLIC\u00c1VEL A: Unissex<\/p>\n<h3 data-start=\"831\" data-end=\"859\">\ud83c\udf0d PRODU\u00c7\u00c3O E ORIGEM<\/h3>\n<p data-start=\"860\" data-end=\"904\">ORIGEM: China<br data-start=\"873\" data-end=\"876\" \/>TIPO DE FORNECIMENTO: FABRICA\u00c7\u00c3O SOB ENCOMENDA<\/p>\n<h3 data-start=\"906\" data-end=\"930\">\ud83d\udd11 NOTAS IMPORTANTES<\/h3>\n<p data-start=\"931\" data-end=\"997\" data-is-last-node=\"\">DADOS DO PRODUTO: As medidas s\u00e3o baseadas em amostras e podem variar de acordo com o lote.<\/p>","protected":false},"featured_media":3549,"template":"","meta":[],"product_brand":[],"product_cat":[20,41,48,42,49,50,43,38,45,46,39,47,40,35,30,33,44,37,34,58],"product_tag":[],"class_list":{"0":"post-3550","1":"product","2":"type-product","3":"status-publish","4":"has-post-thumbnail","6":"product_cat-cotton-woven-fabric","7":"product_cat-10s","8":"product_cat-10s-oe","9":"product_cat-12s","10":"product_cat-12s-oe","11":"product_cat-16s-oe","12":"product_cat-16s","13":"product_cat-6s","14":"product_cat-6s-oe","15":"product_cat-7s-oe","16":"product_cat-7s","17":"product_cat-8s-oe","18":"product_cat-8s","19":"product_cat-aesthetic-collection","20":"product_cat-cotton-polyster-spandex-denim-fabric","21":"product_cat-non-elastic","22":"product_cat-oe","23":"product_cat-siro","24":"product_cat-twill-fabric","25":"product_cat-ungrouped","27":"first","28":"instock","29":"shipping-taxable","30":"product-type-simple"},"aioseo_notices":[],"_links":{"self":[{"href":"https:\/\/lydenim.com\/pt\/wp-json\/wp\/v2\/product\/3550","targetHints":{"allow":["GET"]}}],"collection":[{"href":"https:\/\/lydenim.com\/pt\/wp-json\/wp\/v2\/product"}],"about":[{"href":"https:\/\/lydenim.com\/pt\/wp-json\/wp\/v2\/types\/product"}],"version-history":[{"count":1,"href":"https:\/\/lydenim.com\/pt\/wp-json\/wp\/v2\/product\/3550\/revisions"}],"predecessor-version":[{"id":3557,"href":"https:\/\/lydenim.com\/pt\/wp-json\/wp\/v2\/product\/3550\/revisions\/3557"}],"wp:featuredmedia":[{"embeddable":true,"href":"https:\/\/lydenim.com\/pt\/wp-json\/wp\/v2\/media\/3549"}],"wp:attachment":[{"href":"https:\/\/lydenim.com\/pt\/wp-json\/wp\/v2\/media?parent=3550"}],"wp:term":[{"taxonomy":"product_brand","embeddable":true,"href":"https:\/\/lydenim.com\/pt\/wp-json\/wp\/v2\/product_brand?post=3550"},{"taxonomy":"product_cat","embeddable":true,"href":"https:\/\/lydenim.com\/pt\/wp-json\/wp\/v2\/product_cat?post=3550"},{"taxonomy":"product_tag","embeddable":true,"href":"https:\/\/lydenim.com\/pt\/wp-json\/wp\/v2\/product_tag?post=3550"}],"curies":[{"name":"wp","href":"https:\/\/api.w.org\/{rel}","templated":true}]}}