{"id":3917,"date":"2025-03-09T16:24:45","date_gmt":"2025-03-09T08:24:45","guid":{"rendered":"https:\/\/lydenim.com\/?post_type=product&#038;p=3917"},"modified":"2025-03-09T16:28:15","modified_gmt":"2025-03-09T08:28:15","slug":"7s-4-1-woven-denim-fabric-4-colors","status":"publish","type":"product","link":"https:\/\/lydenim.com\/pt\/produto\/tecido-jeans-7s-4-1-4-cores\/","title":{"rendered":"Tecido jeans 7S 4\/1 \u2013 4 cores"},"content":{"rendered":"<h3 data-start=\"552\" data-end=\"581\"><strong data-start=\"556\" data-end=\"579\">\ud83c\udf0d Vis\u00e3o geral do produto<\/strong><\/h3>\n<ul data-start=\"582\" data-end=\"922\">\n<li data-start=\"582\" data-end=\"671\"><strong data-start=\"584\" data-end=\"601\">N\u00famero do modelo:<\/strong> 9086 Azul \/ 9086 Preto \/ 9086 Azul-Cinza \/ 8976 Preto Topo-Base Preta<\/li>\n<li data-start=\"672\" data-end=\"842\"><strong data-start=\"674\" data-end=\"699\">Composi\u00e7\u00e3o do material:<\/strong>\n<ul data-start=\"704\" data-end=\"842\">\n<li data-start=\"704\" data-end=\"769\"><strong data-start=\"706\" data-end=\"750\">9086 Azul \/ 9086 Preto \/ 9086 Azul-Cinza:<\/strong> C: 100% (Algod\u00e3o)<\/li>\n<li data-start=\"772\" data-end=\"842\"><strong data-start=\"774\" data-end=\"804\">8976 Topo Preto-Base Preta:<\/strong> C: 85% (Algod\u00e3o), T: 15% (Poli\u00e9ster)<\/li>\n<\/ul>\n<\/li>\n<li data-start=\"843\" data-end=\"922\"><strong data-start=\"845\" data-end=\"863\">Op\u00e7\u00f5es de cores:<\/strong> 4 op\u00e7\u00f5es \u2013 Azul, c\u00e1qui, azul-cinza, c\u00e1qui na parte superior e c\u00e1qui na base<\/li>\n<\/ul>\n<h3 data-start=\"924\" data-end=\"958\"><strong data-start=\"928\" data-end=\"956\">\ud83e\uddf5 Especifica\u00e7\u00f5es do tecido<\/strong><\/h3>\n<ul data-start=\"959\" data-end=\"1136\">\n<li data-start=\"959\" data-end=\"990\"><strong data-start=\"961\" data-end=\"970\">Tipo:<\/strong> 5 eixos Weave 4\/1<\/li>\n<li data-start=\"991\" data-end=\"1014\"><strong data-start=\"993\" data-end=\"1006\">T\u00e9cnicas:<\/strong> Tecido<\/li>\n<li data-start=\"1015\" data-end=\"1050\"><strong data-start=\"1017\" data-end=\"1027\">Largura:<\/strong> 180 cm (70,9 polegadas)<\/li>\n<li data-start=\"1051\" data-end=\"1080\"><strong data-start=\"1053\" data-end=\"1064\">Peso:<\/strong> Aprox. 375 g<\/li>\n<li data-start=\"1081\" data-end=\"1103\"><strong data-start=\"1083\" data-end=\"1098\">Contagem de fios:<\/strong> 7S<\/li>\n<li data-start=\"1104\" data-end=\"1136\"><strong data-start=\"1106\" data-end=\"1116\">Estilo:<\/strong> 5 eixos Weave 4\/1<\/li>\n<\/ul>\n<h3 data-start=\"1138\" data-end=\"1164\"><strong data-start=\"1142\" data-end=\"1162\">\ud83c\udfa8 Estilo e uso<\/strong><\/h3>\n<ul data-start=\"1165\" data-end=\"1274\">\n<li data-start=\"1165\" data-end=\"1232\"><strong data-start=\"1167\" data-end=\"1175\">Usar:<\/strong> Adequado para roupas, acess\u00f3rios e designs personalizados<\/li>\n<li data-start=\"1233\" data-end=\"1274\"><strong data-start=\"1235\" data-end=\"1253\">Aplic\u00e1vel a:<\/strong> Mulheres e Homens<\/li>\n<\/ul>\n<h3 data-start=\"1276\" data-end=\"1308\"><strong data-start=\"1280\" data-end=\"1306\">\ud83c\udf0d Produ\u00e7\u00e3o e Origem<\/strong><\/h3>\n<ul data-start=\"1309\" data-end=\"1374\">\n<li data-start=\"1309\" data-end=\"1339\"><strong data-start=\"1311\" data-end=\"1331\">Local de origem:<\/strong> China<\/li>\n<li data-start=\"1340\" data-end=\"1374\"><strong data-start=\"1342\" data-end=\"1358\">Tipo de fornecimento:<\/strong> Fa\u00e7a sob encomenda<\/li>\n<\/ul>\n<h3 data-start=\"1376\" data-end=\"1404\"><strong data-start=\"1380\" data-end=\"1402\">\ud83d\udd11 Notas importantes<\/strong><\/h3>\n<ul data-start=\"1405\" data-end=\"1489\">\n<li data-start=\"1405\" data-end=\"1489\"><strong data-start=\"1407\" data-end=\"1424\">Dados do produto:<\/strong> Os detalhes reais do produto podem variar dependendo do lote de produ\u00e7\u00e3o.<\/li>\n<\/ul>","protected":false},"excerpt":{"rendered":"<p data-start=\"0\" data-end=\"113\"><strong data-start=\"26\" data-end=\"43\">N\u00famero do modelo:<\/strong> 9086 Azul \/ 9086 Preto \/ 9086 Azul-Cinza \/ 8976 Preto Topo-Base Preta<\/p>\n<p data-start=\"115\" data-end=\"281\"><strong data-start=\"115\" data-end=\"140\">Composi\u00e7\u00e3o do material:<\/strong><br data-start=\"140\" data-end=\"143\" \/>\ud83d\udd39 <strong data-start=\"146\" data-end=\"190\">9086 Azul \/ 9086 Preto \/ 9086 Azul-Cinza:<\/strong> C: 100% (Algod\u00e3o)<br data-start=\"207\" data-end=\"210\" \/>\ud83d\udd39 <strong data-start=\"213\" data-end=\"243\">8976 Topo Preto-Base Preta:<\/strong> C: 85% (Algod\u00e3o), T: 15% (Poli\u00e9ster)<\/p>\n<p data-start=\"283\" data-end=\"365\"><strong data-start=\"283\" data-end=\"301\">Op\u00e7\u00f5es de cores:<\/strong><br data-start=\"301\" data-end=\"304\" \/>\ud83c\udfa8 4 op\u00e7\u00f5es \u2013 Azul, Preto, Azul-Cinza, Parte superior preta e Base preta<\/p>\n<p data-start=\"367\" data-end=\"563\">\ud83e\uddf5 <strong data-start=\"370\" data-end=\"395\">Especifica\u00e7\u00f5es do tecido<\/strong><br data-start=\"395\" data-end=\"398\" \/><strong data-start=\"398\" data-end=\"407\">Tipo:<\/strong> 5 eixos Weave 4\/1<br data-start=\"425\" data-end=\"428\" \/><strong data-start=\"428\" data-end=\"441\">T\u00e9cnicas:<\/strong> Tecido<br data-start=\"447\" data-end=\"450\" \/><strong data-start=\"450\" data-end=\"460\" data-is-only-node=\"\">Largura:<\/strong> 180 cm (70,9 polegadas)<br data-start=\"481\" data-end=\"484\" \/><strong data-start=\"484\" data-end=\"495\">Peso:<\/strong> Aprox. 375 g<br data-start=\"509\" data-end=\"512\" \/><strong data-start=\"512\" data-end=\"527\">Contagem de fios:<\/strong> 7S<br data-start=\"530\" data-end=\"533\" \/><strong data-start=\"533\" data-end=\"543\">Estilo:<\/strong> 5 eixos Weave 4\/1<\/p>\n<p data-start=\"565\" data-end=\"693\">\ud83c\udfa8 <strong data-start=\"568\" data-end=\"585\">Estilo e uso<\/strong><br data-start=\"585\" data-end=\"588\" \/><strong data-start=\"588\" data-end=\"596\">Usar:<\/strong> Adequado para roupas, acess\u00f3rios e designs personalizados<br data-start=\"651\" data-end=\"654\" \/><strong data-start=\"654\" data-end=\"672\">Aplic\u00e1vel a:<\/strong> Mulheres e Homens<\/p>\n<p data-start=\"695\" data-end=\"785\">\ud83c\udf0d <strong data-start=\"698\" data-end=\"721\">Produ\u00e7\u00e3o e Origem<\/strong><br data-start=\"721\" data-end=\"724\" \/><strong data-start=\"724\" data-end=\"744\">Local de origem:<\/strong> China<br data-start=\"750\" data-end=\"753\" \/><strong data-start=\"753\" data-end=\"769\">Tipo de fornecimento:<\/strong> Fa\u00e7a sob encomenda<\/p>\n<p data-start=\"787\" data-end=\"892\" data-is-last-node=\"\" data-is-only-node=\"\">\ud83d\udd11 <strong data-start=\"790\" data-end=\"809\">Notas importantes<\/strong><br data-start=\"809\" data-end=\"812\" \/><strong data-start=\"812\" data-end=\"829\">Dados do produto:<\/strong> Os detalhes reais do produto podem variar dependendo do lote de produ\u00e7\u00e3o.<\/p>","protected":false},"featured_media":3919,"template":"","meta":[],"product_brand":[],"product_cat":[53,39,20,30,34],"product_tag":[],"class_list":{"0":"post-3917","1":"product","2":"type-product","3":"status-publish","4":"has-post-thumbnail","6":"product_cat-7s-spuer-siro","7":"product_cat-7s","8":"product_cat-cotton-woven-fabric","9":"product_cat-cotton-polyster-spandex-denim-fabric","10":"product_cat-twill-fabric","12":"first","13":"instock","14":"shipping-taxable","15":"product-type-simple"},"aioseo_notices":[],"_links":{"self":[{"href":"https:\/\/lydenim.com\/pt\/wp-json\/wp\/v2\/product\/3917","targetHints":{"allow":["GET"]}}],"collection":[{"href":"https:\/\/lydenim.com\/pt\/wp-json\/wp\/v2\/product"}],"about":[{"href":"https:\/\/lydenim.com\/pt\/wp-json\/wp\/v2\/types\/product"}],"version-history":[{"count":3,"href":"https:\/\/lydenim.com\/pt\/wp-json\/wp\/v2\/product\/3917\/revisions"}],"predecessor-version":[{"id":3931,"href":"https:\/\/lydenim.com\/pt\/wp-json\/wp\/v2\/product\/3917\/revisions\/3931"}],"wp:featuredmedia":[{"embeddable":true,"href":"https:\/\/lydenim.com\/pt\/wp-json\/wp\/v2\/media\/3919"}],"wp:attachment":[{"href":"https:\/\/lydenim.com\/pt\/wp-json\/wp\/v2\/media?parent=3917"}],"wp:term":[{"taxonomy":"product_brand","embeddable":true,"href":"https:\/\/lydenim.com\/pt\/wp-json\/wp\/v2\/product_brand?post=3917"},{"taxonomy":"product_cat","embeddable":true,"href":"https:\/\/lydenim.com\/pt\/wp-json\/wp\/v2\/product_cat?post=3917"},{"taxonomy":"product_tag","embeddable":true,"href":"https:\/\/lydenim.com\/pt\/wp-json\/wp\/v2\/product_tag?post=3917"}],"curies":[{"name":"wp","href":"https:\/\/api.w.org\/{rel}","templated":true}]}}