{"id":3958,"date":"2025-03-09T17:31:38","date_gmt":"2025-03-09T09:31:38","guid":{"rendered":"https:\/\/lydenim.com\/?post_type=product&#038;p=3958"},"modified":"2025-03-09T17:37:33","modified_gmt":"2025-03-09T09:37:33","slug":"634635-32s-plain-weave-denim-fabric","status":"publish","type":"product","link":"https:\/\/lydenim.com\/pt\/produto\/634635-tecido-jeans-de-trama-simples-32s\/","title":{"rendered":"32S 634#635#PTecido jeans de trama lisa"},"content":{"rendered":"<h3 data-start=\"474\" data-end=\"503\"><strong data-start=\"478\" data-end=\"501\">\ud83c\udf0d Vis\u00e3o geral do produto<\/strong><\/h3>\n<ul data-start=\"504\" data-end=\"615\">\n<li data-start=\"504\" data-end=\"546\"><strong data-start=\"506\" data-end=\"523\">N\u00famero do modelo:<\/strong> 635 Azul \/ 634 Preto<\/li>\n<li data-start=\"547\" data-end=\"588\"><strong data-start=\"549\" data-end=\"574\">Composi\u00e7\u00e3o do material:<\/strong> 100% Algod\u00e3o<\/li>\n<li data-start=\"589\" data-end=\"615\"><strong data-start=\"591\" data-end=\"601\">Cor:<\/strong> Azul, Preto<\/li>\n<\/ul>\n<h3 data-start=\"617\" data-end=\"651\"><strong data-start=\"621\" data-end=\"649\">\ud83e\uddf5 Especifica\u00e7\u00f5es do tecido<\/strong><\/h3>\n<ul data-start=\"652\" data-end=\"838\">\n<li data-start=\"652\" data-end=\"682\"><strong data-start=\"654\" data-end=\"663\">Tipo:<\/strong> Tecido jeans 32S<\/li>\n<li data-start=\"683\" data-end=\"706\"><strong data-start=\"685\" data-end=\"698\">T\u00e9cnicas:<\/strong> Tecido<\/li>\n<li data-start=\"707\" data-end=\"742\"><strong data-start=\"709\" data-end=\"719\">Largura:<\/strong> 170 cm (66,9 polegadas)<\/li>\n<li data-start=\"743\" data-end=\"787\"><strong data-start=\"745\" data-end=\"756\">Peso:<\/strong> Aprox. 180g (Aprox. 6,3oz)<\/li>\n<li data-start=\"788\" data-end=\"811\"><strong data-start=\"790\" data-end=\"805\">Contagem de fios:<\/strong> 32S<\/li>\n<li data-start=\"812\" data-end=\"838\"><strong data-start=\"814\" data-end=\"824\">Estilo:<\/strong> Ponto de tafet\u00e1<\/li>\n<\/ul>\n<h3 data-start=\"840\" data-end=\"866\"><strong data-start=\"844\" data-end=\"864\">\ud83c\udfa8 Estilo e uso<\/strong><\/h3>\n<ul data-start=\"867\" data-end=\"976\">\n<li data-start=\"867\" data-end=\"934\"><strong data-start=\"869\" data-end=\"877\">Usar:<\/strong> Adequado para roupas, acess\u00f3rios e designs personalizados<\/li>\n<li data-start=\"935\" data-end=\"976\"><strong data-start=\"937\" data-end=\"955\">Aplic\u00e1vel a:<\/strong> Homens e mulheres<\/li>\n<\/ul>\n<h3 data-start=\"978\" data-end=\"1010\"><strong data-start=\"982\" data-end=\"1008\">\ud83c\udf0d Produ\u00e7\u00e3o e Origem<\/strong><\/h3>\n<ul data-start=\"1011\" data-end=\"1076\">\n<li data-start=\"1011\" data-end=\"1041\"><strong data-start=\"1013\" data-end=\"1033\">Local de origem:<\/strong> China<\/li>\n<li data-start=\"1042\" data-end=\"1076\"><strong data-start=\"1044\" data-end=\"1060\">Tipo de fornecimento:<\/strong> Fa\u00e7a sob encomenda<\/li>\n<\/ul>\n<h3 data-start=\"1078\" data-end=\"1106\"><strong data-start=\"1082\" data-end=\"1104\">\ud83d\udd11 Notas importantes<\/strong><\/h3>\n<ul data-start=\"1107\" data-end=\"1198\">\n<li data-start=\"1107\" data-end=\"1198\"><strong data-start=\"1109\" data-end=\"1126\">Dados do produto:<\/strong> As especifica\u00e7\u00f5es reais do produto podem variar dependendo do lote de produ\u00e7\u00e3o.<\/li>\n<\/ul>","protected":false},"excerpt":{"rendered":"<h3 data-start=\"474\" data-end=\"503\"><strong data-start=\"478\" data-end=\"501\">\ud83c\udf0d Vis\u00e3o geral do produto<\/strong><\/h3>\n<ul data-start=\"504\" data-end=\"615\">\n<li data-start=\"504\" data-end=\"546\"><strong data-start=\"506\" data-end=\"523\">N\u00famero do modelo:<\/strong> 635 Azul \/ 634 Preto<\/li>\n<li data-start=\"547\" data-end=\"588\"><strong data-start=\"549\" data-end=\"574\">Composi\u00e7\u00e3o do material:<\/strong> 100% Algod\u00e3o<\/li>\n<li data-start=\"589\" data-end=\"615\"><strong data-start=\"591\" data-end=\"601\">Cor:<\/strong> Azul, Preto<\/li>\n<\/ul>\n<h3 data-start=\"617\" data-end=\"651\"><strong data-start=\"621\" data-end=\"649\">\ud83e\uddf5 Especifica\u00e7\u00f5es do tecido<\/strong><\/h3>\n<ul data-start=\"652\" data-end=\"838\">\n<li data-start=\"652\" data-end=\"682\"><strong data-start=\"654\" data-end=\"663\">Tipo:<\/strong> Tecido jeans 32S<\/li>\n<li data-start=\"683\" data-end=\"706\"><strong data-start=\"685\" data-end=\"698\">T\u00e9cnicas:<\/strong> Tecido<\/li>\n<li data-start=\"707\" data-end=\"742\"><strong data-start=\"709\" data-end=\"719\">Largura:<\/strong> 170 cm (66,9 polegadas)<\/li>\n<li data-start=\"743\" data-end=\"787\"><strong data-start=\"745\" data-end=\"756\">Peso:<\/strong> Aprox. 180g (Aprox. 6,3oz)<\/li>\n<li data-start=\"788\" data-end=\"811\"><strong data-start=\"790\" data-end=\"805\">Contagem de fios:<\/strong> 32S<\/li>\n<li data-start=\"812\" data-end=\"838\"><strong data-start=\"814\" data-end=\"824\">Estilo:<\/strong> Ponto de tafet\u00e1<\/li>\n<\/ul>\n<h3 data-start=\"840\" data-end=\"866\"><strong data-start=\"844\" data-end=\"864\">\ud83c\udfa8 Estilo e uso<\/strong><\/h3>\n<ul data-start=\"867\" data-end=\"976\">\n<li data-start=\"867\" data-end=\"934\"><strong data-start=\"869\" data-end=\"877\">Usar:<\/strong> Adequado para roupas, acess\u00f3rios e designs personalizados<\/li>\n<li data-start=\"935\" data-end=\"976\"><strong data-start=\"937\" data-end=\"955\">Aplic\u00e1vel a:<\/strong> Homens e mulheres<\/li>\n<\/ul>\n<h3 data-start=\"978\" data-end=\"1010\"><strong data-start=\"982\" data-end=\"1008\">\ud83c\udf0d Produ\u00e7\u00e3o e Origem<\/strong><\/h3>\n<ul data-start=\"1011\" data-end=\"1076\">\n<li data-start=\"1011\" data-end=\"1041\"><strong data-start=\"1013\" data-end=\"1033\">Local de origem:<\/strong> China<\/li>\n<li data-start=\"1042\" data-end=\"1076\"><strong data-start=\"1044\" data-end=\"1060\">Tipo de fornecimento:<\/strong> Fa\u00e7a sob encomenda<\/li>\n<\/ul>\n<h3 data-start=\"1078\" data-end=\"1106\"><strong data-start=\"1082\" data-end=\"1104\">\ud83d\udd11 Notas importantes<\/strong><\/h3>\n<ul data-start=\"1107\" data-end=\"1198\">\n<li data-start=\"1107\" data-end=\"1198\"><strong data-start=\"1109\" data-end=\"1126\">Dados do produto:<\/strong> As especifica\u00e7\u00f5es reais do produto podem variar dependendo do lote de produ\u00e7\u00e3o.<\/li>\n<\/ul>","protected":false},"featured_media":3962,"template":"","meta":[],"product_brand":[],"product_cat":[20,33,44,37,51,34],"product_tag":[],"class_list":{"0":"post-3958","1":"product","2":"type-product","3":"status-publish","4":"has-post-thumbnail","6":"product_cat-cotton-woven-fabric","7":"product_cat-non-elastic","8":"product_cat-oe","9":"product_cat-siro","10":"product_cat-spuer-siro","11":"product_cat-twill-fabric","13":"first","14":"instock","15":"shipping-taxable","16":"product-type-simple"},"aioseo_notices":[],"_links":{"self":[{"href":"https:\/\/lydenim.com\/pt\/wp-json\/wp\/v2\/product\/3958","targetHints":{"allow":["GET"]}}],"collection":[{"href":"https:\/\/lydenim.com\/pt\/wp-json\/wp\/v2\/product"}],"about":[{"href":"https:\/\/lydenim.com\/pt\/wp-json\/wp\/v2\/types\/product"}],"version-history":[{"count":1,"href":"https:\/\/lydenim.com\/pt\/wp-json\/wp\/v2\/product\/3958\/revisions"}],"predecessor-version":[{"id":3965,"href":"https:\/\/lydenim.com\/pt\/wp-json\/wp\/v2\/product\/3958\/revisions\/3965"}],"wp:featuredmedia":[{"embeddable":true,"href":"https:\/\/lydenim.com\/pt\/wp-json\/wp\/v2\/media\/3962"}],"wp:attachment":[{"href":"https:\/\/lydenim.com\/pt\/wp-json\/wp\/v2\/media?parent=3958"}],"wp:term":[{"taxonomy":"product_brand","embeddable":true,"href":"https:\/\/lydenim.com\/pt\/wp-json\/wp\/v2\/product_brand?post=3958"},{"taxonomy":"product_cat","embeddable":true,"href":"https:\/\/lydenim.com\/pt\/wp-json\/wp\/v2\/product_cat?post=3958"},{"taxonomy":"product_tag","embeddable":true,"href":"https:\/\/lydenim.com\/pt\/wp-json\/wp\/v2\/product_tag?post=3958"}],"curies":[{"name":"wp","href":"https:\/\/api.w.org\/{rel}","templated":true}]}}