{"id":4002,"date":"2025-03-11T11:56:29","date_gmt":"2025-03-11T03:56:29","guid":{"rendered":"https:\/\/lydenim.com\/?post_type=product&#038;p=4002"},"modified":"2025-03-11T12:02:42","modified_gmt":"2025-03-11T04:02:42","slug":"10s-non-fading-black-denim-2165-21-durable-slub-texture-fabric","status":"publish","type":"product","link":"https:\/\/lydenim.com\/pt\/produto\/10s-denim-preto-antidesbotamento-2165-21-tecido-com-textura-slub-duravel\/","title":{"rendered":"10S Denim Preto Antidesbotante 2165-21 \u2013 Tecido com Textura Slub Dur\u00e1vel"},"content":{"rendered":"<h3 data-start=\"513\" data-end=\"542\"><strong data-start=\"517\" data-end=\"540\">\ud83c\udf0d Vis\u00e3o geral do produto<\/strong><\/h3>\n<ul data-start=\"543\" data-end=\"680\">\n<li data-start=\"543\" data-end=\"591\"><strong data-start=\"545\" data-end=\"562\">N\u00famero do modelo:<\/strong> 2165-21 Preto (N\u00e3o Desbota)<\/li>\n<li data-start=\"592\" data-end=\"659\"><strong data-start=\"594\" data-end=\"619\">Composi\u00e7\u00e3o do material:<\/strong> 81% Algod\u00e3o, 16% Poli\u00e9ster, 3% Viscose<\/li>\n<li data-start=\"660\" data-end=\"680\"><strong data-start=\"662\" data-end=\"672\">Cor:<\/strong> Preto<\/li>\n<\/ul>\n<h3 data-start=\"682\" data-end=\"716\"><strong data-start=\"686\" data-end=\"714\">\ud83e\uddf5 Especifica\u00e7\u00f5es do tecido<\/strong><\/h3>\n<ul data-start=\"717\" data-end=\"904\">\n<li data-start=\"717\" data-end=\"747\"><strong data-start=\"719\" data-end=\"728\">Tipo:<\/strong> Tecido jeans 10S<\/li>\n<li data-start=\"748\" data-end=\"771\"><strong data-start=\"750\" data-end=\"763\">T\u00e9cnicas:<\/strong> Tecido<\/li>\n<li data-start=\"772\" data-end=\"807\"><strong data-start=\"774\" data-end=\"784\">Largura:<\/strong> 180 cm (70,9 polegadas)<\/li>\n<li data-start=\"808\" data-end=\"852\"><strong data-start=\"810\" data-end=\"821\">Peso:<\/strong> Aproximadamente 9,8 oz (aprox. 278 g)<\/li>\n<li data-start=\"853\" data-end=\"876\"><strong data-start=\"855\" data-end=\"870\">Contagem de fios:<\/strong> 10S<\/li>\n<li data-start=\"877\" data-end=\"904\"><strong data-start=\"879\" data-end=\"889\">Estilo:<\/strong> Textura Slub<\/li>\n<\/ul>\n<h3 data-start=\"906\" data-end=\"932\"><strong data-start=\"910\" data-end=\"930\">\ud83c\udfa8 Estilo e uso<\/strong><\/h3>\n<ul data-start=\"933\" data-end=\"1042\">\n<li data-start=\"933\" data-end=\"1000\"><strong data-start=\"935\" data-end=\"943\">Usar:<\/strong> Adequado para roupas, acess\u00f3rios e designs personalizados<\/li>\n<li data-start=\"1001\" data-end=\"1042\"><strong data-start=\"1003\" data-end=\"1021\">Aplic\u00e1vel a:<\/strong> Homens e mulheres<\/li>\n<\/ul>\n<h3 data-start=\"1044\" data-end=\"1076\"><strong data-start=\"1048\" data-end=\"1074\">\ud83c\udf0d Produ\u00e7\u00e3o e Origem<\/strong><\/h3>\n<ul data-start=\"1077\" data-end=\"1142\">\n<li data-start=\"1077\" data-end=\"1107\"><strong data-start=\"1079\" data-end=\"1099\">Local de origem:<\/strong> China<\/li>\n<li data-start=\"1108\" data-end=\"1142\"><strong data-start=\"1110\" data-end=\"1126\">Tipo de fornecimento:<\/strong> Fa\u00e7a sob encomenda<\/li>\n<\/ul>\n<h3 data-start=\"1144\" data-end=\"1172\"><strong data-start=\"1148\" data-end=\"1170\">\ud83d\udd11 Notas importantes<\/strong><\/h3>\n<ul data-start=\"1173\" data-end=\"1264\">\n<li data-start=\"1173\" data-end=\"1264\"><strong data-start=\"1175\" data-end=\"1192\">Dados do produto:<\/strong> As especifica\u00e7\u00f5es reais do produto podem variar dependendo do lote de produ\u00e7\u00e3o.<\/li>\n<\/ul>\n<hr data-start=\"1266\" data-end=\"1269\" \/>\n<h3 data-start=\"1271\" data-end=\"1300\"><\/h3>","protected":false},"excerpt":{"rendered":"<h3 data-start=\"513\" data-end=\"542\"><strong data-start=\"517\" data-end=\"540\">\ud83c\udf0d Vis\u00e3o geral do produto<\/strong><\/h3>\n<ul data-start=\"543\" data-end=\"680\">\n<li data-start=\"543\" data-end=\"591\"><strong data-start=\"545\" data-end=\"562\">N\u00famero do modelo:<\/strong> 2165-21 Preto (N\u00e3o Desbota)<\/li>\n<li data-start=\"592\" data-end=\"659\"><strong data-start=\"594\" data-end=\"619\">Composi\u00e7\u00e3o do material:<\/strong> 81% Algod\u00e3o, 16% Poli\u00e9ster, 3% Viscose<\/li>\n<li data-start=\"660\" data-end=\"680\"><strong data-start=\"662\" data-end=\"672\">Cor:<\/strong> Preto<\/li>\n<\/ul>\n<h3 data-start=\"682\" data-end=\"716\"><strong data-start=\"686\" data-end=\"714\">\ud83e\uddf5 Especifica\u00e7\u00f5es do tecido<\/strong><\/h3>\n<ul data-start=\"717\" data-end=\"904\">\n<li data-start=\"717\" data-end=\"747\"><strong data-start=\"719\" data-end=\"728\">Tipo:<\/strong> Tecido jeans 10S<\/li>\n<li data-start=\"748\" data-end=\"771\"><strong data-start=\"750\" data-end=\"763\">T\u00e9cnicas:<\/strong> Tecido<\/li>\n<li data-start=\"772\" data-end=\"807\"><strong data-start=\"774\" data-end=\"784\">Largura:<\/strong> 180 cm (70,9 polegadas)<\/li>\n<li data-start=\"808\" data-end=\"852\"><strong data-start=\"810\" data-end=\"821\">Peso:<\/strong> Aproximadamente 9,8 oz (aprox. 278 g)<\/li>\n<li data-start=\"853\" data-end=\"876\"><strong data-start=\"855\" data-end=\"870\">Contagem de fios:<\/strong> 10S<\/li>\n<li data-start=\"877\" data-end=\"904\"><strong data-start=\"879\" data-end=\"889\">Estilo:<\/strong> Textura Slub<\/li>\n<\/ul>\n<h3 data-start=\"906\" data-end=\"932\"><strong data-start=\"910\" data-end=\"930\">\ud83c\udfa8 Estilo e uso<\/strong><\/h3>\n<ul data-start=\"933\" data-end=\"1042\">\n<li data-start=\"933\" data-end=\"1000\"><strong data-start=\"935\" data-end=\"943\">Usar:<\/strong> Adequado para roupas, acess\u00f3rios e designs personalizados<\/li>\n<li data-start=\"1001\" data-end=\"1042\"><strong data-start=\"1003\" data-end=\"1021\">Aplic\u00e1vel a:<\/strong> Homens e mulheres<\/li>\n<\/ul>\n<h3 data-start=\"1044\" data-end=\"1076\"><strong data-start=\"1048\" data-end=\"1074\">\ud83c\udf0d Produ\u00e7\u00e3o e Origem<\/strong><\/h3>\n<ul data-start=\"1077\" data-end=\"1142\">\n<li data-start=\"1077\" data-end=\"1107\"><strong data-start=\"1079\" data-end=\"1099\">Local de origem:<\/strong> China<\/li>\n<li data-start=\"1108\" data-end=\"1142\"><strong data-start=\"1110\" data-end=\"1126\">Tipo de fornecimento:<\/strong> Fa\u00e7a sob encomenda<\/li>\n<\/ul>\n<h3 data-start=\"1144\" data-end=\"1172\"><strong data-start=\"1148\" data-end=\"1170\">\ud83d\udd11 Notas importantes<\/strong><\/h3>\n<ul data-start=\"1173\" data-end=\"1264\">\n<li data-start=\"1173\" data-end=\"1264\"><strong data-start=\"1175\" data-end=\"1192\">Dados do produto:<\/strong> As especifica\u00e7\u00f5es reais do produto podem variar dependendo do lote de produ\u00e7\u00e3o.<\/li>\n<\/ul>\n<hr data-start=\"1266\" data-end=\"1269\" \/>\n<h3 data-start=\"1271\" data-end=\"1300\"><\/h3>","protected":false},"featured_media":4003,"template":"","meta":[],"product_brand":[],"product_cat":[41,55,20,30,33,37,51],"product_tag":[],"class_list":{"0":"post-4002","1":"product","2":"type-product","3":"status-publish","4":"has-post-thumbnail","6":"product_cat-10s","7":"product_cat-10s-spuer-siro","8":"product_cat-cotton-woven-fabric","9":"product_cat-cotton-polyster-spandex-denim-fabric","10":"product_cat-non-elastic","11":"product_cat-siro","12":"product_cat-spuer-siro","14":"first","15":"instock","16":"shipping-taxable","17":"product-type-simple"},"aioseo_notices":[],"_links":{"self":[{"href":"https:\/\/lydenim.com\/pt\/wp-json\/wp\/v2\/product\/4002","targetHints":{"allow":["GET"]}}],"collection":[{"href":"https:\/\/lydenim.com\/pt\/wp-json\/wp\/v2\/product"}],"about":[{"href":"https:\/\/lydenim.com\/pt\/wp-json\/wp\/v2\/types\/product"}],"version-history":[{"count":2,"href":"https:\/\/lydenim.com\/pt\/wp-json\/wp\/v2\/product\/4002\/revisions"}],"predecessor-version":[{"id":4008,"href":"https:\/\/lydenim.com\/pt\/wp-json\/wp\/v2\/product\/4002\/revisions\/4008"}],"wp:featuredmedia":[{"embeddable":true,"href":"https:\/\/lydenim.com\/pt\/wp-json\/wp\/v2\/media\/4003"}],"wp:attachment":[{"href":"https:\/\/lydenim.com\/pt\/wp-json\/wp\/v2\/media?parent=4002"}],"wp:term":[{"taxonomy":"product_brand","embeddable":true,"href":"https:\/\/lydenim.com\/pt\/wp-json\/wp\/v2\/product_brand?post=4002"},{"taxonomy":"product_cat","embeddable":true,"href":"https:\/\/lydenim.com\/pt\/wp-json\/wp\/v2\/product_cat?post=4002"},{"taxonomy":"product_tag","embeddable":true,"href":"https:\/\/lydenim.com\/pt\/wp-json\/wp\/v2\/product_tag?post=4002"}],"curies":[{"name":"wp","href":"https:\/\/api.w.org\/{rel}","templated":true}]}}