{"id":4009,"date":"2025-03-11T12:04:43","date_gmt":"2025-03-11T04:04:43","guid":{"rendered":"https:\/\/lydenim.com\/?post_type=product&#038;p=4009"},"modified":"2025-03-11T12:08:57","modified_gmt":"2025-03-11T04:08:57","slug":"10s-non-fading-blue-denim-2202-21-durable-slub-texture-fabric","status":"publish","type":"product","link":"https:\/\/lydenim.com\/pt\/produto\/10s-denim-azul-nao-desbota-2202-21-tecido-com-textura-slub-duravel\/","title":{"rendered":"10S Denim Azul Antidesbotante 2202-21 \u2013 Tecido com Textura Slub Dur\u00e1vel"},"content":{"rendered":"<h3 data-start=\"517\" data-end=\"546\"><strong data-start=\"521\" data-end=\"544\">\ud83c\udf0d Vis\u00e3o geral do produto<\/strong><\/h3>\n<ul data-start=\"547\" data-end=\"682\">\n<li data-start=\"547\" data-end=\"594\"><strong data-start=\"549\" data-end=\"566\">N\u00famero do modelo:<\/strong> 2202-21 Azul (N\u00e3o Desbota)<\/li>\n<li data-start=\"595\" data-end=\"662\"><strong data-start=\"597\" data-end=\"622\">Composi\u00e7\u00e3o do material:<\/strong> 81% Algod\u00e3o, 16% Poli\u00e9ster, 3% Viscose<\/li>\n<li data-start=\"663\" data-end=\"682\"><strong data-start=\"665\" data-end=\"675\">Cor:<\/strong> Azul<\/li>\n<\/ul>\n<h3 data-start=\"684\" data-end=\"718\"><strong data-start=\"688\" data-end=\"716\">\ud83e\uddf5 Especifica\u00e7\u00f5es do tecido<\/strong><\/h3>\n<ul data-start=\"719\" data-end=\"906\">\n<li data-start=\"719\" data-end=\"749\"><strong data-start=\"721\" data-end=\"730\">Tipo:<\/strong> Tecido jeans 10S<\/li>\n<li data-start=\"750\" data-end=\"773\"><strong data-start=\"752\" data-end=\"765\">T\u00e9cnicas:<\/strong> Tecido<\/li>\n<li data-start=\"774\" data-end=\"809\"><strong data-start=\"776\" data-end=\"786\">Largura:<\/strong> 180 cm (70,9 polegadas)<\/li>\n<li data-start=\"810\" data-end=\"854\"><strong data-start=\"812\" data-end=\"823\">Peso:<\/strong> Aproximadamente 9,8 oz (aprox. 332 g)<\/li>\n<li data-start=\"855\" data-end=\"878\"><strong data-start=\"857\" data-end=\"872\">Contagem de fios:<\/strong> 10S<\/li>\n<li data-start=\"879\" data-end=\"906\"><strong data-start=\"881\" data-end=\"891\">Estilo:<\/strong> Textura Slub<\/li>\n<\/ul>\n<h3 data-start=\"908\" data-end=\"934\"><strong data-start=\"912\" data-end=\"932\">\ud83c\udfa8 Estilo e uso<\/strong><\/h3>\n<ul data-start=\"935\" data-end=\"1044\">\n<li data-start=\"935\" data-end=\"1002\"><strong data-start=\"937\" data-end=\"945\">Usar:<\/strong> Adequado para roupas, acess\u00f3rios e designs personalizados<\/li>\n<li data-start=\"1003\" data-end=\"1044\"><strong data-start=\"1005\" data-end=\"1023\">Aplic\u00e1vel a:<\/strong> Homens e mulheres<\/li>\n<\/ul>\n<h3 data-start=\"1046\" data-end=\"1078\"><strong data-start=\"1050\" data-end=\"1076\">\ud83c\udf0d Produ\u00e7\u00e3o e Origem<\/strong><\/h3>\n<ul data-start=\"1079\" data-end=\"1144\">\n<li data-start=\"1079\" data-end=\"1109\"><strong data-start=\"1081\" data-end=\"1101\">Local de origem:<\/strong> China<\/li>\n<li data-start=\"1110\" data-end=\"1144\"><strong data-start=\"1112\" data-end=\"1128\">Tipo de fornecimento:<\/strong> Fa\u00e7a sob encomenda<\/li>\n<\/ul>\n<h3 data-start=\"1146\" data-end=\"1174\"><strong data-start=\"1150\" data-end=\"1172\">\ud83d\udd11 Notas importantes<\/strong><\/h3>\n<ul data-start=\"1175\" data-end=\"1266\">\n<li data-start=\"1175\" data-end=\"1266\"><strong data-start=\"1177\" data-end=\"1194\">Dados do produto:<\/strong> As especifica\u00e7\u00f5es reais do produto podem variar dependendo do lote de produ\u00e7\u00e3o.<\/li>\n<\/ul>","protected":false},"excerpt":{"rendered":"<h3 data-start=\"517\" data-end=\"546\"><strong data-start=\"521\" data-end=\"544\">\ud83c\udf0d Vis\u00e3o geral do produto<\/strong><\/h3>\n<ul data-start=\"547\" data-end=\"682\">\n<li data-start=\"547\" data-end=\"594\"><strong data-start=\"549\" data-end=\"566\">N\u00famero do modelo:<\/strong> 2202-21 Azul (N\u00e3o Desbota)<\/li>\n<li data-start=\"595\" data-end=\"662\"><strong data-start=\"597\" data-end=\"622\">Composi\u00e7\u00e3o do material:<\/strong> 81% Algod\u00e3o, 16% Poli\u00e9ster, 3% Viscose<\/li>\n<li data-start=\"663\" data-end=\"682\"><strong data-start=\"665\" data-end=\"675\">Cor:<\/strong> Azul<\/li>\n<\/ul>\n<h3 data-start=\"684\" data-end=\"718\"><strong data-start=\"688\" data-end=\"716\">\ud83e\uddf5 Especifica\u00e7\u00f5es do tecido<\/strong><\/h3>\n<ul data-start=\"719\" data-end=\"906\">\n<li data-start=\"719\" data-end=\"749\"><strong data-start=\"721\" data-end=\"730\">Tipo:<\/strong> Tecido jeans 10S<\/li>\n<li data-start=\"750\" data-end=\"773\"><strong data-start=\"752\" data-end=\"765\">T\u00e9cnicas:<\/strong> Tecido<\/li>\n<li data-start=\"774\" data-end=\"809\"><strong data-start=\"776\" data-end=\"786\">Largura:<\/strong> 180 cm (70,9 polegadas)<\/li>\n<li data-start=\"810\" data-end=\"854\"><strong data-start=\"812\" data-end=\"823\">Peso:<\/strong> Aproximadamente 9,8 oz (aprox. 332 g)<\/li>\n<li data-start=\"855\" data-end=\"878\"><strong data-start=\"857\" data-end=\"872\">Contagem de fios:<\/strong> 10S<\/li>\n<li data-start=\"879\" data-end=\"906\"><strong data-start=\"881\" data-end=\"891\">Estilo:<\/strong> Textura Slub<\/li>\n<\/ul>\n<h3 data-start=\"908\" data-end=\"934\"><strong data-start=\"912\" data-end=\"932\">\ud83c\udfa8 Estilo e uso<\/strong><\/h3>\n<ul data-start=\"935\" data-end=\"1044\">\n<li data-start=\"935\" data-end=\"1002\"><strong data-start=\"937\" data-end=\"945\">Usar:<\/strong> Adequado para roupas, acess\u00f3rios e designs personalizados<\/li>\n<li data-start=\"1003\" data-end=\"1044\"><strong data-start=\"1005\" data-end=\"1023\">Aplic\u00e1vel a:<\/strong> Homens e mulheres<\/li>\n<\/ul>\n<h3 data-start=\"1046\" data-end=\"1078\"><strong data-start=\"1050\" data-end=\"1076\">\ud83c\udf0d Produ\u00e7\u00e3o e Origem<\/strong><\/h3>\n<ul data-start=\"1079\" data-end=\"1144\">\n<li data-start=\"1079\" data-end=\"1109\"><strong data-start=\"1081\" data-end=\"1101\">Local de origem:<\/strong> China<\/li>\n<li data-start=\"1110\" data-end=\"1144\"><strong data-start=\"1112\" data-end=\"1128\">Tipo de fornecimento:<\/strong> Fa\u00e7a sob encomenda<\/li>\n<\/ul>\n<h3 data-start=\"1146\" data-end=\"1174\"><strong data-start=\"1150\" data-end=\"1172\">\ud83d\udd11 Notas importantes<\/strong><\/h3>\n<ul data-start=\"1175\" data-end=\"1266\">\n<li data-start=\"1175\" data-end=\"1266\"><strong data-start=\"1177\" data-end=\"1194\">Dados do produto:<\/strong> As especifica\u00e7\u00f5es reais do produto podem variar dependendo do lote de produ\u00e7\u00e3o.<\/li>\n<\/ul>","protected":false},"featured_media":4010,"template":"","meta":[],"product_brand":[],"product_cat":[41,55,20,30,33,37,51],"product_tag":[],"class_list":{"0":"post-4009","1":"product","2":"type-product","3":"status-publish","4":"has-post-thumbnail","6":"product_cat-10s","7":"product_cat-10s-spuer-siro","8":"product_cat-cotton-woven-fabric","9":"product_cat-cotton-polyster-spandex-denim-fabric","10":"product_cat-non-elastic","11":"product_cat-siro","12":"product_cat-spuer-siro","14":"first","15":"instock","16":"shipping-taxable","17":"product-type-simple"},"aioseo_notices":[],"_links":{"self":[{"href":"https:\/\/lydenim.com\/pt\/wp-json\/wp\/v2\/product\/4009","targetHints":{"allow":["GET"]}}],"collection":[{"href":"https:\/\/lydenim.com\/pt\/wp-json\/wp\/v2\/product"}],"about":[{"href":"https:\/\/lydenim.com\/pt\/wp-json\/wp\/v2\/types\/product"}],"version-history":[{"count":1,"href":"https:\/\/lydenim.com\/pt\/wp-json\/wp\/v2\/product\/4009\/revisions"}],"predecessor-version":[{"id":4015,"href":"https:\/\/lydenim.com\/pt\/wp-json\/wp\/v2\/product\/4009\/revisions\/4015"}],"wp:featuredmedia":[{"embeddable":true,"href":"https:\/\/lydenim.com\/pt\/wp-json\/wp\/v2\/media\/4010"}],"wp:attachment":[{"href":"https:\/\/lydenim.com\/pt\/wp-json\/wp\/v2\/media?parent=4009"}],"wp:term":[{"taxonomy":"product_brand","embeddable":true,"href":"https:\/\/lydenim.com\/pt\/wp-json\/wp\/v2\/product_brand?post=4009"},{"taxonomy":"product_cat","embeddable":true,"href":"https:\/\/lydenim.com\/pt\/wp-json\/wp\/v2\/product_cat?post=4009"},{"taxonomy":"product_tag","embeddable":true,"href":"https:\/\/lydenim.com\/pt\/wp-json\/wp\/v2\/product_tag?post=4009"}],"curies":[{"name":"wp","href":"https:\/\/api.w.org\/{rel}","templated":true}]}}