{"id":4023,"date":"2025-03-11T12:25:40","date_gmt":"2025-03-11T04:25:40","guid":{"rendered":"https:\/\/lydenim.com\/?post_type=product&#038;p=4023"},"modified":"2025-03-11T12:29:22","modified_gmt":"2025-03-11T04:29:22","slug":"7s-slub-8144-denim-non-fading-blue-fabric-for-garments","status":"publish","type":"product","link":"https:\/\/lydenim.com\/pt\/produto\/tecido-jeans-azul-antidesbotamento-7s-slub-8144-para-roupas\/","title":{"rendered":"7S Slub 8144 Denim \u2013 Tecido azul que n\u00e3o desbota para roupas"},"content":{"rendered":"<h3 data-start=\"499\" data-end=\"528\"><strong data-start=\"503\" data-end=\"526\">\ud83c\udf0d Vis\u00e3o geral do produto<\/strong><\/h3>\n<ul data-start=\"529\" data-end=\"661\">\n<li data-start=\"529\" data-end=\"573\"><strong data-start=\"531\" data-end=\"548\">N\u00famero do modelo:<\/strong> 8144 Azul (N\u00e3o Desbota)<\/li>\n<li data-start=\"574\" data-end=\"641\"><strong data-start=\"576\" data-end=\"601\">Composi\u00e7\u00e3o do material:<\/strong> 76% Algod\u00e3o, 23% Poli\u00e9ster, 1% Elastano<\/li>\n<li data-start=\"642\" data-end=\"661\"><strong data-start=\"644\" data-end=\"654\">Cor:<\/strong> Azul<\/li>\n<\/ul>\n<h3 data-start=\"663\" data-end=\"697\"><strong data-start=\"667\" data-end=\"695\">\ud83e\uddf5 Especifica\u00e7\u00f5es do tecido<\/strong><\/h3>\n<ul data-start=\"698\" data-end=\"876\">\n<li data-start=\"698\" data-end=\"727\"><strong data-start=\"700\" data-end=\"709\">Tipo:<\/strong> Tecido jeans 7S<\/li>\n<li data-start=\"728\" data-end=\"751\"><strong data-start=\"730\" data-end=\"743\">T\u00e9cnicas:<\/strong> Tecido<\/li>\n<li data-start=\"752\" data-end=\"787\"><strong data-start=\"754\" data-end=\"764\">Largura:<\/strong> 170 cm (66,9 polegadas)<\/li>\n<li data-start=\"788\" data-end=\"833\"><strong data-start=\"790\" data-end=\"801\">Peso:<\/strong> Aproximadamente 11,2 oz (aprox. 380 g)<\/li>\n<li data-start=\"834\" data-end=\"856\"><strong data-start=\"836\" data-end=\"851\">Contagem de fios:<\/strong> 7S<\/li>\n<li data-start=\"857\" data-end=\"876\"><strong data-start=\"859\" data-end=\"869\">Estilo:<\/strong> Slub<\/li>\n<\/ul>\n<h3 data-start=\"878\" data-end=\"904\"><strong data-start=\"882\" data-end=\"902\">\ud83c\udfa8 Estilo e uso<\/strong><\/h3>\n<ul data-start=\"905\" data-end=\"1014\">\n<li data-start=\"905\" data-end=\"972\"><strong data-start=\"907\" data-end=\"915\">Usar:<\/strong> Adequado para roupas, acess\u00f3rios e designs personalizados<\/li>\n<li data-start=\"973\" data-end=\"1014\"><strong data-start=\"975\" data-end=\"993\">Aplic\u00e1vel a:<\/strong> Homens e mulheres<\/li>\n<\/ul>\n<h3 data-start=\"1016\" data-end=\"1048\"><strong data-start=\"1020\" data-end=\"1046\">\ud83c\udf0d Produ\u00e7\u00e3o e Origem<\/strong><\/h3>\n<ul data-start=\"1049\" data-end=\"1114\">\n<li data-start=\"1049\" data-end=\"1079\"><strong data-start=\"1051\" data-end=\"1071\">Local de origem:<\/strong> China<\/li>\n<li data-start=\"1080\" data-end=\"1114\"><strong data-start=\"1082\" data-end=\"1098\">Tipo de fornecimento:<\/strong> Fa\u00e7a sob encomenda<\/li>\n<\/ul>\n<h3 data-start=\"1116\" data-end=\"1144\"><strong data-start=\"1120\" data-end=\"1142\">\ud83d\udd11 Notas importantes<\/strong><\/h3>\n<ul data-start=\"1145\" data-end=\"1236\">\n<li data-start=\"1145\" data-end=\"1236\"><strong data-start=\"1147\" data-end=\"1164\">Dados do produto:<\/strong> As especifica\u00e7\u00f5es reais do produto podem variar dependendo do lote de produ\u00e7\u00e3o.<\/li>\n<\/ul>","protected":false},"excerpt":{"rendered":"<h3 data-start=\"499\" data-end=\"528\"><strong data-start=\"503\" data-end=\"526\">\ud83c\udf0d Vis\u00e3o geral do produto<\/strong><\/h3>\n<ul data-start=\"529\" data-end=\"661\">\n<li data-start=\"529\" data-end=\"573\"><strong data-start=\"531\" data-end=\"548\">N\u00famero do modelo:<\/strong> 8144 Azul (N\u00e3o Desbota)<\/li>\n<li data-start=\"574\" data-end=\"641\"><strong data-start=\"576\" data-end=\"601\">Composi\u00e7\u00e3o do material:<\/strong> 76% Algod\u00e3o, 23% Poli\u00e9ster, 1% Elastano<\/li>\n<li data-start=\"642\" data-end=\"661\"><strong data-start=\"644\" data-end=\"654\">Cor:<\/strong> Azul<\/li>\n<\/ul>\n<h3 data-start=\"663\" data-end=\"697\"><strong data-start=\"667\" data-end=\"695\">\ud83e\uddf5 Especifica\u00e7\u00f5es do tecido<\/strong><\/h3>\n<ul data-start=\"698\" data-end=\"876\">\n<li data-start=\"698\" data-end=\"727\"><strong data-start=\"700\" data-end=\"709\">Tipo:<\/strong> Tecido jeans 7S<\/li>\n<li data-start=\"728\" data-end=\"751\"><strong data-start=\"730\" data-end=\"743\">T\u00e9cnicas:<\/strong> Tecido<\/li>\n<li data-start=\"752\" data-end=\"787\"><strong data-start=\"754\" data-end=\"764\">Largura:<\/strong> 170 cm (66,9 polegadas)<\/li>\n<li data-start=\"788\" data-end=\"833\"><strong data-start=\"790\" data-end=\"801\">Peso:<\/strong> Aproximadamente 11,2 oz (aprox. 380 g)<\/li>\n<li data-start=\"834\" data-end=\"856\"><strong data-start=\"836\" data-end=\"851\">Contagem de fios:<\/strong> 7S<\/li>\n<li data-start=\"857\" data-end=\"876\"><strong data-start=\"859\" data-end=\"869\">Estilo:<\/strong> Slub<\/li>\n<\/ul>\n<h3 data-start=\"878\" data-end=\"904\"><strong data-start=\"882\" data-end=\"902\">\ud83c\udfa8 Estilo e uso<\/strong><\/h3>\n<ul data-start=\"905\" data-end=\"1014\">\n<li data-start=\"905\" data-end=\"972\"><strong data-start=\"907\" data-end=\"915\">Usar:<\/strong> Adequado para roupas, acess\u00f3rios e designs personalizados<\/li>\n<li data-start=\"973\" data-end=\"1014\"><strong data-start=\"975\" data-end=\"993\">Aplic\u00e1vel a:<\/strong> Homens e mulheres<\/li>\n<\/ul>\n<h3 data-start=\"1016\" data-end=\"1048\"><strong data-start=\"1020\" data-end=\"1046\">\ud83c\udf0d Produ\u00e7\u00e3o e Origem<\/strong><\/h3>\n<ul data-start=\"1049\" data-end=\"1114\">\n<li data-start=\"1049\" data-end=\"1079\"><strong data-start=\"1051\" data-end=\"1071\">Local de origem:<\/strong> China<\/li>\n<li data-start=\"1080\" data-end=\"1114\"><strong data-start=\"1082\" data-end=\"1098\">Tipo de fornecimento:<\/strong> Fa\u00e7a sob encomenda<\/li>\n<\/ul>\n<h3 data-start=\"1116\" data-end=\"1144\"><strong data-start=\"1120\" data-end=\"1142\">\ud83d\udd11 Notas importantes<\/strong><\/h3>\n<ul data-start=\"1145\" data-end=\"1236\">\n<li data-start=\"1145\" data-end=\"1236\"><strong data-start=\"1147\" data-end=\"1164\">Dados do produto:<\/strong> As especifica\u00e7\u00f5es reais do produto podem variar dependendo do lote de produ\u00e7\u00e3o.<\/li>\n<\/ul>","protected":false},"featured_media":4022,"template":"","meta":[],"product_brand":[],"product_cat":[39,53,20,30,33,37,51],"product_tag":[],"class_list":{"0":"post-4023","1":"product","2":"type-product","3":"status-publish","4":"has-post-thumbnail","6":"product_cat-7s","7":"product_cat-7s-spuer-siro","8":"product_cat-cotton-woven-fabric","9":"product_cat-cotton-polyster-spandex-denim-fabric","10":"product_cat-non-elastic","11":"product_cat-siro","12":"product_cat-spuer-siro","14":"first","15":"instock","16":"shipping-taxable","17":"product-type-simple"},"aioseo_notices":[],"_links":{"self":[{"href":"https:\/\/lydenim.com\/pt\/wp-json\/wp\/v2\/product\/4023","targetHints":{"allow":["GET"]}}],"collection":[{"href":"https:\/\/lydenim.com\/pt\/wp-json\/wp\/v2\/product"}],"about":[{"href":"https:\/\/lydenim.com\/pt\/wp-json\/wp\/v2\/types\/product"}],"version-history":[{"count":2,"href":"https:\/\/lydenim.com\/pt\/wp-json\/wp\/v2\/product\/4023\/revisions"}],"predecessor-version":[{"id":4028,"href":"https:\/\/lydenim.com\/pt\/wp-json\/wp\/v2\/product\/4023\/revisions\/4028"}],"wp:featuredmedia":[{"embeddable":true,"href":"https:\/\/lydenim.com\/pt\/wp-json\/wp\/v2\/media\/4022"}],"wp:attachment":[{"href":"https:\/\/lydenim.com\/pt\/wp-json\/wp\/v2\/media?parent=4023"}],"wp:term":[{"taxonomy":"product_brand","embeddable":true,"href":"https:\/\/lydenim.com\/pt\/wp-json\/wp\/v2\/product_brand?post=4023"},{"taxonomy":"product_cat","embeddable":true,"href":"https:\/\/lydenim.com\/pt\/wp-json\/wp\/v2\/product_cat?post=4023"},{"taxonomy":"product_tag","embeddable":true,"href":"https:\/\/lydenim.com\/pt\/wp-json\/wp\/v2\/product_tag?post=4023"}],"curies":[{"name":"wp","href":"https:\/\/api.w.org\/{rel}","templated":true}]}}