{"id":4030,"date":"2025-03-11T12:31:02","date_gmt":"2025-03-11T04:31:02","guid":{"rendered":"https:\/\/lydenim.com\/?post_type=product&#038;p=4030"},"modified":"2025-03-11T12:34:13","modified_gmt":"2025-03-11T04:34:13","slug":"high-quality-slub-9136-20-denim-customizable-for-garments-accessories","status":"publish","type":"product","link":"https:\/\/lydenim.com\/pt\/produto\/slub-9136-20-denim-de-alta-qualidade-personalizavel-para-acessorios-de-vestuario\/","title":{"rendered":"Jeans Slub 9136-20 de alta qualidade \u2013 personaliz\u00e1vel para roupas e acess\u00f3rios"},"content":{"rendered":"<h3 data-start=\"510\" data-end=\"539\"><strong data-start=\"514\" data-end=\"537\">\ud83c\udf0d Vis\u00e3o geral do produto<\/strong><\/h3>\n<ul data-start=\"540\" data-end=\"674\">\n<li data-start=\"540\" data-end=\"586\"><strong data-start=\"542\" data-end=\"559\">N\u00famero do modelo:<\/strong> 9136-20 Azul (Resistente \u00e0 Cor)<\/li>\n<li data-start=\"587\" data-end=\"654\"><strong data-start=\"589\" data-end=\"614\">Composi\u00e7\u00e3o do material:<\/strong> 81% Algod\u00e3o, 16% Poli\u00e9ster, 3% Viscose<\/li>\n<li data-start=\"655\" data-end=\"674\"><strong data-start=\"657\" data-end=\"667\">Cor:<\/strong> Azul<\/li>\n<\/ul>\n<h3 data-start=\"676\" data-end=\"710\"><strong data-start=\"680\" data-end=\"708\">\ud83e\uddf5 Especifica\u00e7\u00f5es do tecido<\/strong><\/h3>\n<ul data-start=\"711\" data-end=\"895\">\n<li data-start=\"711\" data-end=\"740\"><strong data-start=\"713\" data-end=\"722\">Tipo:<\/strong> Tecido jeans 8S<\/li>\n<li data-start=\"741\" data-end=\"764\"><strong data-start=\"743\" data-end=\"756\">T\u00e9cnicas:<\/strong> Tecido<\/li>\n<li data-start=\"765\" data-end=\"800\"><strong data-start=\"767\" data-end=\"777\">Largura:<\/strong> 180 cm (70,9 polegadas)<\/li>\n<li data-start=\"801\" data-end=\"844\"><strong data-start=\"803\" data-end=\"814\">Peso:<\/strong> Aproximadamente 11 on\u00e7as (aprox. 373 g)<\/li>\n<li data-start=\"845\" data-end=\"867\"><strong data-start=\"847\" data-end=\"862\">Contagem de fios:<\/strong> 8S<\/li>\n<li data-start=\"868\" data-end=\"895\"><strong data-start=\"870\" data-end=\"880\">Estilo:<\/strong> Textura Slub<\/li>\n<\/ul>\n<h3 data-start=\"897\" data-end=\"923\"><strong data-start=\"901\" data-end=\"921\">\ud83c\udfa8 Estilo e uso<\/strong><\/h3>\n<ul data-start=\"924\" data-end=\"1033\">\n<li data-start=\"924\" data-end=\"991\"><strong data-start=\"926\" data-end=\"934\">Usar:<\/strong> Adequado para roupas, acess\u00f3rios e designs personalizados<\/li>\n<li data-start=\"992\" data-end=\"1033\"><strong data-start=\"994\" data-end=\"1012\">Aplic\u00e1vel a:<\/strong> Homens e mulheres<\/li>\n<\/ul>\n<h3 data-start=\"1035\" data-end=\"1067\"><strong data-start=\"1039\" data-end=\"1065\">\ud83c\udf0d Produ\u00e7\u00e3o e Origem<\/strong><\/h3>\n<ul data-start=\"1068\" data-end=\"1133\">\n<li data-start=\"1068\" data-end=\"1098\"><strong data-start=\"1070\" data-end=\"1090\">Local de origem:<\/strong> China<\/li>\n<li data-start=\"1099\" data-end=\"1133\"><strong data-start=\"1101\" data-end=\"1117\">Tipo de fornecimento:<\/strong> Fa\u00e7a sob encomenda<\/li>\n<\/ul>\n<h3 data-start=\"1135\" data-end=\"1163\"><strong data-start=\"1139\" data-end=\"1161\">\ud83d\udd11 Notas importantes<\/strong><\/h3>\n<ul data-start=\"1164\" data-end=\"1255\">\n<li data-start=\"1164\" data-end=\"1255\"><strong data-start=\"1166\" data-end=\"1183\">Dados do produto:<\/strong> As especifica\u00e7\u00f5es reais do produto podem variar dependendo do lote de produ\u00e7\u00e3o.<\/li>\n<\/ul>","protected":false},"excerpt":{"rendered":"<h3 data-start=\"510\" data-end=\"539\"><strong data-start=\"514\" data-end=\"537\">\ud83c\udf0d Vis\u00e3o geral do produto<\/strong><\/h3>\n<ul data-start=\"540\" data-end=\"674\">\n<li data-start=\"540\" data-end=\"586\"><strong data-start=\"542\" data-end=\"559\">N\u00famero do modelo:<\/strong> 9136-20 Azul (Resistente \u00e0 Cor)<\/li>\n<li data-start=\"587\" data-end=\"654\"><strong data-start=\"589\" data-end=\"614\">Composi\u00e7\u00e3o do material:<\/strong> 81% Algod\u00e3o, 16% Poli\u00e9ster, 3% Viscose<\/li>\n<li data-start=\"655\" data-end=\"674\"><strong data-start=\"657\" data-end=\"667\">Cor:<\/strong> Azul<\/li>\n<\/ul>\n<h3 data-start=\"676\" data-end=\"710\"><strong data-start=\"680\" data-end=\"708\">\ud83e\uddf5 Especifica\u00e7\u00f5es do tecido<\/strong><\/h3>\n<ul data-start=\"711\" data-end=\"895\">\n<li data-start=\"711\" data-end=\"740\"><strong data-start=\"713\" data-end=\"722\">Tipo:<\/strong> Tecido jeans 8S<\/li>\n<li data-start=\"741\" data-end=\"764\"><strong data-start=\"743\" data-end=\"756\">T\u00e9cnicas:<\/strong> Tecido<\/li>\n<li data-start=\"765\" data-end=\"800\"><strong data-start=\"767\" data-end=\"777\">Largura:<\/strong> 180 cm (70,9 polegadas)<\/li>\n<li data-start=\"801\" data-end=\"844\"><strong data-start=\"803\" data-end=\"814\">Peso:<\/strong> Aproximadamente 11 on\u00e7as (aprox. 373 g)<\/li>\n<li data-start=\"845\" data-end=\"867\"><strong data-start=\"847\" data-end=\"862\">Contagem de fios:<\/strong> 8S<\/li>\n<li data-start=\"868\" data-end=\"895\"><strong data-start=\"870\" data-end=\"880\">Estilo:<\/strong> Textura Slub<\/li>\n<\/ul>\n<h3 data-start=\"897\" data-end=\"923\"><strong data-start=\"901\" data-end=\"921\">\ud83c\udfa8 Estilo e uso<\/strong><\/h3>\n<ul data-start=\"924\" data-end=\"1033\">\n<li data-start=\"924\" data-end=\"991\"><strong data-start=\"926\" data-end=\"934\">Usar:<\/strong> Adequado para roupas, acess\u00f3rios e designs personalizados<\/li>\n<li data-start=\"992\" data-end=\"1033\"><strong data-start=\"994\" data-end=\"1012\">Aplic\u00e1vel a:<\/strong> Homens e mulheres<\/li>\n<\/ul>\n<h3 data-start=\"1035\" data-end=\"1067\"><strong data-start=\"1039\" data-end=\"1065\">\ud83c\udf0d Produ\u00e7\u00e3o e Origem<\/strong><\/h3>\n<ul data-start=\"1068\" data-end=\"1133\">\n<li data-start=\"1068\" data-end=\"1098\"><strong data-start=\"1070\" data-end=\"1090\">Local de origem:<\/strong> China<\/li>\n<li data-start=\"1099\" data-end=\"1133\"><strong data-start=\"1101\" data-end=\"1117\">Tipo de fornecimento:<\/strong> Fa\u00e7a sob encomenda<\/li>\n<\/ul>\n<h3 data-start=\"1135\" data-end=\"1163\"><strong data-start=\"1139\" data-end=\"1161\">\ud83d\udd11 Notas importantes<\/strong><\/h3>\n<ul data-start=\"1164\" data-end=\"1255\">\n<li data-start=\"1164\" data-end=\"1255\"><strong data-start=\"1166\" data-end=\"1183\">Dados do produto:<\/strong> As especifica\u00e7\u00f5es reais do produto podem variar dependendo do lote de produ\u00e7\u00e3o.<\/li>\n<\/ul>","protected":false},"featured_media":4029,"template":"","meta":[],"product_brand":[],"product_cat":[40,54,20,30,33,37,51],"product_tag":[],"class_list":{"0":"post-4030","1":"product","2":"type-product","3":"status-publish","4":"has-post-thumbnail","6":"product_cat-8s","7":"product_cat-8s-spuer-siro","8":"product_cat-cotton-woven-fabric","9":"product_cat-cotton-polyster-spandex-denim-fabric","10":"product_cat-non-elastic","11":"product_cat-siro","12":"product_cat-spuer-siro","14":"first","15":"instock","16":"shipping-taxable","17":"product-type-simple"},"aioseo_notices":[],"_links":{"self":[{"href":"https:\/\/lydenim.com\/pt\/wp-json\/wp\/v2\/product\/4030","targetHints":{"allow":["GET"]}}],"collection":[{"href":"https:\/\/lydenim.com\/pt\/wp-json\/wp\/v2\/product"}],"about":[{"href":"https:\/\/lydenim.com\/pt\/wp-json\/wp\/v2\/types\/product"}],"version-history":[{"count":2,"href":"https:\/\/lydenim.com\/pt\/wp-json\/wp\/v2\/product\/4030\/revisions"}],"predecessor-version":[{"id":4035,"href":"https:\/\/lydenim.com\/pt\/wp-json\/wp\/v2\/product\/4030\/revisions\/4035"}],"wp:featuredmedia":[{"embeddable":true,"href":"https:\/\/lydenim.com\/pt\/wp-json\/wp\/v2\/media\/4029"}],"wp:attachment":[{"href":"https:\/\/lydenim.com\/pt\/wp-json\/wp\/v2\/media?parent=4030"}],"wp:term":[{"taxonomy":"product_brand","embeddable":true,"href":"https:\/\/lydenim.com\/pt\/wp-json\/wp\/v2\/product_brand?post=4030"},{"taxonomy":"product_cat","embeddable":true,"href":"https:\/\/lydenim.com\/pt\/wp-json\/wp\/v2\/product_cat?post=4030"},{"taxonomy":"product_tag","embeddable":true,"href":"https:\/\/lydenim.com\/pt\/wp-json\/wp\/v2\/product_tag?post=4030"}],"curies":[{"name":"wp","href":"https:\/\/api.w.org\/{rel}","templated":true}]}}