{"id":4040,"date":"2025-03-11T12:37:43","date_gmt":"2025-03-11T04:37:43","guid":{"rendered":"https:\/\/lydenim.com\/?post_type=product&#038;p=4040"},"modified":"2025-03-11T12:44:30","modified_gmt":"2025-03-11T04:44:30","slug":"8s-slub-9131-21-denim-fabric-durable-colorfast-blue-design","status":"publish","type":"product","link":"https:\/\/lydenim.com\/pt\/produto\/8s-slub-9131-21-tecido-jeans-duravel-com-design-azul-resistente-a-cor\/","title":{"rendered":"Tecido jeans 8S Slub 9131-21 \u2013 Design azul dur\u00e1vel e resistente \u00e0 descolora\u00e7\u00e3o"},"content":{"rendered":"<h3 data-start=\"500\" data-end=\"529\"><strong data-start=\"504\" data-end=\"527\">\ud83c\udf0d Vis\u00e3o geral do produto<\/strong><\/h3>\n<ul data-start=\"530\" data-end=\"664\">\n<li data-start=\"530\" data-end=\"576\"><strong data-start=\"532\" data-end=\"549\">N\u00famero do modelo:<\/strong> 9131-21 Azul (Resistente \u00e0 Cor)<\/li>\n<li data-start=\"577\" data-end=\"644\"><strong data-start=\"579\" data-end=\"604\">Composi\u00e7\u00e3o do material:<\/strong> 81% Algod\u00e3o, 16% Poli\u00e9ster, 3% Viscose<\/li>\n<li data-start=\"645\" data-end=\"664\"><strong data-start=\"647\" data-end=\"657\">Cor:<\/strong> Azul<\/li>\n<\/ul>\n<h3 data-start=\"666\" data-end=\"700\"><strong data-start=\"670\" data-end=\"698\">\ud83e\uddf5 Especifica\u00e7\u00f5es do tecido<\/strong><\/h3>\n<ul data-start=\"701\" data-end=\"879\">\n<li data-start=\"701\" data-end=\"730\"><strong data-start=\"703\" data-end=\"712\">Tipo:<\/strong> Tecido jeans 8S<\/li>\n<li data-start=\"731\" data-end=\"754\"><strong data-start=\"733\" data-end=\"746\">T\u00e9cnicas:<\/strong> Tecido<\/li>\n<li data-start=\"755\" data-end=\"790\"><strong data-start=\"757\" data-end=\"767\">Largura:<\/strong> 180 cm (70,9 polegadas)<\/li>\n<li data-start=\"791\" data-end=\"836\"><strong data-start=\"793\" data-end=\"804\">Peso:<\/strong> Aproximadamente 10,8 oz (aprox. 365 g)<\/li>\n<li data-start=\"837\" data-end=\"859\"><strong data-start=\"839\" data-end=\"854\">Contagem de fios:<\/strong> 8S<\/li>\n<li data-start=\"860\" data-end=\"879\"><strong data-start=\"862\" data-end=\"872\">Estilo:<\/strong> Slub<\/li>\n<\/ul>\n<h3 data-start=\"881\" data-end=\"907\"><strong data-start=\"885\" data-end=\"905\">\ud83c\udfa8 Estilo e uso<\/strong><\/h3>\n<ul data-start=\"908\" data-end=\"1017\">\n<li data-start=\"908\" data-end=\"975\"><strong data-start=\"910\" data-end=\"918\">Usar:<\/strong> Adequado para roupas, acess\u00f3rios e designs personalizados<\/li>\n<li data-start=\"976\" data-end=\"1017\"><strong data-start=\"978\" data-end=\"996\">Aplic\u00e1vel a:<\/strong> Homens e mulheres<\/li>\n<\/ul>\n<h3 data-start=\"1019\" data-end=\"1051\"><strong data-start=\"1023\" data-end=\"1049\">\ud83c\udf0d Produ\u00e7\u00e3o e Origem<\/strong><\/h3>\n<ul data-start=\"1052\" data-end=\"1117\">\n<li data-start=\"1052\" data-end=\"1082\"><strong data-start=\"1054\" data-end=\"1074\">Local de origem:<\/strong> China<\/li>\n<li data-start=\"1083\" data-end=\"1117\"><strong data-start=\"1085\" data-end=\"1101\">Tipo de fornecimento:<\/strong> Fa\u00e7a sob encomenda<\/li>\n<\/ul>\n<h3 data-start=\"1119\" data-end=\"1147\"><strong data-start=\"1123\" data-end=\"1145\">\ud83d\udd11 Notas importantes<\/strong><\/h3>\n<ul data-start=\"1148\" data-end=\"1239\">\n<li data-start=\"1148\" data-end=\"1239\"><strong data-start=\"1150\" data-end=\"1167\">Dados do produto:<\/strong> As especifica\u00e7\u00f5es reais do produto podem variar dependendo do lote de produ\u00e7\u00e3o.<\/li>\n<\/ul>","protected":false},"excerpt":{"rendered":"<h3 data-start=\"500\" data-end=\"529\"><strong data-start=\"504\" data-end=\"527\">\ud83c\udf0d Vis\u00e3o geral do produto<\/strong><\/h3>\n<ul data-start=\"530\" data-end=\"664\">\n<li data-start=\"530\" data-end=\"576\"><strong data-start=\"532\" data-end=\"549\">N\u00famero do modelo:<\/strong> 9131-21 Azul (Resistente \u00e0 Cor)<\/li>\n<li data-start=\"577\" data-end=\"644\"><strong data-start=\"579\" data-end=\"604\">Composi\u00e7\u00e3o do material:<\/strong> 81% Algod\u00e3o, 16% Poli\u00e9ster, 3% Viscose<\/li>\n<li data-start=\"645\" data-end=\"664\"><strong data-start=\"647\" data-end=\"657\">Cor:<\/strong> Azul<\/li>\n<\/ul>\n<h3 data-start=\"666\" data-end=\"700\"><strong data-start=\"670\" data-end=\"698\">\ud83e\uddf5 Especifica\u00e7\u00f5es do tecido<\/strong><\/h3>\n<ul data-start=\"701\" data-end=\"879\">\n<li data-start=\"701\" data-end=\"730\"><strong data-start=\"703\" data-end=\"712\">Tipo:<\/strong> Tecido jeans 8S<\/li>\n<li data-start=\"731\" data-end=\"754\"><strong data-start=\"733\" data-end=\"746\">T\u00e9cnicas:<\/strong> Tecido<\/li>\n<li data-start=\"755\" data-end=\"790\"><strong data-start=\"757\" data-end=\"767\">Largura:<\/strong> 180 cm (70,9 polegadas)<\/li>\n<li data-start=\"791\" data-end=\"836\"><strong data-start=\"793\" data-end=\"804\">Peso:<\/strong> Aproximadamente 10,8 oz (aprox. 365 g)<\/li>\n<li data-start=\"837\" data-end=\"859\"><strong data-start=\"839\" data-end=\"854\">Contagem de fios:<\/strong> 8S<\/li>\n<li data-start=\"860\" data-end=\"879\"><strong data-start=\"862\" data-end=\"872\">Estilo:<\/strong> Slub<\/li>\n<\/ul>\n<h3 data-start=\"881\" data-end=\"907\"><strong data-start=\"885\" data-end=\"905\">\ud83c\udfa8 Estilo e uso<\/strong><\/h3>\n<ul data-start=\"908\" data-end=\"1017\">\n<li data-start=\"908\" data-end=\"975\"><strong data-start=\"910\" data-end=\"918\">Usar:<\/strong> Adequado para roupas, acess\u00f3rios e designs personalizados<\/li>\n<li data-start=\"976\" data-end=\"1017\"><strong data-start=\"978\" data-end=\"996\">Aplic\u00e1vel a:<\/strong> Homens e mulheres<\/li>\n<\/ul>\n<h3 data-start=\"1019\" data-end=\"1051\"><strong data-start=\"1023\" data-end=\"1049\">\ud83c\udf0d Produ\u00e7\u00e3o e Origem<\/strong><\/h3>\n<ul data-start=\"1052\" data-end=\"1117\">\n<li data-start=\"1052\" data-end=\"1082\"><strong data-start=\"1054\" data-end=\"1074\">Local de origem:<\/strong> China<\/li>\n<li data-start=\"1083\" data-end=\"1117\"><strong data-start=\"1085\" data-end=\"1101\">Tipo de fornecimento:<\/strong> Fa\u00e7a sob encomenda<\/li>\n<\/ul>\n<h3 data-start=\"1119\" data-end=\"1147\"><strong data-start=\"1123\" data-end=\"1145\">\ud83d\udd11 Notas importantes<\/strong><\/h3>\n<ul data-start=\"1148\" data-end=\"1239\">\n<li data-start=\"1148\" data-end=\"1239\"><strong data-start=\"1150\" data-end=\"1167\">Dados do produto:<\/strong> As especifica\u00e7\u00f5es reais do produto podem variar dependendo do lote de produ\u00e7\u00e3o.<\/li>\n<\/ul>","protected":false},"featured_media":4036,"template":"","meta":[],"product_brand":[],"product_cat":[40,54,20,30,33,37,51],"product_tag":[],"class_list":{"0":"post-4040","1":"product","2":"type-product","3":"status-publish","4":"has-post-thumbnail","6":"product_cat-8s","7":"product_cat-8s-spuer-siro","8":"product_cat-cotton-woven-fabric","9":"product_cat-cotton-polyster-spandex-denim-fabric","10":"product_cat-non-elastic","11":"product_cat-siro","12":"product_cat-spuer-siro","14":"first","15":"instock","16":"shipping-taxable","17":"product-type-simple"},"aioseo_notices":[],"_links":{"self":[{"href":"https:\/\/lydenim.com\/pt\/wp-json\/wp\/v2\/product\/4040","targetHints":{"allow":["GET"]}}],"collection":[{"href":"https:\/\/lydenim.com\/pt\/wp-json\/wp\/v2\/product"}],"about":[{"href":"https:\/\/lydenim.com\/pt\/wp-json\/wp\/v2\/types\/product"}],"version-history":[{"count":1,"href":"https:\/\/lydenim.com\/pt\/wp-json\/wp\/v2\/product\/4040\/revisions"}],"predecessor-version":[{"id":4043,"href":"https:\/\/lydenim.com\/pt\/wp-json\/wp\/v2\/product\/4040\/revisions\/4043"}],"wp:featuredmedia":[{"embeddable":true,"href":"https:\/\/lydenim.com\/pt\/wp-json\/wp\/v2\/media\/4036"}],"wp:attachment":[{"href":"https:\/\/lydenim.com\/pt\/wp-json\/wp\/v2\/media?parent=4040"}],"wp:term":[{"taxonomy":"product_brand","embeddable":true,"href":"https:\/\/lydenim.com\/pt\/wp-json\/wp\/v2\/product_brand?post=4040"},{"taxonomy":"product_cat","embeddable":true,"href":"https:\/\/lydenim.com\/pt\/wp-json\/wp\/v2\/product_cat?post=4040"},{"taxonomy":"product_tag","embeddable":true,"href":"https:\/\/lydenim.com\/pt\/wp-json\/wp\/v2\/product_tag?post=4040"}],"curies":[{"name":"wp","href":"https:\/\/api.w.org\/{rel}","templated":true}]}}