{"id":4044,"date":"2025-03-11T12:48:12","date_gmt":"2025-03-11T04:48:12","guid":{"rendered":"https:\/\/lydenim.com\/?post_type=product&#038;p=4044"},"modified":"2025-03-11T13:14:38","modified_gmt":"2025-03-11T05:14:38","slug":"8s-slub-9147-2-denim-fabric-durable-colorfast-black-design","status":"publish","type":"product","link":"https:\/\/lydenim.com\/pt\/produto\/8s-slub-9147-2-tecido-jeans-duravel-design-preto-resistente-a-cor\/","title":{"rendered":"Tecido jeans 8S Slub 9147-2 \u2013 Design preto dur\u00e1vel e resistente \u00e0 descolora\u00e7\u00e3o"},"content":{"rendered":"<h3 data-start=\"513\" data-end=\"542\"><strong data-start=\"517\" data-end=\"540\">\ud83c\udf0d Vis\u00e3o geral do produto<\/strong><\/h3>\n<ul data-start=\"543\" data-end=\"678\">\n<li data-start=\"543\" data-end=\"590\"><strong data-start=\"545\" data-end=\"562\">N\u00famero do modelo:<\/strong> 9147-2 Preto (N\u00e3o Desbota)<\/li>\n<li data-start=\"591\" data-end=\"658\"><strong data-start=\"593\" data-end=\"618\">Composi\u00e7\u00e3o do material:<\/strong> 62% Algod\u00e3o, 37% Poli\u00e9ster, 1% Elastano<\/li>\n<li data-start=\"659\" data-end=\"678\"><strong data-start=\"661\" data-end=\"671\">Cor:<\/strong> Preto<\/li>\n<\/ul>\n<h3 data-start=\"680\" data-end=\"714\"><strong data-start=\"684\" data-end=\"712\">\ud83e\uddf5 Especifica\u00e7\u00f5es do tecido<\/strong><\/h3>\n<ul data-start=\"715\" data-end=\"902\">\n<li data-start=\"715\" data-end=\"744\"><strong data-start=\"717\" data-end=\"726\">Tipo:<\/strong> Tecido jeans 8S<\/li>\n<li data-start=\"745\" data-end=\"768\"><strong data-start=\"747\" data-end=\"760\">T\u00e9cnicas:<\/strong> Tecido<\/li>\n<li data-start=\"769\" data-end=\"804\"><strong data-start=\"771\" data-end=\"781\">Largura:<\/strong> 180 cm (70,9 polegadas)<\/li>\n<li data-start=\"805\" data-end=\"851\"><strong data-start=\"807\" data-end=\"818\">Peso:<\/strong> Aproximadamente 10,6 oz (aprox. 360g)<\/li>\n<li data-start=\"852\" data-end=\"874\"><strong data-start=\"854\" data-end=\"869\">Contagem de fios:<\/strong> 8S<\/li>\n<li data-start=\"875\" data-end=\"902\"><strong data-start=\"877\" data-end=\"887\">Estilo:<\/strong> Textura Slub<\/li>\n<\/ul>\n<h3 data-start=\"904\" data-end=\"930\"><strong data-start=\"908\" data-end=\"928\">\ud83c\udfa8 Estilo e uso<\/strong><\/h3>\n<ul data-start=\"931\" data-end=\"1040\">\n<li data-start=\"931\" data-end=\"998\"><strong data-start=\"933\" data-end=\"941\">Usar:<\/strong> Adequado para roupas, acess\u00f3rios e designs personalizados<\/li>\n<li data-start=\"999\" data-end=\"1040\"><strong data-start=\"1001\" data-end=\"1019\">Aplic\u00e1vel a:<\/strong> Homens e mulheres<\/li>\n<\/ul>\n<h3 data-start=\"1042\" data-end=\"1074\"><strong data-start=\"1046\" data-end=\"1072\">\ud83c\udf0d Produ\u00e7\u00e3o e Origem<\/strong><\/h3>\n<ul data-start=\"1075\" data-end=\"1140\">\n<li data-start=\"1075\" data-end=\"1105\"><strong data-start=\"1077\" data-end=\"1097\">Local de origem:<\/strong> China<\/li>\n<li data-start=\"1106\" data-end=\"1140\"><strong data-start=\"1108\" data-end=\"1124\">Tipo de fornecimento:<\/strong> Fa\u00e7a sob encomenda<\/li>\n<\/ul>\n<h3 data-start=\"1142\" data-end=\"1170\"><strong data-start=\"1146\" data-end=\"1168\">\ud83d\udd11 Notas importantes<\/strong><\/h3>\n<ul data-start=\"1171\" data-end=\"1262\">\n<li data-start=\"1171\" data-end=\"1262\"><strong data-start=\"1173\" data-end=\"1190\">Dados do produto:<\/strong> As especifica\u00e7\u00f5es reais do produto podem variar dependendo do lote de produ\u00e7\u00e3o.<\/li>\n<\/ul>","protected":false},"excerpt":{"rendered":"<h3 data-start=\"513\" data-end=\"542\"><strong data-start=\"517\" data-end=\"540\">\ud83c\udf0d Vis\u00e3o geral do produto<\/strong><\/h3>\n<ul data-start=\"543\" data-end=\"678\">\n<li data-start=\"543\" data-end=\"590\"><strong data-start=\"545\" data-end=\"562\">N\u00famero do modelo:<\/strong> 9147-2 Preto (N\u00e3o Desbota)<\/li>\n<li data-start=\"591\" data-end=\"658\"><strong data-start=\"593\" data-end=\"618\">Composi\u00e7\u00e3o do material:<\/strong> 62% Algod\u00e3o, 37% Poli\u00e9ster, 1% Elastano<\/li>\n<li data-start=\"659\" data-end=\"678\"><strong data-start=\"661\" data-end=\"671\">Cor:<\/strong> Preto<\/li>\n<\/ul>\n<h3 data-start=\"680\" data-end=\"714\"><strong data-start=\"684\" data-end=\"712\">\ud83e\uddf5 Especifica\u00e7\u00f5es do tecido<\/strong><\/h3>\n<ul data-start=\"715\" data-end=\"902\">\n<li data-start=\"715\" data-end=\"744\"><strong data-start=\"717\" data-end=\"726\">Tipo:<\/strong> Tecido jeans 8S<\/li>\n<li data-start=\"745\" data-end=\"768\"><strong data-start=\"747\" data-end=\"760\">T\u00e9cnicas:<\/strong> Tecido<\/li>\n<li data-start=\"769\" data-end=\"804\"><strong data-start=\"771\" data-end=\"781\">Largura:<\/strong> 180 cm (70,9 polegadas)<\/li>\n<li data-start=\"805\" data-end=\"851\"><strong data-start=\"807\" data-end=\"818\">Peso:<\/strong> Aproximadamente 10,6 oz (aprox. 360g)<\/li>\n<li data-start=\"852\" data-end=\"874\"><strong data-start=\"854\" data-end=\"869\">Contagem de fios:<\/strong> 8S<\/li>\n<li data-start=\"875\" data-end=\"902\"><strong data-start=\"877\" data-end=\"887\">Estilo:<\/strong> Textura Slub<\/li>\n<\/ul>\n<h3 data-start=\"904\" data-end=\"930\"><strong data-start=\"908\" data-end=\"928\">\ud83c\udfa8 Estilo e uso<\/strong><\/h3>\n<ul data-start=\"931\" data-end=\"1040\">\n<li data-start=\"931\" data-end=\"998\"><strong data-start=\"933\" data-end=\"941\">Usar:<\/strong> Adequado para roupas, acess\u00f3rios e designs personalizados<\/li>\n<li data-start=\"999\" data-end=\"1040\"><strong data-start=\"1001\" data-end=\"1019\">Aplic\u00e1vel a:<\/strong> Homens e mulheres<\/li>\n<\/ul>\n<h3 data-start=\"1042\" data-end=\"1074\"><strong data-start=\"1046\" data-end=\"1072\">\ud83c\udf0d Produ\u00e7\u00e3o e Origem<\/strong><\/h3>\n<ul data-start=\"1075\" data-end=\"1140\">\n<li data-start=\"1075\" data-end=\"1105\"><strong data-start=\"1077\" data-end=\"1097\">Local de origem:<\/strong> China<\/li>\n<li data-start=\"1106\" data-end=\"1140\"><strong data-start=\"1108\" data-end=\"1124\">Tipo de fornecimento:<\/strong> Fa\u00e7a sob encomenda<\/li>\n<\/ul>\n<h3 data-start=\"1142\" data-end=\"1170\"><strong data-start=\"1146\" data-end=\"1168\">\ud83d\udd11 Notas importantes<\/strong><\/h3>\n<ul data-start=\"1171\" data-end=\"1262\">\n<li data-start=\"1171\" data-end=\"1262\"><strong data-start=\"1173\" data-end=\"1190\">Dados do produto:<\/strong> As especifica\u00e7\u00f5es reais do produto podem variar dependendo do lote de produ\u00e7\u00e3o.<\/li>\n<\/ul>","protected":false},"featured_media":4045,"template":"","meta":[],"product_brand":[],"product_cat":[40,54,20,30,33,37,51],"product_tag":[],"class_list":{"0":"post-4044","1":"product","2":"type-product","3":"status-publish","4":"has-post-thumbnail","6":"product_cat-8s","7":"product_cat-8s-spuer-siro","8":"product_cat-cotton-woven-fabric","9":"product_cat-cotton-polyster-spandex-denim-fabric","10":"product_cat-non-elastic","11":"product_cat-siro","12":"product_cat-spuer-siro","14":"first","15":"instock","16":"shipping-taxable","17":"product-type-simple"},"aioseo_notices":[],"_links":{"self":[{"href":"https:\/\/lydenim.com\/pt\/wp-json\/wp\/v2\/product\/4044","targetHints":{"allow":["GET"]}}],"collection":[{"href":"https:\/\/lydenim.com\/pt\/wp-json\/wp\/v2\/product"}],"about":[{"href":"https:\/\/lydenim.com\/pt\/wp-json\/wp\/v2\/types\/product"}],"version-history":[{"count":2,"href":"https:\/\/lydenim.com\/pt\/wp-json\/wp\/v2\/product\/4044\/revisions"}],"predecessor-version":[{"id":4056,"href":"https:\/\/lydenim.com\/pt\/wp-json\/wp\/v2\/product\/4044\/revisions\/4056"}],"wp:featuredmedia":[{"embeddable":true,"href":"https:\/\/lydenim.com\/pt\/wp-json\/wp\/v2\/media\/4045"}],"wp:attachment":[{"href":"https:\/\/lydenim.com\/pt\/wp-json\/wp\/v2\/media?parent=4044"}],"wp:term":[{"taxonomy":"product_brand","embeddable":true,"href":"https:\/\/lydenim.com\/pt\/wp-json\/wp\/v2\/product_brand?post=4044"},{"taxonomy":"product_cat","embeddable":true,"href":"https:\/\/lydenim.com\/pt\/wp-json\/wp\/v2\/product_cat?post=4044"},{"taxonomy":"product_tag","embeddable":true,"href":"https:\/\/lydenim.com\/pt\/wp-json\/wp\/v2\/product_tag?post=4044"}],"curies":[{"name":"wp","href":"https:\/\/api.w.org\/{rel}","templated":true}]}}