{"id":4057,"date":"2025-03-11T13:15:59","date_gmt":"2025-03-11T05:15:59","guid":{"rendered":"https:\/\/lydenim.com\/?post_type=product&#038;p=4057"},"modified":"2025-03-11T13:20:47","modified_gmt":"2025-03-11T05:20:47","slug":"8s-slub-9118-2-denim-fabric-durable-colorfast-blue-design","status":"publish","type":"product","link":"https:\/\/lydenim.com\/pt\/produto\/8s-slub-9118-2-tecido-jeans-duravel-com-design-azul-resistente-a-cor\/","title":{"rendered":"Tecido jeans 8S Slub 9118-2 \u2013 Design azul dur\u00e1vel e resistente \u00e0 descolora\u00e7\u00e3o"},"content":{"rendered":"<h3 data-start=\"511\" data-end=\"540\"><strong data-start=\"515\" data-end=\"538\">\ud83c\udf0d Vis\u00e3o geral do produto<\/strong><\/h3>\n<ul data-start=\"541\" data-end=\"677\">\n<li data-start=\"541\" data-end=\"589\"><strong data-start=\"543\" data-end=\"560\">N\u00famero do modelo:<\/strong> 9118-2 (Azul \/ N\u00e3o Desbota)<\/li>\n<li data-start=\"590\" data-end=\"657\"><strong data-start=\"592\" data-end=\"617\">Composi\u00e7\u00e3o do material:<\/strong> 62% Algod\u00e3o, 37% Poli\u00e9ster, 1% Elastano<\/li>\n<li data-start=\"658\" data-end=\"677\"><strong data-start=\"660\" data-end=\"670\">Cor:<\/strong> Azul<\/li>\n<\/ul>\n<h3 data-start=\"679\" data-end=\"713\"><strong data-start=\"683\" data-end=\"711\">\ud83e\uddf5 Especifica\u00e7\u00f5es do tecido<\/strong><\/h3>\n<ul data-start=\"714\" data-end=\"898\">\n<li data-start=\"714\" data-end=\"743\"><strong data-start=\"716\" data-end=\"725\">Tipo:<\/strong> Tecido jeans 8S<\/li>\n<li data-start=\"744\" data-end=\"767\"><strong data-start=\"746\" data-end=\"759\">T\u00e9cnicas:<\/strong> Tecido<\/li>\n<li data-start=\"768\" data-end=\"803\"><strong data-start=\"770\" data-end=\"780\">Largura:<\/strong> 180 cm (70,9 polegadas)<\/li>\n<li data-start=\"804\" data-end=\"847\"><strong data-start=\"806\" data-end=\"817\">Peso:<\/strong> Aproximadamente 10 on\u00e7as (aprox. 340 g)<\/li>\n<li data-start=\"848\" data-end=\"870\"><strong data-start=\"850\" data-end=\"865\">Contagem de fios:<\/strong> 8S<\/li>\n<li data-start=\"871\" data-end=\"898\"><strong data-start=\"873\" data-end=\"883\">Estilo:<\/strong> Textura Slub<\/li>\n<\/ul>\n<h3 data-start=\"900\" data-end=\"926\"><strong data-start=\"904\" data-end=\"924\">\ud83c\udfa8 Estilo e uso<\/strong><\/h3>\n<ul data-start=\"927\" data-end=\"1036\">\n<li data-start=\"927\" data-end=\"994\"><strong data-start=\"929\" data-end=\"937\">Usar:<\/strong> Adequado para roupas, acess\u00f3rios e designs personalizados<\/li>\n<li data-start=\"995\" data-end=\"1036\"><strong data-start=\"997\" data-end=\"1015\">Aplic\u00e1vel a:<\/strong> Homens e mulheres<\/li>\n<\/ul>\n<h3 data-start=\"1038\" data-end=\"1070\"><strong data-start=\"1042\" data-end=\"1068\">\ud83c\udf0d Produ\u00e7\u00e3o e Origem<\/strong><\/h3>\n<ul data-start=\"1071\" data-end=\"1136\">\n<li data-start=\"1071\" data-end=\"1101\"><strong data-start=\"1073\" data-end=\"1093\">Local de origem:<\/strong> China<\/li>\n<li data-start=\"1102\" data-end=\"1136\"><strong data-start=\"1104\" data-end=\"1120\">Tipo de fornecimento:<\/strong> Fa\u00e7a sob encomenda<\/li>\n<\/ul>\n<h3 data-start=\"1138\" data-end=\"1166\"><strong data-start=\"1142\" data-end=\"1164\">\ud83d\udd11 Notas importantes<\/strong><\/h3>\n<ul data-start=\"1167\" data-end=\"1258\">\n<li data-start=\"1167\" data-end=\"1258\"><strong data-start=\"1169\" data-end=\"1186\">Dados do produto:<\/strong> As especifica\u00e7\u00f5es reais do produto podem variar dependendo do lote de produ\u00e7\u00e3o.<\/li>\n<\/ul>","protected":false},"excerpt":{"rendered":"<h3 data-start=\"511\" data-end=\"540\"><strong data-start=\"515\" data-end=\"538\">\ud83c\udf0d Vis\u00e3o geral do produto<\/strong><\/h3>\n<ul data-start=\"541\" data-end=\"677\">\n<li data-start=\"541\" data-end=\"589\"><strong data-start=\"543\" data-end=\"560\">N\u00famero do modelo:<\/strong> 9118-2 (Azul \/ N\u00e3o Desbota)<\/li>\n<li data-start=\"590\" data-end=\"657\"><strong data-start=\"592\" data-end=\"617\">Composi\u00e7\u00e3o do material:<\/strong> 62% Algod\u00e3o, 37% Poli\u00e9ster, 1% Elastano<\/li>\n<li data-start=\"658\" data-end=\"677\"><strong data-start=\"660\" data-end=\"670\">Cor:<\/strong> Azul<\/li>\n<\/ul>\n<h3 data-start=\"679\" data-end=\"713\"><strong data-start=\"683\" data-end=\"711\">\ud83e\uddf5 Especifica\u00e7\u00f5es do tecido<\/strong><\/h3>\n<ul data-start=\"714\" data-end=\"898\">\n<li data-start=\"714\" data-end=\"743\"><strong data-start=\"716\" data-end=\"725\">Tipo:<\/strong> Tecido jeans 8S<\/li>\n<li data-start=\"744\" data-end=\"767\"><strong data-start=\"746\" data-end=\"759\">T\u00e9cnicas:<\/strong> Tecido<\/li>\n<li data-start=\"768\" data-end=\"803\"><strong data-start=\"770\" data-end=\"780\">Largura:<\/strong> 180 cm (70,9 polegadas)<\/li>\n<li data-start=\"804\" data-end=\"847\"><strong data-start=\"806\" data-end=\"817\">Peso:<\/strong> Aproximadamente 10 on\u00e7as (aprox. 340 g)<\/li>\n<li data-start=\"848\" data-end=\"870\"><strong data-start=\"850\" data-end=\"865\">Contagem de fios:<\/strong> 8S<\/li>\n<li data-start=\"871\" data-end=\"898\"><strong data-start=\"873\" data-end=\"883\">Estilo:<\/strong> Textura Slub<\/li>\n<\/ul>\n<h3 data-start=\"900\" data-end=\"926\"><strong data-start=\"904\" data-end=\"924\">\ud83c\udfa8 Estilo e uso<\/strong><\/h3>\n<ul data-start=\"927\" data-end=\"1036\">\n<li data-start=\"927\" data-end=\"994\"><strong data-start=\"929\" data-end=\"937\">Usar:<\/strong> Adequado para roupas, acess\u00f3rios e designs personalizados<\/li>\n<li data-start=\"995\" data-end=\"1036\"><strong data-start=\"997\" data-end=\"1015\">Aplic\u00e1vel a:<\/strong> Homens e mulheres<\/li>\n<\/ul>\n<h3 data-start=\"1038\" data-end=\"1070\"><strong data-start=\"1042\" data-end=\"1068\">\ud83c\udf0d Produ\u00e7\u00e3o e Origem<\/strong><\/h3>\n<ul data-start=\"1071\" data-end=\"1136\">\n<li data-start=\"1071\" data-end=\"1101\"><strong data-start=\"1073\" data-end=\"1093\">Local de origem:<\/strong> China<\/li>\n<li data-start=\"1102\" data-end=\"1136\"><strong data-start=\"1104\" data-end=\"1120\">Tipo de fornecimento:<\/strong> Fa\u00e7a sob encomenda<\/li>\n<\/ul>\n<h3 data-start=\"1138\" data-end=\"1166\"><strong data-start=\"1142\" data-end=\"1164\">\ud83d\udd11 Notas importantes<\/strong><\/h3>\n<ul data-start=\"1167\" data-end=\"1258\">\n<li data-start=\"1167\" data-end=\"1258\"><strong data-start=\"1169\" data-end=\"1186\">Dados do produto:<\/strong> As especifica\u00e7\u00f5es reais do produto podem variar dependendo do lote de produ\u00e7\u00e3o.<\/li>\n<\/ul>","protected":false},"featured_media":4058,"template":"","meta":[],"product_brand":[],"product_cat":[40,54,20,30,33,37,51],"product_tag":[],"class_list":{"0":"post-4057","1":"product","2":"type-product","3":"status-publish","4":"has-post-thumbnail","6":"product_cat-8s","7":"product_cat-8s-spuer-siro","8":"product_cat-cotton-woven-fabric","9":"product_cat-cotton-polyster-spandex-denim-fabric","10":"product_cat-non-elastic","11":"product_cat-siro","12":"product_cat-spuer-siro","14":"first","15":"instock","16":"shipping-taxable","17":"product-type-simple"},"aioseo_notices":[],"_links":{"self":[{"href":"https:\/\/lydenim.com\/pt\/wp-json\/wp\/v2\/product\/4057","targetHints":{"allow":["GET"]}}],"collection":[{"href":"https:\/\/lydenim.com\/pt\/wp-json\/wp\/v2\/product"}],"about":[{"href":"https:\/\/lydenim.com\/pt\/wp-json\/wp\/v2\/types\/product"}],"version-history":[{"count":1,"href":"https:\/\/lydenim.com\/pt\/wp-json\/wp\/v2\/product\/4057\/revisions"}],"predecessor-version":[{"id":4062,"href":"https:\/\/lydenim.com\/pt\/wp-json\/wp\/v2\/product\/4057\/revisions\/4062"}],"wp:featuredmedia":[{"embeddable":true,"href":"https:\/\/lydenim.com\/pt\/wp-json\/wp\/v2\/media\/4058"}],"wp:attachment":[{"href":"https:\/\/lydenim.com\/pt\/wp-json\/wp\/v2\/media?parent=4057"}],"wp:term":[{"taxonomy":"product_brand","embeddable":true,"href":"https:\/\/lydenim.com\/pt\/wp-json\/wp\/v2\/product_brand?post=4057"},{"taxonomy":"product_cat","embeddable":true,"href":"https:\/\/lydenim.com\/pt\/wp-json\/wp\/v2\/product_cat?post=4057"},{"taxonomy":"product_tag","embeddable":true,"href":"https:\/\/lydenim.com\/pt\/wp-json\/wp\/v2\/product_tag?post=4057"}],"curies":[{"name":"wp","href":"https:\/\/api.w.org\/{rel}","templated":true}]}}