{"id":4086,"date":"2025-03-11T13:41:02","date_gmt":"2025-03-11T05:41:02","guid":{"rendered":"https:\/\/lydenim.com\/?post_type=product&#038;p=4086"},"modified":"2025-03-11T13:42:18","modified_gmt":"2025-03-11T05:42:18","slug":"7s-8126-denim-fabric-colorfast-blue-heavyweight-durable","status":"publish","type":"product","link":"https:\/\/lydenim.com\/pt\/produto\/tecido-jeans-7s-8126-azul-resistente-e-duravel\/","title":{"rendered":"Tecido jeans 7S 8126 \u2013 Azul resistente, resistente e dur\u00e1vel"},"content":{"rendered":"<h3 data-start=\"492\" data-end=\"521\"><strong data-start=\"496\" data-end=\"519\">\ud83c\udf0d Vis\u00e3o geral do produto<\/strong><\/h3>\n<ul data-start=\"522\" data-end=\"641\">\n<li data-start=\"522\" data-end=\"565\"><strong data-start=\"524\" data-end=\"541\">N\u00famero do modelo:<\/strong> 8126 Azul (Resistente \u00e0 Cor)<\/li>\n<li data-start=\"566\" data-end=\"621\"><strong data-start=\"568\" data-end=\"593\">Composi\u00e7\u00e3o do material:<\/strong> 76% Algod\u00e3o, 24% Poli\u00e9ster<\/li>\n<li data-start=\"622\" data-end=\"641\"><strong data-start=\"624\" data-end=\"634\">Cor:<\/strong> Azul<\/li>\n<\/ul>\n<h3 data-start=\"643\" data-end=\"677\"><strong data-start=\"647\" data-end=\"675\">\ud83e\uddf5 Especifica\u00e7\u00f5es do tecido<\/strong><\/h3>\n<ul data-start=\"678\" data-end=\"864\">\n<li data-start=\"678\" data-end=\"707\"><strong data-start=\"680\" data-end=\"689\">Tipo:<\/strong> Tecido jeans 7S<\/li>\n<li data-start=\"708\" data-end=\"731\"><strong data-start=\"710\" data-end=\"723\">T\u00e9cnicas:<\/strong> Tecido<\/li>\n<li data-start=\"732\" data-end=\"767\"><strong data-start=\"734\" data-end=\"744\">Largura:<\/strong> 170 cm (66,9 polegadas)<\/li>\n<li data-start=\"768\" data-end=\"813\"><strong data-start=\"770\" data-end=\"781\">Peso:<\/strong> Aproximadamente 11,8 oz (aprox. 400 g)<\/li>\n<li data-start=\"814\" data-end=\"836\"><strong data-start=\"816\" data-end=\"831\">Contagem de fios:<\/strong> 7S<\/li>\n<li data-start=\"837\" data-end=\"864\"><strong data-start=\"839\" data-end=\"849\">Estilo:<\/strong> Textura Slub<\/li>\n<\/ul>\n<h3 data-start=\"866\" data-end=\"892\"><strong data-start=\"870\" data-end=\"890\">\ud83c\udfa8 Estilo e uso<\/strong><\/h3>\n<ul data-start=\"893\" data-end=\"1002\">\n<li data-start=\"893\" data-end=\"960\"><strong data-start=\"895\" data-end=\"903\">Usar:<\/strong> Adequado para roupas, acess\u00f3rios e designs personalizados<\/li>\n<li data-start=\"961\" data-end=\"1002\"><strong data-start=\"963\" data-end=\"981\">Aplic\u00e1vel a:<\/strong> Homens e mulheres<\/li>\n<\/ul>\n<h3 data-start=\"1004\" data-end=\"1036\"><strong data-start=\"1008\" data-end=\"1034\">\ud83c\udf0d Produ\u00e7\u00e3o e Origem<\/strong><\/h3>\n<ul data-start=\"1037\" data-end=\"1102\">\n<li data-start=\"1037\" data-end=\"1067\"><strong data-start=\"1039\" data-end=\"1059\">Local de origem:<\/strong> China<\/li>\n<li data-start=\"1068\" data-end=\"1102\"><strong data-start=\"1070\" data-end=\"1086\">Tipo de fornecimento:<\/strong> Fa\u00e7a sob encomenda<\/li>\n<\/ul>\n<h3 data-start=\"1104\" data-end=\"1132\"><strong data-start=\"1108\" data-end=\"1130\">\ud83d\udd11 Notas importantes<\/strong><\/h3>\n<ul data-start=\"1133\" data-end=\"1224\">\n<li data-start=\"1133\" data-end=\"1224\"><strong data-start=\"1135\" data-end=\"1152\">Dados do produto:<\/strong> As especifica\u00e7\u00f5es reais do produto podem variar dependendo do lote de produ\u00e7\u00e3o.<\/li>\n<\/ul>","protected":false},"excerpt":{"rendered":"<h3 data-start=\"492\" data-end=\"521\"><strong data-start=\"496\" data-end=\"519\">\ud83c\udf0d Vis\u00e3o geral do produto<\/strong><\/h3>\n<ul data-start=\"522\" data-end=\"641\">\n<li data-start=\"522\" data-end=\"565\"><strong data-start=\"524\" data-end=\"541\">N\u00famero do modelo:<\/strong> 8126 Azul (Resistente \u00e0 Cor)<\/li>\n<li data-start=\"566\" data-end=\"621\"><strong data-start=\"568\" data-end=\"593\">Composi\u00e7\u00e3o do material:<\/strong> 76% Algod\u00e3o, 24% Poli\u00e9ster<\/li>\n<li data-start=\"622\" data-end=\"641\"><strong data-start=\"624\" data-end=\"634\">Cor:<\/strong> Azul<\/li>\n<\/ul>\n<h3 data-start=\"643\" data-end=\"677\"><strong data-start=\"647\" data-end=\"675\">\ud83e\uddf5 Especifica\u00e7\u00f5es do tecido<\/strong><\/h3>\n<ul data-start=\"678\" data-end=\"864\">\n<li data-start=\"678\" data-end=\"707\"><strong data-start=\"680\" data-end=\"689\">Tipo:<\/strong> Tecido jeans 7S<\/li>\n<li data-start=\"708\" data-end=\"731\"><strong data-start=\"710\" data-end=\"723\">T\u00e9cnicas:<\/strong> Tecido<\/li>\n<li data-start=\"732\" data-end=\"767\"><strong data-start=\"734\" data-end=\"744\">Largura:<\/strong> 170 cm (66,9 polegadas)<\/li>\n<li data-start=\"768\" data-end=\"813\"><strong data-start=\"770\" data-end=\"781\">Peso:<\/strong> Aproximadamente 11,8 oz (aprox. 400 g)<\/li>\n<li data-start=\"814\" data-end=\"836\"><strong data-start=\"816\" data-end=\"831\">Contagem de fios:<\/strong> 7S<\/li>\n<li data-start=\"837\" data-end=\"864\"><strong data-start=\"839\" data-end=\"849\">Estilo:<\/strong> Textura Slub<\/li>\n<\/ul>\n<h3 data-start=\"866\" data-end=\"892\"><strong data-start=\"870\" data-end=\"890\">\ud83c\udfa8 Estilo e uso<\/strong><\/h3>\n<ul data-start=\"893\" data-end=\"1002\">\n<li data-start=\"893\" data-end=\"960\"><strong data-start=\"895\" data-end=\"903\">Usar:<\/strong> Adequado para roupas, acess\u00f3rios e designs personalizados<\/li>\n<li data-start=\"961\" data-end=\"1002\"><strong data-start=\"963\" data-end=\"981\">Aplic\u00e1vel a:<\/strong> Homens e mulheres<\/li>\n<\/ul>\n<h3 data-start=\"1004\" data-end=\"1036\"><strong data-start=\"1008\" data-end=\"1034\">\ud83c\udf0d Produ\u00e7\u00e3o e Origem<\/strong><\/h3>\n<ul data-start=\"1037\" data-end=\"1102\">\n<li data-start=\"1037\" data-end=\"1067\"><strong data-start=\"1039\" data-end=\"1059\">Local de origem:<\/strong> China<\/li>\n<li data-start=\"1068\" data-end=\"1102\"><strong data-start=\"1070\" data-end=\"1086\">Tipo de fornecimento:<\/strong> Fa\u00e7a sob encomenda<\/li>\n<\/ul>\n<h3 data-start=\"1104\" data-end=\"1132\"><strong data-start=\"1108\" data-end=\"1130\">\ud83d\udd11 Notas importantes<\/strong><\/h3>\n<ul data-start=\"1133\" data-end=\"1224\">\n<li data-start=\"1133\" data-end=\"1224\"><strong data-start=\"1135\" data-end=\"1152\">Dados do produto:<\/strong> As especifica\u00e7\u00f5es reais do produto podem variar dependendo do lote de produ\u00e7\u00e3o.<\/li>\n<\/ul>","protected":false},"featured_media":4082,"template":"","meta":[],"product_brand":[],"product_cat":[55,46,53,20,30,33,37,51],"product_tag":[],"class_list":{"0":"post-4086","1":"product","2":"type-product","3":"status-publish","4":"has-post-thumbnail","6":"product_cat-10s-spuer-siro","7":"product_cat-7s-oe","8":"product_cat-7s-spuer-siro","9":"product_cat-cotton-woven-fabric","10":"product_cat-cotton-polyster-spandex-denim-fabric","11":"product_cat-non-elastic","12":"product_cat-siro","13":"product_cat-spuer-siro","15":"first","16":"instock","17":"shipping-taxable","18":"product-type-simple"},"aioseo_notices":[],"_links":{"self":[{"href":"https:\/\/lydenim.com\/pt\/wp-json\/wp\/v2\/product\/4086","targetHints":{"allow":["GET"]}}],"collection":[{"href":"https:\/\/lydenim.com\/pt\/wp-json\/wp\/v2\/product"}],"about":[{"href":"https:\/\/lydenim.com\/pt\/wp-json\/wp\/v2\/types\/product"}],"version-history":[{"count":1,"href":"https:\/\/lydenim.com\/pt\/wp-json\/wp\/v2\/product\/4086\/revisions"}],"predecessor-version":[{"id":4087,"href":"https:\/\/lydenim.com\/pt\/wp-json\/wp\/v2\/product\/4086\/revisions\/4087"}],"wp:featuredmedia":[{"embeddable":true,"href":"https:\/\/lydenim.com\/pt\/wp-json\/wp\/v2\/media\/4082"}],"wp:attachment":[{"href":"https:\/\/lydenim.com\/pt\/wp-json\/wp\/v2\/media?parent=4086"}],"wp:term":[{"taxonomy":"product_brand","embeddable":true,"href":"https:\/\/lydenim.com\/pt\/wp-json\/wp\/v2\/product_brand?post=4086"},{"taxonomy":"product_cat","embeddable":true,"href":"https:\/\/lydenim.com\/pt\/wp-json\/wp\/v2\/product_cat?post=4086"},{"taxonomy":"product_tag","embeddable":true,"href":"https:\/\/lydenim.com\/pt\/wp-json\/wp\/v2\/product_tag?post=4086"}],"curies":[{"name":"wp","href":"https:\/\/api.w.org\/{rel}","templated":true}]}}