{"id":4102,"date":"2025-03-12T11:42:21","date_gmt":"2025-03-12T03:42:21","guid":{"rendered":"https:\/\/lydenim.com\/?post_type=product&#038;p=4102"},"modified":"2025-03-12T11:47:32","modified_gmt":"2025-03-12T03:47:32","slug":"b081-stretch-denim-fabric-blue-slub-weave-for-fashion-design","status":"publish","type":"product","link":"https:\/\/lydenim.com\/pt\/produto\/tecido-jeans-elastico-b081-azul-com-trama-slub-para-design-de-moda\/","title":{"rendered":"Tecido jeans el\u00e1stico B081 \u2013 trama azul slub para moda e design"},"content":{"rendered":"<h3 data-start=\"490\" data-end=\"519\"><strong data-start=\"494\" data-end=\"517\">\ud83c\udf0d Vis\u00e3o geral do produto<\/strong><\/h3>\n<ul data-start=\"520\" data-end=\"639\">\n<li data-start=\"520\" data-end=\"551\"><strong data-start=\"522\" data-end=\"539\">N\u00famero do modelo:<\/strong> B081 Azul<\/li>\n<li data-start=\"552\" data-end=\"619\"><strong data-start=\"554\" data-end=\"579\">Composi\u00e7\u00e3o do material:<\/strong> 78% Algod\u00e3o, 2% Elastano, 20% Poli\u00e9ster<\/li>\n<li data-start=\"620\" data-end=\"639\"><strong data-start=\"622\" data-end=\"632\">Cor:<\/strong> Azul<\/li>\n<\/ul>\n<h3 data-start=\"641\" data-end=\"675\"><strong data-start=\"645\" data-end=\"673\">\ud83e\uddf5 Especifica\u00e7\u00f5es do tecido<\/strong><\/h3>\n<ul data-start=\"676\" data-end=\"845\">\n<li data-start=\"676\" data-end=\"705\"><strong data-start=\"678\" data-end=\"687\">Tipo:<\/strong> Tecido jeans 7S<\/li>\n<li data-start=\"706\" data-end=\"729\"><strong data-start=\"708\" data-end=\"721\">T\u00e9cnicas:<\/strong> Tecido<\/li>\n<li data-start=\"730\" data-end=\"765\"><strong data-start=\"732\" data-end=\"742\">Largura:<\/strong> 180 cm (70,9 polegadas)<\/li>\n<li data-start=\"766\" data-end=\"794\"><strong data-start=\"768\" data-end=\"779\">Peso:<\/strong> Aprox. 450g<\/li>\n<li data-start=\"795\" data-end=\"817\"><strong data-start=\"797\" data-end=\"812\">Contagem de fios:<\/strong> 7S<\/li>\n<li data-start=\"818\" data-end=\"845\"><strong data-start=\"820\" data-end=\"830\">Estilo:<\/strong> Textura Slub<\/li>\n<\/ul>\n<h3 data-start=\"847\" data-end=\"873\"><strong data-start=\"851\" data-end=\"871\">\ud83c\udfa8 Estilo e uso<\/strong><\/h3>\n<ul data-start=\"874\" data-end=\"983\">\n<li data-start=\"874\" data-end=\"941\"><strong data-start=\"876\" data-end=\"884\">Usar:<\/strong> Adequado para roupas, acess\u00f3rios e designs personalizados<\/li>\n<li data-start=\"942\" data-end=\"983\"><strong data-start=\"944\" data-end=\"962\">Aplic\u00e1vel a:<\/strong> Homens e mulheres<\/li>\n<\/ul>\n<h3 data-start=\"985\" data-end=\"1017\"><strong data-start=\"989\" data-end=\"1015\">\ud83c\udf0d Produ\u00e7\u00e3o e Origem<\/strong><\/h3>\n<ul data-start=\"1018\" data-end=\"1083\">\n<li data-start=\"1018\" data-end=\"1048\"><strong data-start=\"1020\" data-end=\"1040\">Local de origem:<\/strong> China<\/li>\n<li data-start=\"1049\" data-end=\"1083\"><strong data-start=\"1051\" data-end=\"1067\">Tipo de fornecimento:<\/strong> Fa\u00e7a sob encomenda<\/li>\n<\/ul>\n<h3 data-start=\"1085\" data-end=\"1113\"><strong data-start=\"1089\" data-end=\"1111\">\ud83d\udd11 Notas importantes<\/strong><\/h3>\n<ul data-start=\"1114\" data-end=\"1205\">\n<li data-start=\"1114\" data-end=\"1205\"><strong data-start=\"1116\" data-end=\"1133\">Dados do produto:<\/strong> As especifica\u00e7\u00f5es reais do produto podem variar dependendo do lote de produ\u00e7\u00e3o.<\/li>\n<\/ul>","protected":false},"excerpt":{"rendered":"<h3 data-start=\"490\" data-end=\"519\"><strong data-start=\"494\" data-end=\"517\">\ud83c\udf0d Vis\u00e3o geral do produto<\/strong><\/h3>\n<ul data-start=\"520\" data-end=\"639\">\n<li data-start=\"520\" data-end=\"551\"><strong data-start=\"522\" data-end=\"539\">N\u00famero do modelo:<\/strong> B081 Azul<\/li>\n<li data-start=\"552\" data-end=\"619\"><strong data-start=\"554\" data-end=\"579\">Composi\u00e7\u00e3o do material:<\/strong> 78% Algod\u00e3o, 2% Elastano, 20% Poli\u00e9ster<\/li>\n<li data-start=\"620\" data-end=\"639\"><strong data-start=\"622\" data-end=\"632\">Cor:<\/strong> Azul<\/li>\n<\/ul>\n<h3 data-start=\"641\" data-end=\"675\"><strong data-start=\"645\" data-end=\"673\">\ud83e\uddf5 Especifica\u00e7\u00f5es do tecido<\/strong><\/h3>\n<ul data-start=\"676\" data-end=\"845\">\n<li data-start=\"676\" data-end=\"705\"><strong data-start=\"678\" data-end=\"687\">Tipo:<\/strong> Tecido jeans 7S<\/li>\n<li data-start=\"706\" data-end=\"729\"><strong data-start=\"708\" data-end=\"721\">T\u00e9cnicas:<\/strong> Tecido<\/li>\n<li data-start=\"730\" data-end=\"765\"><strong data-start=\"732\" data-end=\"742\">Largura:<\/strong> 180 cm (70,9 polegadas)<\/li>\n<li data-start=\"766\" data-end=\"794\"><strong data-start=\"768\" data-end=\"779\">Peso:<\/strong> Aprox. 450g<\/li>\n<li data-start=\"795\" data-end=\"817\"><strong data-start=\"797\" data-end=\"812\">Contagem de fios:<\/strong> 7S<\/li>\n<li data-start=\"818\" data-end=\"845\"><strong data-start=\"820\" data-end=\"830\">Estilo:<\/strong> Textura Slub<\/li>\n<\/ul>\n<h3 data-start=\"847\" data-end=\"873\"><strong data-start=\"851\" data-end=\"871\">\ud83c\udfa8 Estilo e uso<\/strong><\/h3>\n<ul data-start=\"874\" data-end=\"983\">\n<li data-start=\"874\" data-end=\"941\"><strong data-start=\"876\" data-end=\"884\">Usar:<\/strong> Adequado para roupas, acess\u00f3rios e designs personalizados<\/li>\n<li data-start=\"942\" data-end=\"983\"><strong data-start=\"944\" data-end=\"962\">Aplic\u00e1vel a:<\/strong> Homens e mulheres<\/li>\n<\/ul>\n<h3 data-start=\"985\" data-end=\"1017\"><strong data-start=\"989\" data-end=\"1015\">\ud83c\udf0d Produ\u00e7\u00e3o e Origem<\/strong><\/h3>\n<ul data-start=\"1018\" data-end=\"1083\">\n<li data-start=\"1018\" data-end=\"1048\"><strong data-start=\"1020\" data-end=\"1040\">Local de origem:<\/strong> China<\/li>\n<li data-start=\"1049\" data-end=\"1083\"><strong data-start=\"1051\" data-end=\"1067\">Tipo de fornecimento:<\/strong> Fa\u00e7a sob encomenda<\/li>\n<\/ul>\n<h3 data-start=\"1085\" data-end=\"1113\"><strong data-start=\"1089\" data-end=\"1111\">\ud83d\udd11 Notas importantes<\/strong><\/h3>\n<ul data-start=\"1114\" data-end=\"1205\">\n<li data-start=\"1114\" data-end=\"1205\"><strong data-start=\"1116\" data-end=\"1133\">Dados do produto:<\/strong> As especifica\u00e7\u00f5es reais do produto podem variar dependendo do lote de produ\u00e7\u00e3o.<\/li>\n<\/ul>","protected":false},"featured_media":4103,"template":"","meta":[],"product_brand":[],"product_cat":[46,20,30,31],"product_tag":[],"class_list":{"0":"post-4102","1":"product","2":"type-product","3":"status-publish","4":"has-post-thumbnail","6":"product_cat-7s-oe","7":"product_cat-cotton-woven-fabric","8":"product_cat-cotton-polyster-spandex-denim-fabric","9":"product_cat-high-stretch-denim-fabric","11":"first","12":"instock","13":"shipping-taxable","14":"product-type-simple"},"aioseo_notices":[],"_links":{"self":[{"href":"https:\/\/lydenim.com\/pt\/wp-json\/wp\/v2\/product\/4102","targetHints":{"allow":["GET"]}}],"collection":[{"href":"https:\/\/lydenim.com\/pt\/wp-json\/wp\/v2\/product"}],"about":[{"href":"https:\/\/lydenim.com\/pt\/wp-json\/wp\/v2\/types\/product"}],"version-history":[{"count":1,"href":"https:\/\/lydenim.com\/pt\/wp-json\/wp\/v2\/product\/4102\/revisions"}],"predecessor-version":[{"id":4107,"href":"https:\/\/lydenim.com\/pt\/wp-json\/wp\/v2\/product\/4102\/revisions\/4107"}],"wp:featuredmedia":[{"embeddable":true,"href":"https:\/\/lydenim.com\/pt\/wp-json\/wp\/v2\/media\/4103"}],"wp:attachment":[{"href":"https:\/\/lydenim.com\/pt\/wp-json\/wp\/v2\/media?parent=4102"}],"wp:term":[{"taxonomy":"product_brand","embeddable":true,"href":"https:\/\/lydenim.com\/pt\/wp-json\/wp\/v2\/product_brand?post=4102"},{"taxonomy":"product_cat","embeddable":true,"href":"https:\/\/lydenim.com\/pt\/wp-json\/wp\/v2\/product_cat?post=4102"},{"taxonomy":"product_tag","embeddable":true,"href":"https:\/\/lydenim.com\/pt\/wp-json\/wp\/v2\/product_tag?post=4102"}],"curies":[{"name":"wp","href":"https:\/\/api.w.org\/{rel}","templated":true}]}}