{"id":4109,"date":"2025-03-12T11:47:03","date_gmt":"2025-03-12T03:47:03","guid":{"rendered":"https:\/\/lydenim.com\/?post_type=product&#038;p=4109"},"modified":"2025-03-12T11:49:02","modified_gmt":"2025-03-12T03:49:02","slug":"119-4-stretch-denim-fabric-black-slub-weave-for-fashion-design","status":"publish","type":"product","link":"https:\/\/lydenim.com\/pt\/produto\/119-4-tecido-jeans-elastico-preto-com-trama-slub-para-design-de-moda\/","title":{"rendered":"Tecido jeans el\u00e1stico 119-4 \u2013 trama preta slub para moda e design"},"content":{"rendered":"<h3 data-start=\"501\" data-end=\"530\"><strong data-start=\"505\" data-end=\"528\">\ud83c\udf0d Vis\u00e3o geral do produto<\/strong><\/h3>\n<ul data-start=\"531\" data-end=\"651\">\n<li data-start=\"531\" data-end=\"563\"><strong data-start=\"533\" data-end=\"550\">N\u00famero do modelo:<\/strong> 119-4 Preto<\/li>\n<li data-start=\"564\" data-end=\"631\"><strong data-start=\"566\" data-end=\"591\">Composi\u00e7\u00e3o do material:<\/strong> 70% Algod\u00e3o, 2% Elastano, 28% Poli\u00e9ster<\/li>\n<li data-start=\"632\" data-end=\"651\"><strong data-start=\"634\" data-end=\"644\">Cor:<\/strong> Preto<\/li>\n<\/ul>\n<h3 data-start=\"653\" data-end=\"687\"><strong data-start=\"657\" data-end=\"685\">\ud83e\uddf5 Especifica\u00e7\u00f5es do tecido<\/strong><\/h3>\n<ul data-start=\"688\" data-end=\"867\">\n<li data-start=\"688\" data-end=\"717\"><strong data-start=\"690\" data-end=\"699\">Tipo:<\/strong> Tecido jeans 8S<\/li>\n<li data-start=\"718\" data-end=\"741\"><strong data-start=\"720\" data-end=\"733\">T\u00e9cnicas:<\/strong> Tecido<\/li>\n<li data-start=\"742\" data-end=\"777\"><strong data-start=\"744\" data-end=\"754\">Largura:<\/strong> 180 cm (70,9 polegadas)<\/li>\n<li data-start=\"778\" data-end=\"824\"><strong data-start=\"780\" data-end=\"791\">Peso:<\/strong> Aprox. 380g (Aprox. 13,4 oz)<\/li>\n<li data-start=\"825\" data-end=\"847\"><strong data-start=\"827\" data-end=\"842\">Contagem de fios:<\/strong> 8S<\/li>\n<li data-start=\"848\" data-end=\"867\"><strong data-start=\"850\" data-end=\"860\">Estilo:<\/strong> Slub<\/li>\n<\/ul>\n<h3 data-start=\"869\" data-end=\"895\"><strong data-start=\"873\" data-end=\"893\">\ud83c\udfa8 Estilo e uso<\/strong><\/h3>\n<ul data-start=\"896\" data-end=\"1005\">\n<li data-start=\"896\" data-end=\"963\"><strong data-start=\"898\" data-end=\"906\">Usar:<\/strong> Adequado para roupas, acess\u00f3rios e designs personalizados<\/li>\n<li data-start=\"964\" data-end=\"1005\"><strong data-start=\"966\" data-end=\"984\">Aplic\u00e1vel a:<\/strong> Homens e mulheres<\/li>\n<\/ul>\n<h3 data-start=\"1007\" data-end=\"1039\"><strong data-start=\"1011\" data-end=\"1037\">\ud83c\udf0d Produ\u00e7\u00e3o e Origem<\/strong><\/h3>\n<ul data-start=\"1040\" data-end=\"1105\">\n<li data-start=\"1040\" data-end=\"1070\"><strong data-start=\"1042\" data-end=\"1062\">Local de origem:<\/strong> China<\/li>\n<li data-start=\"1071\" data-end=\"1105\"><strong data-start=\"1073\" data-end=\"1089\">Tipo de fornecimento:<\/strong> Fa\u00e7a sob encomenda<\/li>\n<\/ul>\n<h3 data-start=\"1107\" data-end=\"1135\"><strong data-start=\"1111\" data-end=\"1133\">\ud83d\udd11 Notas importantes<\/strong><\/h3>\n<ul data-start=\"1136\" data-end=\"1227\">\n<li data-start=\"1136\" data-end=\"1227\"><strong data-start=\"1138\" data-end=\"1155\">Dados do produto:<\/strong> As especifica\u00e7\u00f5es reais do produto podem variar dependendo do lote de produ\u00e7\u00e3o.<\/li>\n<\/ul>","protected":false},"excerpt":{"rendered":"<h3 data-start=\"501\" data-end=\"530\"><strong data-start=\"505\" data-end=\"528\">\ud83c\udf0d Vis\u00e3o geral do produto<\/strong><\/h3>\n<ul data-start=\"531\" data-end=\"651\">\n<li data-start=\"531\" data-end=\"563\"><strong data-start=\"533\" data-end=\"550\">N\u00famero do modelo:<\/strong> 119-4 Preto<\/li>\n<li data-start=\"564\" data-end=\"631\"><strong data-start=\"566\" data-end=\"591\">Composi\u00e7\u00e3o do material:<\/strong> 70% Algod\u00e3o, 2% Elastano, 28% Poli\u00e9ster<\/li>\n<li data-start=\"632\" data-end=\"651\"><strong data-start=\"634\" data-end=\"644\">Cor:<\/strong> Preto<\/li>\n<\/ul>\n<h3 data-start=\"653\" data-end=\"687\"><strong data-start=\"657\" data-end=\"685\">\ud83e\uddf5 Especifica\u00e7\u00f5es do tecido<\/strong><\/h3>\n<ul data-start=\"688\" data-end=\"867\">\n<li data-start=\"688\" data-end=\"717\"><strong data-start=\"690\" data-end=\"699\">Tipo:<\/strong> Tecido jeans 8S<\/li>\n<li data-start=\"718\" data-end=\"741\"><strong data-start=\"720\" data-end=\"733\">T\u00e9cnicas:<\/strong> Tecido<\/li>\n<li data-start=\"742\" data-end=\"777\"><strong data-start=\"744\" data-end=\"754\">Largura:<\/strong> 180 cm (70,9 polegadas)<\/li>\n<li data-start=\"778\" data-end=\"824\"><strong data-start=\"780\" data-end=\"791\">Peso:<\/strong> Aprox. 380g (Aprox. 13,4 oz)<\/li>\n<li data-start=\"825\" data-end=\"847\"><strong data-start=\"827\" data-end=\"842\">Contagem de fios:<\/strong> 8S<\/li>\n<li data-start=\"848\" data-end=\"867\"><strong data-start=\"850\" data-end=\"860\">Estilo:<\/strong> Slub<\/li>\n<\/ul>\n<h3 data-start=\"869\" data-end=\"895\"><strong data-start=\"873\" data-end=\"893\">\ud83c\udfa8 Estilo e uso<\/strong><\/h3>\n<ul data-start=\"896\" data-end=\"1005\">\n<li data-start=\"896\" data-end=\"963\"><strong data-start=\"898\" data-end=\"906\">Usar:<\/strong> Adequado para roupas, acess\u00f3rios e designs personalizados<\/li>\n<li data-start=\"964\" data-end=\"1005\"><strong data-start=\"966\" data-end=\"984\">Aplic\u00e1vel a:<\/strong> Homens e mulheres<\/li>\n<\/ul>\n<h3 data-start=\"1007\" data-end=\"1039\"><strong data-start=\"1011\" data-end=\"1037\">\ud83c\udf0d Produ\u00e7\u00e3o e Origem<\/strong><\/h3>\n<ul data-start=\"1040\" data-end=\"1105\">\n<li data-start=\"1040\" data-end=\"1070\"><strong data-start=\"1042\" data-end=\"1062\">Local de origem:<\/strong> China<\/li>\n<li data-start=\"1071\" data-end=\"1105\"><strong data-start=\"1073\" data-end=\"1089\">Tipo de fornecimento:<\/strong> Fa\u00e7a sob encomenda<\/li>\n<\/ul>\n<h3 data-start=\"1107\" data-end=\"1135\"><strong data-start=\"1111\" data-end=\"1133\">\ud83d\udd11 Notas importantes<\/strong><\/h3>\n<ul data-start=\"1136\" data-end=\"1227\">\n<li data-start=\"1136\" data-end=\"1227\"><strong data-start=\"1138\" data-end=\"1155\">Dados do produto:<\/strong> As especifica\u00e7\u00f5es reais do produto podem variar dependendo do lote de produ\u00e7\u00e3o.<\/li>\n<\/ul>","protected":false},"featured_media":4108,"template":"","meta":[],"product_brand":[],"product_cat":[47,20,30,31],"product_tag":[],"class_list":{"0":"post-4109","1":"product","2":"type-product","3":"status-publish","4":"has-post-thumbnail","6":"product_cat-8s-oe","7":"product_cat-cotton-woven-fabric","8":"product_cat-cotton-polyster-spandex-denim-fabric","9":"product_cat-high-stretch-denim-fabric","11":"first","12":"instock","13":"shipping-taxable","14":"product-type-simple"},"aioseo_notices":[],"_links":{"self":[{"href":"https:\/\/lydenim.com\/pt\/wp-json\/wp\/v2\/product\/4109","targetHints":{"allow":["GET"]}}],"collection":[{"href":"https:\/\/lydenim.com\/pt\/wp-json\/wp\/v2\/product"}],"about":[{"href":"https:\/\/lydenim.com\/pt\/wp-json\/wp\/v2\/types\/product"}],"version-history":[{"count":1,"href":"https:\/\/lydenim.com\/pt\/wp-json\/wp\/v2\/product\/4109\/revisions"}],"predecessor-version":[{"id":4113,"href":"https:\/\/lydenim.com\/pt\/wp-json\/wp\/v2\/product\/4109\/revisions\/4113"}],"wp:featuredmedia":[{"embeddable":true,"href":"https:\/\/lydenim.com\/pt\/wp-json\/wp\/v2\/media\/4108"}],"wp:attachment":[{"href":"https:\/\/lydenim.com\/pt\/wp-json\/wp\/v2\/media?parent=4109"}],"wp:term":[{"taxonomy":"product_brand","embeddable":true,"href":"https:\/\/lydenim.com\/pt\/wp-json\/wp\/v2\/product_brand?post=4109"},{"taxonomy":"product_cat","embeddable":true,"href":"https:\/\/lydenim.com\/pt\/wp-json\/wp\/v2\/product_cat?post=4109"},{"taxonomy":"product_tag","embeddable":true,"href":"https:\/\/lydenim.com\/pt\/wp-json\/wp\/v2\/product_tag?post=4109"}],"curies":[{"name":"wp","href":"https:\/\/api.w.org\/{rel}","templated":true}]}}