{"id":4147,"date":"2025-03-14T13:26:46","date_gmt":"2025-03-14T05:26:46","guid":{"rendered":"https:\/\/lydenim.com\/?post_type=product&#038;p=4147"},"modified":"2025-03-14T13:42:54","modified_gmt":"2025-03-14T05:42:54","slug":"18-colored-no-stretch-jacquard-denim","status":"publish","type":"product","link":"https:\/\/lydenim.com\/pt\/produto\/18-jeans-jacquard-coloridos-sem-elasticidade\/","title":{"rendered":"18 Jeans Jacquard Coloridos Sem El\u00e1stico"},"content":{"rendered":"<ul>\n<li>\n<p data-start=\"27\" data-end=\"55\"><img loading=\"lazy\" decoding=\"async\" class=\"alignnone wp-image-4152\" src=\"https:\/\/lydenim.com\/wp-content\/uploads\/2025\/03\/IMG_5730.jpg\" alt=\"\" width=\"600\" height=\"600\" srcset=\"https:\/\/lydenim.com\/wp-content\/uploads\/2025\/03\/IMG_5730.jpg 2196w, https:\/\/lydenim.com\/wp-content\/uploads\/2025\/03\/IMG_5730-300x300.jpg 300w, https:\/\/lydenim.com\/wp-content\/uploads\/2025\/03\/IMG_5730-1024x1024.jpg 1024w, https:\/\/lydenim.com\/wp-content\/uploads\/2025\/03\/IMG_5730-150x150.jpg 150w, https:\/\/lydenim.com\/wp-content\/uploads\/2025\/03\/IMG_5730-768x768.jpg 768w, https:\/\/lydenim.com\/wp-content\/uploads\/2025\/03\/IMG_5730-1536x1536.jpg 1536w, https:\/\/lydenim.com\/wp-content\/uploads\/2025\/03\/IMG_5730-2048x2048.jpg 2048w, https:\/\/lydenim.com\/wp-content\/uploads\/2025\/03\/IMG_5730-12x12.jpg 12w, https:\/\/lydenim.com\/wp-content\/uploads\/2025\/03\/IMG_5730-600x600.jpg 600w\" sizes=\"auto, (max-width: 600px) 100vw, 600px\" \/><img loading=\"lazy\" decoding=\"async\" class=\"alignnone wp-image-4153\" src=\"https:\/\/lydenim.com\/wp-content\/uploads\/2025\/03\/IMG_5732.jpg\" alt=\"\" width=\"600\" height=\"600\" srcset=\"https:\/\/lydenim.com\/wp-content\/uploads\/2025\/03\/IMG_5732.jpg 2196w, https:\/\/lydenim.com\/wp-content\/uploads\/2025\/03\/IMG_5732-300x300.jpg 300w, https:\/\/lydenim.com\/wp-content\/uploads\/2025\/03\/IMG_5732-1024x1024.jpg 1024w, https:\/\/lydenim.com\/wp-content\/uploads\/2025\/03\/IMG_5732-150x150.jpg 150w, https:\/\/lydenim.com\/wp-content\/uploads\/2025\/03\/IMG_5732-768x768.jpg 768w, https:\/\/lydenim.com\/wp-content\/uploads\/2025\/03\/IMG_5732-1536x1536.jpg 1536w, https:\/\/lydenim.com\/wp-content\/uploads\/2025\/03\/IMG_5732-2048x2048.jpg 2048w, https:\/\/lydenim.com\/wp-content\/uploads\/2025\/03\/IMG_5732-12x12.jpg 12w, https:\/\/lydenim.com\/wp-content\/uploads\/2025\/03\/IMG_5732-600x600.jpg 600w\" sizes=\"auto, (max-width: 600px) 100vw, 600px\" \/><img loading=\"lazy\" decoding=\"async\" class=\"alignnone wp-image-4154\" src=\"https:\/\/lydenim.com\/wp-content\/uploads\/2025\/03\/IMG_5733.jpg\" alt=\"\" width=\"600\" height=\"600\" srcset=\"https:\/\/lydenim.com\/wp-content\/uploads\/2025\/03\/IMG_5733.jpg 2196w, https:\/\/lydenim.com\/wp-content\/uploads\/2025\/03\/IMG_5733-300x300.jpg 300w, https:\/\/lydenim.com\/wp-content\/uploads\/2025\/03\/IMG_5733-1024x1024.jpg 1024w, https:\/\/lydenim.com\/wp-content\/uploads\/2025\/03\/IMG_5733-150x150.jpg 150w, https:\/\/lydenim.com\/wp-content\/uploads\/2025\/03\/IMG_5733-768x768.jpg 768w, https:\/\/lydenim.com\/wp-content\/uploads\/2025\/03\/IMG_5733-1536x1536.jpg 1536w, https:\/\/lydenim.com\/wp-content\/uploads\/2025\/03\/IMG_5733-2048x2048.jpg 2048w, https:\/\/lydenim.com\/wp-content\/uploads\/2025\/03\/IMG_5733-12x12.jpg 12w, https:\/\/lydenim.com\/wp-content\/uploads\/2025\/03\/IMG_5733-600x600.jpg 600w\" sizes=\"auto, (max-width: 600px) 100vw, 600px\" \/><img loading=\"lazy\" decoding=\"async\" class=\"alignnone wp-image-4155\" src=\"https:\/\/lydenim.com\/wp-content\/uploads\/2025\/03\/IMG_5735.jpg\" alt=\"\" width=\"600\" height=\"600\" srcset=\"https:\/\/lydenim.com\/wp-content\/uploads\/2025\/03\/IMG_5735.jpg 2196w, https:\/\/lydenim.com\/wp-content\/uploads\/2025\/03\/IMG_5735-300x300.jpg 300w, https:\/\/lydenim.com\/wp-content\/uploads\/2025\/03\/IMG_5735-1024x1024.jpg 1024w, https:\/\/lydenim.com\/wp-content\/uploads\/2025\/03\/IMG_5735-150x150.jpg 150w, https:\/\/lydenim.com\/wp-content\/uploads\/2025\/03\/IMG_5735-768x768.jpg 768w, https:\/\/lydenim.com\/wp-content\/uploads\/2025\/03\/IMG_5735-1536x1536.jpg 1536w, https:\/\/lydenim.com\/wp-content\/uploads\/2025\/03\/IMG_5735-2048x2048.jpg 2048w, https:\/\/lydenim.com\/wp-content\/uploads\/2025\/03\/IMG_5735-12x12.jpg 12w, https:\/\/lydenim.com\/wp-content\/uploads\/2025\/03\/IMG_5735-600x600.jpg 600w\" sizes=\"auto, (max-width: 600px) 100vw, 600px\" \/><img loading=\"lazy\" decoding=\"async\" class=\"alignnone wp-image-4156\" src=\"https:\/\/lydenim.com\/wp-content\/uploads\/2025\/03\/IMG_5736.jpg\" alt=\"\" width=\"600\" height=\"600\" srcset=\"https:\/\/lydenim.com\/wp-content\/uploads\/2025\/03\/IMG_5736.jpg 2196w, https:\/\/lydenim.com\/wp-content\/uploads\/2025\/03\/IMG_5736-300x300.jpg 300w, https:\/\/lydenim.com\/wp-content\/uploads\/2025\/03\/IMG_5736-1024x1024.jpg 1024w, https:\/\/lydenim.com\/wp-content\/uploads\/2025\/03\/IMG_5736-150x150.jpg 150w, https:\/\/lydenim.com\/wp-content\/uploads\/2025\/03\/IMG_5736-768x768.jpg 768w, https:\/\/lydenim.com\/wp-content\/uploads\/2025\/03\/IMG_5736-1536x1536.jpg 1536w, https:\/\/lydenim.com\/wp-content\/uploads\/2025\/03\/IMG_5736-2048x2048.jpg 2048w, https:\/\/lydenim.com\/wp-content\/uploads\/2025\/03\/IMG_5736-12x12.jpg 12w, https:\/\/lydenim.com\/wp-content\/uploads\/2025\/03\/IMG_5736-600x600.jpg 600w\" sizes=\"auto, (max-width: 600px) 100vw, 600px\" \/> <img loading=\"lazy\" decoding=\"async\" class=\"alignnone wp-image-4157\" src=\"https:\/\/lydenim.com\/wp-content\/uploads\/2025\/03\/IMG_5739.jpg\" alt=\"\" width=\"600\" height=\"600\" srcset=\"https:\/\/lydenim.com\/wp-content\/uploads\/2025\/03\/IMG_5739.jpg 2196w, https:\/\/lydenim.com\/wp-content\/uploads\/2025\/03\/IMG_5739-300x300.jpg 300w, https:\/\/lydenim.com\/wp-content\/uploads\/2025\/03\/IMG_5739-1024x1024.jpg 1024w, https:\/\/lydenim.com\/wp-content\/uploads\/2025\/03\/IMG_5739-150x150.jpg 150w, https:\/\/lydenim.com\/wp-content\/uploads\/2025\/03\/IMG_5739-768x768.jpg 768w, https:\/\/lydenim.com\/wp-content\/uploads\/2025\/03\/IMG_5739-1536x1536.jpg 1536w, https:\/\/lydenim.com\/wp-content\/uploads\/2025\/03\/IMG_5739-2048x2048.jpg 2048w, https:\/\/lydenim.com\/wp-content\/uploads\/2025\/03\/IMG_5739-12x12.jpg 12w, https:\/\/lydenim.com\/wp-content\/uploads\/2025\/03\/IMG_5739-600x600.jpg 600w\" sizes=\"auto, (max-width: 600px) 100vw, 600px\" \/> <img loading=\"lazy\" decoding=\"async\" class=\"alignnone wp-image-4158\" src=\"https:\/\/lydenim.com\/wp-content\/uploads\/2025\/03\/IMG_5740.jpg\" alt=\"\" width=\"600\" height=\"600\" srcset=\"https:\/\/lydenim.com\/wp-content\/uploads\/2025\/03\/IMG_5740.jpg 2196w, https:\/\/lydenim.com\/wp-content\/uploads\/2025\/03\/IMG_5740-300x300.jpg 300w, https:\/\/lydenim.com\/wp-content\/uploads\/2025\/03\/IMG_5740-1024x1024.jpg 1024w, https:\/\/lydenim.com\/wp-content\/uploads\/2025\/03\/IMG_5740-150x150.jpg 150w, https:\/\/lydenim.com\/wp-content\/uploads\/2025\/03\/IMG_5740-768x768.jpg 768w, https:\/\/lydenim.com\/wp-content\/uploads\/2025\/03\/IMG_5740-1536x1536.jpg 1536w, https:\/\/lydenim.com\/wp-content\/uploads\/2025\/03\/IMG_5740-2048x2048.jpg 2048w, https:\/\/lydenim.com\/wp-content\/uploads\/2025\/03\/IMG_5740-12x12.jpg 12w, https:\/\/lydenim.com\/wp-content\/uploads\/2025\/03\/IMG_5740-600x600.jpg 600w\" sizes=\"auto, (max-width: 600px) 100vw, 600px\" \/> <img loading=\"lazy\" decoding=\"async\" class=\"alignnone wp-image-4159\" src=\"https:\/\/lydenim.com\/wp-content\/uploads\/2025\/03\/IMG_5741.jpg\" alt=\"\" width=\"600\" height=\"600\" srcset=\"https:\/\/lydenim.com\/wp-content\/uploads\/2025\/03\/IMG_5741.jpg 2196w, https:\/\/lydenim.com\/wp-content\/uploads\/2025\/03\/IMG_5741-300x300.jpg 300w, https:\/\/lydenim.com\/wp-content\/uploads\/2025\/03\/IMG_5741-1024x1024.jpg 1024w, https:\/\/lydenim.com\/wp-content\/uploads\/2025\/03\/IMG_5741-150x150.jpg 150w, https:\/\/lydenim.com\/wp-content\/uploads\/2025\/03\/IMG_5741-768x768.jpg 768w, https:\/\/lydenim.com\/wp-content\/uploads\/2025\/03\/IMG_5741-1536x1536.jpg 1536w, https:\/\/lydenim.com\/wp-content\/uploads\/2025\/03\/IMG_5741-2048x2048.jpg 2048w, https:\/\/lydenim.com\/wp-content\/uploads\/2025\/03\/IMG_5741-12x12.jpg 12w, https:\/\/lydenim.com\/wp-content\/uploads\/2025\/03\/IMG_5741-600x600.jpg 600w\" sizes=\"auto, (max-width: 600px) 100vw, 600px\" \/> <img loading=\"lazy\" decoding=\"async\" class=\"alignnone wp-image-4160\" src=\"https:\/\/lydenim.com\/wp-content\/uploads\/2025\/03\/IMG_5742.jpg\" alt=\"\" width=\"600\" height=\"600\" srcset=\"https:\/\/lydenim.com\/wp-content\/uploads\/2025\/03\/IMG_5742.jpg 2196w, https:\/\/lydenim.com\/wp-content\/uploads\/2025\/03\/IMG_5742-300x300.jpg 300w, https:\/\/lydenim.com\/wp-content\/uploads\/2025\/03\/IMG_5742-1024x1024.jpg 1024w, https:\/\/lydenim.com\/wp-content\/uploads\/2025\/03\/IMG_5742-150x150.jpg 150w, https:\/\/lydenim.com\/wp-content\/uploads\/2025\/03\/IMG_5742-768x768.jpg 768w, https:\/\/lydenim.com\/wp-content\/uploads\/2025\/03\/IMG_5742-1536x1536.jpg 1536w, https:\/\/lydenim.com\/wp-content\/uploads\/2025\/03\/IMG_5742-2048x2048.jpg 2048w, https:\/\/lydenim.com\/wp-content\/uploads\/2025\/03\/IMG_5742-12x12.jpg 12w, https:\/\/lydenim.com\/wp-content\/uploads\/2025\/03\/IMG_5742-600x600.jpg 600w\" sizes=\"auto, (max-width: 600px) 100vw, 600px\" \/> <img loading=\"lazy\" decoding=\"async\" class=\"alignnone wp-image-4161\" src=\"https:\/\/lydenim.com\/wp-content\/uploads\/2025\/03\/IMG_5743.jpg\" alt=\"\" width=\"600\" height=\"600\" srcset=\"https:\/\/lydenim.com\/wp-content\/uploads\/2025\/03\/IMG_5743.jpg 2196w, https:\/\/lydenim.com\/wp-content\/uploads\/2025\/03\/IMG_5743-300x300.jpg 300w, https:\/\/lydenim.com\/wp-content\/uploads\/2025\/03\/IMG_5743-1024x1024.jpg 1024w, https:\/\/lydenim.com\/wp-content\/uploads\/2025\/03\/IMG_5743-150x150.jpg 150w, https:\/\/lydenim.com\/wp-content\/uploads\/2025\/03\/IMG_5743-768x768.jpg 768w, https:\/\/lydenim.com\/wp-content\/uploads\/2025\/03\/IMG_5743-1536x1536.jpg 1536w, https:\/\/lydenim.com\/wp-content\/uploads\/2025\/03\/IMG_5743-2048x2048.jpg 2048w, https:\/\/lydenim.com\/wp-content\/uploads\/2025\/03\/IMG_5743-12x12.jpg 12w, https:\/\/lydenim.com\/wp-content\/uploads\/2025\/03\/IMG_5743-600x600.jpg 600w\" sizes=\"auto, (max-width: 600px) 100vw, 600px\" \/> <img loading=\"lazy\" decoding=\"async\" class=\"alignnone wp-image-4162\" src=\"https:\/\/lydenim.com\/wp-content\/uploads\/2025\/03\/IMG_5744.jpg\" alt=\"\" width=\"600\" height=\"600\" srcset=\"https:\/\/lydenim.com\/wp-content\/uploads\/2025\/03\/IMG_5744.jpg 2196w, https:\/\/lydenim.com\/wp-content\/uploads\/2025\/03\/IMG_5744-300x300.jpg 300w, https:\/\/lydenim.com\/wp-content\/uploads\/2025\/03\/IMG_5744-1024x1024.jpg 1024w, https:\/\/lydenim.com\/wp-content\/uploads\/2025\/03\/IMG_5744-150x150.jpg 150w, https:\/\/lydenim.com\/wp-content\/uploads\/2025\/03\/IMG_5744-768x768.jpg 768w, https:\/\/lydenim.com\/wp-content\/uploads\/2025\/03\/IMG_5744-1536x1536.jpg 1536w, https:\/\/lydenim.com\/wp-content\/uploads\/2025\/03\/IMG_5744-2048x2048.jpg 2048w, https:\/\/lydenim.com\/wp-content\/uploads\/2025\/03\/IMG_5744-12x12.jpg 12w, https:\/\/lydenim.com\/wp-content\/uploads\/2025\/03\/IMG_5744-600x600.jpg 600w\" sizes=\"auto, (max-width: 600px) 100vw, 600px\" \/> <img loading=\"lazy\" decoding=\"async\" class=\"alignnone wp-image-4163\" src=\"https:\/\/lydenim.com\/wp-content\/uploads\/2025\/03\/IMG_5745.jpg\" alt=\"\" width=\"600\" height=\"600\" srcset=\"https:\/\/lydenim.com\/wp-content\/uploads\/2025\/03\/IMG_5745.jpg 2196w, https:\/\/lydenim.com\/wp-content\/uploads\/2025\/03\/IMG_5745-300x300.jpg 300w, https:\/\/lydenim.com\/wp-content\/uploads\/2025\/03\/IMG_5745-1024x1024.jpg 1024w, https:\/\/lydenim.com\/wp-content\/uploads\/2025\/03\/IMG_5745-150x150.jpg 150w, https:\/\/lydenim.com\/wp-content\/uploads\/2025\/03\/IMG_5745-768x768.jpg 768w, https:\/\/lydenim.com\/wp-content\/uploads\/2025\/03\/IMG_5745-1536x1536.jpg 1536w, https:\/\/lydenim.com\/wp-content\/uploads\/2025\/03\/IMG_5745-2048x2048.jpg 2048w, https:\/\/lydenim.com\/wp-content\/uploads\/2025\/03\/IMG_5745-12x12.jpg 12w, https:\/\/lydenim.com\/wp-content\/uploads\/2025\/03\/IMG_5745-600x600.jpg 600w\" sizes=\"auto, (max-width: 600px) 100vw, 600px\" \/> <img loading=\"lazy\" decoding=\"async\" class=\"alignnone wp-image-4164\" src=\"https:\/\/lydenim.com\/wp-content\/uploads\/2025\/03\/IMG_5746.jpg\" alt=\"\" width=\"600\" height=\"600\" srcset=\"https:\/\/lydenim.com\/wp-content\/uploads\/2025\/03\/IMG_5746.jpg 2196w, https:\/\/lydenim.com\/wp-content\/uploads\/2025\/03\/IMG_5746-300x300.jpg 300w, https:\/\/lydenim.com\/wp-content\/uploads\/2025\/03\/IMG_5746-1024x1024.jpg 1024w, https:\/\/lydenim.com\/wp-content\/uploads\/2025\/03\/IMG_5746-150x150.jpg 150w, https:\/\/lydenim.com\/wp-content\/uploads\/2025\/03\/IMG_5746-768x768.jpg 768w, https:\/\/lydenim.com\/wp-content\/uploads\/2025\/03\/IMG_5746-1536x1536.jpg 1536w, https:\/\/lydenim.com\/wp-content\/uploads\/2025\/03\/IMG_5746-2048x2048.jpg 2048w, https:\/\/lydenim.com\/wp-content\/uploads\/2025\/03\/IMG_5746-12x12.jpg 12w, https:\/\/lydenim.com\/wp-content\/uploads\/2025\/03\/IMG_5746-600x600.jpg 600w\" sizes=\"auto, (max-width: 600px) 100vw, 600px\" \/> <img loading=\"lazy\" decoding=\"async\" class=\"alignnone wp-image-4165\" src=\"https:\/\/lydenim.com\/wp-content\/uploads\/2025\/03\/IMG_5747.jpg\" alt=\"\" width=\"600\" height=\"600\" srcset=\"https:\/\/lydenim.com\/wp-content\/uploads\/2025\/03\/IMG_5747.jpg 2196w, https:\/\/lydenim.com\/wp-content\/uploads\/2025\/03\/IMG_5747-300x300.jpg 300w, https:\/\/lydenim.com\/wp-content\/uploads\/2025\/03\/IMG_5747-1024x1024.jpg 1024w, https:\/\/lydenim.com\/wp-content\/uploads\/2025\/03\/IMG_5747-150x150.jpg 150w, https:\/\/lydenim.com\/wp-content\/uploads\/2025\/03\/IMG_5747-768x768.jpg 768w, https:\/\/lydenim.com\/wp-content\/uploads\/2025\/03\/IMG_5747-1536x1536.jpg 1536w, https:\/\/lydenim.com\/wp-content\/uploads\/2025\/03\/IMG_5747-2048x2048.jpg 2048w, https:\/\/lydenim.com\/wp-content\/uploads\/2025\/03\/IMG_5747-12x12.jpg 12w, https:\/\/lydenim.com\/wp-content\/uploads\/2025\/03\/IMG_5747-600x600.jpg 600w\" sizes=\"auto, (max-width: 600px) 100vw, 600px\" \/> <img loading=\"lazy\" decoding=\"async\" class=\"alignnone wp-image-4166\" src=\"https:\/\/lydenim.com\/wp-content\/uploads\/2025\/03\/IMG_5748.jpg\" alt=\"\" width=\"600\" height=\"600\" srcset=\"https:\/\/lydenim.com\/wp-content\/uploads\/2025\/03\/IMG_5748.jpg 2196w, https:\/\/lydenim.com\/wp-content\/uploads\/2025\/03\/IMG_5748-300x300.jpg 300w, https:\/\/lydenim.com\/wp-content\/uploads\/2025\/03\/IMG_5748-1024x1024.jpg 1024w, https:\/\/lydenim.com\/wp-content\/uploads\/2025\/03\/IMG_5748-150x150.jpg 150w, https:\/\/lydenim.com\/wp-content\/uploads\/2025\/03\/IMG_5748-768x768.jpg 768w, https:\/\/lydenim.com\/wp-content\/uploads\/2025\/03\/IMG_5748-1536x1536.jpg 1536w, https:\/\/lydenim.com\/wp-content\/uploads\/2025\/03\/IMG_5748-2048x2048.jpg 2048w, https:\/\/lydenim.com\/wp-content\/uploads\/2025\/03\/IMG_5748-12x12.jpg 12w, https:\/\/lydenim.com\/wp-content\/uploads\/2025\/03\/IMG_5748-600x600.jpg 600w\" sizes=\"auto, (max-width: 600px) 100vw, 600px\" \/> <img loading=\"lazy\" decoding=\"async\" class=\"alignnone wp-image-4167\" src=\"https:\/\/lydenim.com\/wp-content\/uploads\/2025\/03\/IMG_5749.jpg\" alt=\"\" width=\"600\" height=\"600\" srcset=\"https:\/\/lydenim.com\/wp-content\/uploads\/2025\/03\/IMG_5749.jpg 2196w, https:\/\/lydenim.com\/wp-content\/uploads\/2025\/03\/IMG_5749-300x300.jpg 300w, https:\/\/lydenim.com\/wp-content\/uploads\/2025\/03\/IMG_5749-1024x1024.jpg 1024w, https:\/\/lydenim.com\/wp-content\/uploads\/2025\/03\/IMG_5749-150x150.jpg 150w, https:\/\/lydenim.com\/wp-content\/uploads\/2025\/03\/IMG_5749-768x768.jpg 768w, https:\/\/lydenim.com\/wp-content\/uploads\/2025\/03\/IMG_5749-1536x1536.jpg 1536w, https:\/\/lydenim.com\/wp-content\/uploads\/2025\/03\/IMG_5749-2048x2048.jpg 2048w, https:\/\/lydenim.com\/wp-content\/uploads\/2025\/03\/IMG_5749-12x12.jpg 12w, https:\/\/lydenim.com\/wp-content\/uploads\/2025\/03\/IMG_5749-600x600.jpg 600w\" sizes=\"auto, (max-width: 600px) 100vw, 600px\" \/> <img loading=\"lazy\" decoding=\"async\" class=\"alignnone wp-image-4168\" src=\"https:\/\/lydenim.com\/wp-content\/uploads\/2025\/03\/IMG_5750.jpg\" alt=\"\" width=\"600\" height=\"600\" srcset=\"https:\/\/lydenim.com\/wp-content\/uploads\/2025\/03\/IMG_5750.jpg 2196w, https:\/\/lydenim.com\/wp-content\/uploads\/2025\/03\/IMG_5750-300x300.jpg 300w, https:\/\/lydenim.com\/wp-content\/uploads\/2025\/03\/IMG_5750-1024x1024.jpg 1024w, https:\/\/lydenim.com\/wp-content\/uploads\/2025\/03\/IMG_5750-150x150.jpg 150w, https:\/\/lydenim.com\/wp-content\/uploads\/2025\/03\/IMG_5750-768x768.jpg 768w, https:\/\/lydenim.com\/wp-content\/uploads\/2025\/03\/IMG_5750-1536x1536.jpg 1536w, https:\/\/lydenim.com\/wp-content\/uploads\/2025\/03\/IMG_5750-2048x2048.jpg 2048w, https:\/\/lydenim.com\/wp-content\/uploads\/2025\/03\/IMG_5750-12x12.jpg 12w, https:\/\/lydenim.com\/wp-content\/uploads\/2025\/03\/IMG_5750-600x600.jpg 600w\" sizes=\"auto, (max-width: 600px) 100vw, 600px\" \/> <img loading=\"lazy\" decoding=\"async\" class=\"alignnone wp-image-4169\" src=\"https:\/\/lydenim.com\/wp-content\/uploads\/2025\/03\/IMG_5752.jpg\" alt=\"\" width=\"600\" height=\"600\" srcset=\"https:\/\/lydenim.com\/wp-content\/uploads\/2025\/03\/IMG_5752.jpg 2196w, https:\/\/lydenim.com\/wp-content\/uploads\/2025\/03\/IMG_5752-300x300.jpg 300w, https:\/\/lydenim.com\/wp-content\/uploads\/2025\/03\/IMG_5752-1024x1024.jpg 1024w, https:\/\/lydenim.com\/wp-content\/uploads\/2025\/03\/IMG_5752-150x150.jpg 150w, https:\/\/lydenim.com\/wp-content\/uploads\/2025\/03\/IMG_5752-768x768.jpg 768w, https:\/\/lydenim.com\/wp-content\/uploads\/2025\/03\/IMG_5752-1536x1536.jpg 1536w, https:\/\/lydenim.com\/wp-content\/uploads\/2025\/03\/IMG_5752-2048x2048.jpg 2048w, https:\/\/lydenim.com\/wp-content\/uploads\/2025\/03\/IMG_5752-12x12.jpg 12w, https:\/\/lydenim.com\/wp-content\/uploads\/2025\/03\/IMG_5752-600x600.jpg 600w\" sizes=\"auto, (max-width: 600px) 100vw, 600px\" \/><\/p>\n<\/li>\n<li>\n<p data-start=\"27\" data-end=\"55\">\ud83d\udccc <strong data-start=\"30\" data-end=\"47\">N\u00famero do modelo:<\/strong> K9394<\/p>\n<p data-start=\"57\" data-end=\"87\">\ud83e\uddf5 <strong data-start=\"60\" data-end=\"85\">Especifica\u00e7\u00f5es do tecido<\/strong><\/p>\n<ul data-start=\"88\" data-end=\"497\">\n<li data-start=\"88\" data-end=\"114\"><strong data-start=\"90\" data-end=\"99\">Tipo:<\/strong> Tecido Sarja<\/li>\n<li data-start=\"115\" data-end=\"182\"><strong data-start=\"117\" data-end=\"142\">Composi\u00e7\u00e3o do material:<\/strong> 75% Algod\u00e3o, 22% Lyocell, 3% Poli\u00e9ster<\/li>\n<li data-start=\"183\" data-end=\"225\"><strong data-start=\"185\" data-end=\"203\">Op\u00e7\u00f5es de cores:<\/strong> 18 cores dispon\u00edveis<\/li>\n<li data-start=\"226\" data-end=\"254\"><strong data-start=\"228\" data-end=\"240\">Padr\u00e3o:<\/strong> Jacquard<\/li>\n<li data-start=\"255\" data-end=\"278\"><strong data-start=\"257\" data-end=\"270\">T\u00e9cnicas:<\/strong> Tecido<\/li>\n<li data-start=\"279\" data-end=\"342\"><strong data-start=\"281\" data-end=\"291\">Largura:<\/strong> 180 cm (70,9 polegadas) (Personaliz\u00e1vel mediante solicita\u00e7\u00e3o)<\/li>\n<li data-start=\"343\" data-end=\"440\"><strong data-start=\"345\" data-end=\"356\">Peso:<\/strong> 10,8 on\u00e7as<\/li>\n<li data-start=\"441\" data-end=\"464\"><strong data-start=\"443\" data-end=\"458\">Contagem de fios:<\/strong> 10s<\/li>\n<li data-start=\"465\" data-end=\"497\"><strong data-start=\"467\" data-end=\"477\">Estilo:<\/strong> Jacquard<\/li>\n<\/ul>\n<p data-start=\"499\" data-end=\"521\">\ud83c\udfa8 <strong data-start=\"502\" data-end=\"519\">Estilo e uso<\/strong><\/p>\n<ul data-start=\"522\" data-end=\"640\">\n<li data-start=\"522\" data-end=\"598\"><strong data-start=\"524\" data-end=\"540\">Aplicativo:<\/strong> Ideal para roupas, vestu\u00e1rios da moda e designs personalizados<\/li>\n<li data-start=\"599\" data-end=\"640\"><strong data-start=\"601\" data-end=\"619\">Aplic\u00e1vel a:<\/strong> Tanto homens quanto mulheres<\/li>\n<\/ul>\n<p data-start=\"642\" data-end=\"670\">\ud83c\udf0d <strong data-start=\"645\" data-end=\"668\">Produ\u00e7\u00e3o e Origem<\/strong><\/p>\n<ul data-start=\"671\" data-end=\"736\">\n<li data-start=\"671\" data-end=\"701\"><strong data-start=\"673\" data-end=\"693\">Local de origem:<\/strong> China<\/li>\n<li data-start=\"702\" data-end=\"736\"><strong data-start=\"704\" data-end=\"720\">Tipo de fornecimento:<\/strong> Fa\u00e7a sob encomenda<\/li>\n<\/ul>\n<p data-start=\"738\" data-end=\"762\">\ud83d\udd11 <strong data-start=\"741\" data-end=\"760\">Notas importantes<\/strong><\/p>\n<ul data-start=\"763\" data-end=\"889\" data-is-last-node=\"\" data-is-only-node=\"\">\n<li data-start=\"763\" data-end=\"889\" data-is-last-node=\"\"><strong data-start=\"765\" data-end=\"782\">Dados do produto:<\/strong> As medidas da amostra s\u00e3o baseadas em lotes de produ\u00e7\u00e3o espec\u00edficos e podem variar devido \u00e0s toler\u00e2ncias de fabrica\u00e7\u00e3o.<\/li>\n<\/ul>\n<\/li>\n<\/ul>\n<p>&nbsp;<\/p>","protected":false},"excerpt":{"rendered":"<ul>\n<li>\n<p data-start=\"27\" data-end=\"55\">\ud83d\udccc <strong data-start=\"30\" data-end=\"47\">N\u00famero do modelo:<\/strong> K9394<\/p>\n<p data-start=\"57\" data-end=\"87\">\ud83e\uddf5 <strong data-start=\"60\" data-end=\"85\">Especifica\u00e7\u00f5es do tecido<\/strong><\/p>\n<ul data-start=\"88\" data-end=\"497\">\n<li data-start=\"88\" data-end=\"114\"><strong data-start=\"90\" data-end=\"99\">Tipo:<\/strong> Tecido Sarja<\/li>\n<li data-start=\"115\" data-end=\"182\"><strong data-start=\"117\" data-end=\"142\">Composi\u00e7\u00e3o do material:<\/strong> 75% Algod\u00e3o, 22% Lyocell, 3% Poli\u00e9ster<\/li>\n<li data-start=\"183\" data-end=\"225\"><strong data-start=\"185\" data-end=\"203\">Op\u00e7\u00f5es de cores:<\/strong> 18 cores dispon\u00edveis<\/li>\n<li data-start=\"226\" data-end=\"254\"><strong data-start=\"228\" data-end=\"240\">Padr\u00e3o:<\/strong> Jacquard<\/li>\n<li data-start=\"255\" data-end=\"278\"><strong data-start=\"257\" data-end=\"270\">T\u00e9cnicas:<\/strong> Tecido<\/li>\n<li data-start=\"279\" data-end=\"342\"><strong data-start=\"281\" data-end=\"291\">Largura:<\/strong> 180 cm (70,9 polegadas) (Personaliz\u00e1vel mediante solicita\u00e7\u00e3o)<\/li>\n<li data-start=\"343\" data-end=\"440\"><strong data-start=\"345\" data-end=\"356\">Peso:<\/strong> 10,8 on\u00e7as<\/li>\n<li data-start=\"441\" data-end=\"464\"><strong data-start=\"443\" data-end=\"458\">Contagem de fios:<\/strong> 10s<\/li>\n<li data-start=\"465\" data-end=\"497\"><strong data-start=\"467\" data-end=\"477\">Estilo:<\/strong> Jacquard<\/li>\n<\/ul>\n<p data-start=\"499\" data-end=\"521\">\ud83c\udfa8 <strong data-start=\"502\" data-end=\"519\">Estilo e uso<\/strong><\/p>\n<ul data-start=\"522\" data-end=\"640\">\n<li data-start=\"522\" data-end=\"598\"><strong data-start=\"524\" data-end=\"540\">Aplicativo:<\/strong> Ideal para roupas, vestu\u00e1rios da moda e designs personalizados<\/li>\n<li data-start=\"599\" data-end=\"640\"><strong data-start=\"601\" data-end=\"619\">Aplic\u00e1vel a:<\/strong> Tanto homens quanto mulheres<\/li>\n<\/ul>\n<p data-start=\"642\" data-end=\"670\">\ud83c\udf0d <strong data-start=\"645\" data-end=\"668\">Produ\u00e7\u00e3o e Origem<\/strong><\/p>\n<ul data-start=\"671\" data-end=\"736\">\n<li data-start=\"671\" data-end=\"701\"><strong data-start=\"673\" data-end=\"693\">Local de origem:<\/strong> China<\/li>\n<li data-start=\"702\" data-end=\"736\"><strong data-start=\"704\" data-end=\"720\">Tipo de fornecimento:<\/strong> Fa\u00e7a sob encomenda<\/li>\n<\/ul>\n<p data-start=\"738\" data-end=\"762\">\ud83d\udd11 <strong data-start=\"741\" data-end=\"760\">Notas importantes<\/strong><\/p>\n<ul data-start=\"763\" data-end=\"889\" data-is-last-node=\"\" data-is-only-node=\"\">\n<li data-start=\"763\" data-end=\"889\" data-is-last-node=\"\"><strong data-start=\"765\" data-end=\"782\">Dados do produto:<\/strong> As medidas da amostra s\u00e3o baseadas em lotes de produ\u00e7\u00e3o espec\u00edficos e podem variar devido \u00e0s toler\u00e2ncias de fabrica\u00e7\u00e3o.<\/li>\n<\/ul>\n<\/li>\n<\/ul>","protected":false},"featured_media":4140,"template":"","meta":[],"product_brand":[],"product_cat":[41,55,48,42,49,50,43,38,45,46,39,40,47,35,20,30,33,37,51,34],"product_tag":[],"class_list":{"0":"post-4147","1":"product","2":"type-product","3":"status-publish","4":"has-post-thumbnail","6":"product_cat-10s","7":"product_cat-10s-spuer-siro","8":"product_cat-10s-oe","9":"product_cat-12s","10":"product_cat-12s-oe","11":"product_cat-16s-oe","12":"product_cat-16s","13":"product_cat-6s","14":"product_cat-6s-oe","15":"product_cat-7s-oe","16":"product_cat-7s","17":"product_cat-8s","18":"product_cat-8s-oe","19":"product_cat-aesthetic-collection","20":"product_cat-cotton-woven-fabric","21":"product_cat-cotton-polyster-spandex-denim-fabric","22":"product_cat-non-elastic","23":"product_cat-siro","24":"product_cat-spuer-siro","25":"product_cat-twill-fabric","27":"first","28":"instock","29":"shipping-taxable","30":"product-type-simple"},"aioseo_notices":[],"_links":{"self":[{"href":"https:\/\/lydenim.com\/pt\/wp-json\/wp\/v2\/product\/4147","targetHints":{"allow":["GET"]}}],"collection":[{"href":"https:\/\/lydenim.com\/pt\/wp-json\/wp\/v2\/product"}],"about":[{"href":"https:\/\/lydenim.com\/pt\/wp-json\/wp\/v2\/types\/product"}],"version-history":[{"count":2,"href":"https:\/\/lydenim.com\/pt\/wp-json\/wp\/v2\/product\/4147\/revisions"}],"predecessor-version":[{"id":4172,"href":"https:\/\/lydenim.com\/pt\/wp-json\/wp\/v2\/product\/4147\/revisions\/4172"}],"wp:featuredmedia":[{"embeddable":true,"href":"https:\/\/lydenim.com\/pt\/wp-json\/wp\/v2\/media\/4140"}],"wp:attachment":[{"href":"https:\/\/lydenim.com\/pt\/wp-json\/wp\/v2\/media?parent=4147"}],"wp:term":[{"taxonomy":"product_brand","embeddable":true,"href":"https:\/\/lydenim.com\/pt\/wp-json\/wp\/v2\/product_brand?post=4147"},{"taxonomy":"product_cat","embeddable":true,"href":"https:\/\/lydenim.com\/pt\/wp-json\/wp\/v2\/product_cat?post=4147"},{"taxonomy":"product_tag","embeddable":true,"href":"https:\/\/lydenim.com\/pt\/wp-json\/wp\/v2\/product_tag?post=4147"}],"curies":[{"name":"wp","href":"https:\/\/api.w.org\/{rel}","templated":true}]}}