{"id":4456,"date":"2025-03-29T15:47:19","date_gmt":"2025-03-29T07:47:19","guid":{"rendered":"https:\/\/lydenim.com\/?post_type=product&#038;p=4456"},"modified":"2025-03-29T15:54:49","modified_gmt":"2025-03-29T07:54:49","slug":"zl4331323-selvedge-denim","status":"publish","type":"product","link":"https:\/\/lydenim.com\/pt\/produto\/zl4331323-jeans-com-orla\/","title":{"rendered":"Tecido jeans com orla ZL4331323 \u2013 Algod\u00e3o 100%, personaliz\u00e1vel"},"content":{"rendered":"<h3 data-start=\"457\" data-end=\"486\"><strong data-start=\"461\" data-end=\"484\">\ud83c\udf0d Vis\u00e3o geral do produto<\/strong><\/h3>\n<ul data-start=\"487\" data-end=\"606\">\n<li data-start=\"487\" data-end=\"541\"><strong data-start=\"489\" data-end=\"506\">N\u00famero do modelo:<\/strong> ZL4331323 Denim com orla colorida<\/li>\n<li data-start=\"542\" data-end=\"583\"><strong data-start=\"544\" data-end=\"569\">Composi\u00e7\u00e3o do material:<\/strong> 100% Algod\u00e3o<\/li>\n<li data-start=\"584\" data-end=\"606\"><strong data-start=\"586\" data-end=\"596\">Cor:<\/strong> Colorido<\/li>\n<\/ul>\n<h3 data-start=\"608\" data-end=\"642\"><strong data-start=\"612\" data-end=\"640\">\ud83e\uddf5 Especifica\u00e7\u00f5es do tecido<\/strong><\/h3>\n<ul data-start=\"643\" data-end=\"817\">\n<li data-start=\"643\" data-end=\"678\"><strong data-start=\"645\" data-end=\"654\">Tipo:<\/strong> Tecido jeans com orla<\/li>\n<li data-start=\"679\" data-end=\"702\"><strong data-start=\"681\" data-end=\"694\">T\u00e9cnicas:<\/strong> Tecido<\/li>\n<li data-start=\"703\" data-end=\"745\"><strong data-start=\"705\" data-end=\"715\">Largura:<\/strong> 78-81 cm (30,7-31,9 polegadas)<\/li>\n<li data-start=\"746\" data-end=\"784\"><strong data-start=\"748\" data-end=\"759\">Peso:<\/strong> Aproximadamente 9,1 oz (258 g)<\/li>\n<li data-start=\"785\" data-end=\"817\"><strong data-start=\"787\" data-end=\"802\">Contagem de fios:<\/strong> Personaliz\u00e1vel<\/li>\n<\/ul>\n<h3 data-start=\"819\" data-end=\"845\"><strong data-start=\"823\" data-end=\"843\">\ud83c\udfa8 Estilo e uso<\/strong><\/h3>\n<ul data-start=\"846\" data-end=\"955\">\n<li data-start=\"846\" data-end=\"913\"><strong data-start=\"848\" data-end=\"856\">Usar:<\/strong> Adequado para roupas, acess\u00f3rios e designs personalizados<\/li>\n<li data-start=\"914\" data-end=\"955\"><strong data-start=\"916\" data-end=\"934\">Aplic\u00e1vel a:<\/strong> Homens e mulheres<\/li>\n<\/ul>\n<h3 data-start=\"957\" data-end=\"989\"><strong data-start=\"961\" data-end=\"987\">\ud83c\udf0d Produ\u00e7\u00e3o e Origem<\/strong><\/h3>\n<ul data-start=\"990\" data-end=\"1055\">\n<li data-start=\"990\" data-end=\"1020\"><strong data-start=\"992\" data-end=\"1012\">Local de origem:<\/strong> China<\/li>\n<li data-start=\"1021\" data-end=\"1055\"><strong data-start=\"1023\" data-end=\"1039\">Tipo de fornecimento:<\/strong> Fa\u00e7a sob encomenda<\/li>\n<\/ul>\n<h3 data-start=\"1057\" data-end=\"1085\"><strong data-start=\"1061\" data-end=\"1083\">\ud83d\udd11 Notas importantes<\/strong><\/h3>\n<ul data-start=\"1086\" data-end=\"1177\">\n<li data-start=\"1086\" data-end=\"1177\"><strong data-start=\"1088\" data-end=\"1105\">Dados do produto:<\/strong> As especifica\u00e7\u00f5es reais do produto podem variar dependendo do lote de produ\u00e7\u00e3o.<\/li>\n<\/ul>","protected":false},"excerpt":{"rendered":"<h3 data-start=\"457\" data-end=\"486\"><strong data-start=\"461\" data-end=\"484\">\ud83c\udf0d Vis\u00e3o geral do produto<\/strong><\/h3>\n<ul data-start=\"487\" data-end=\"606\">\n<li data-start=\"487\" data-end=\"541\"><strong data-start=\"489\" data-end=\"506\">N\u00famero do modelo:<\/strong> ZL4331323 Denim com orla colorida<\/li>\n<li data-start=\"542\" data-end=\"583\"><strong data-start=\"544\" data-end=\"569\">Composi\u00e7\u00e3o do material:<\/strong> 100% Algod\u00e3o<\/li>\n<li data-start=\"584\" data-end=\"606\"><strong data-start=\"586\" data-end=\"596\">Cor:<\/strong> Colorido<\/li>\n<\/ul>\n<h3 data-start=\"608\" data-end=\"642\"><strong data-start=\"612\" data-end=\"640\">\ud83e\uddf5 Especifica\u00e7\u00f5es do tecido<\/strong><\/h3>\n<ul data-start=\"643\" data-end=\"817\">\n<li data-start=\"643\" data-end=\"678\"><strong data-start=\"645\" data-end=\"654\">Tipo:<\/strong> Tecido jeans com orla<\/li>\n<li data-start=\"679\" data-end=\"702\"><strong data-start=\"681\" data-end=\"694\">T\u00e9cnicas:<\/strong> Tecido<\/li>\n<li data-start=\"703\" data-end=\"745\"><strong data-start=\"705\" data-end=\"715\">Largura:<\/strong> 78-81 cm (30,7-31,9 polegadas)<\/li>\n<li data-start=\"746\" data-end=\"784\"><strong data-start=\"748\" data-end=\"759\">Peso:<\/strong> Aproximadamente 9,1 oz (258 g)<\/li>\n<li data-start=\"785\" data-end=\"817\"><strong data-start=\"787\" data-end=\"802\">Contagem de fios:<\/strong> Personaliz\u00e1vel<\/li>\n<\/ul>\n<h3 data-start=\"819\" data-end=\"845\"><strong data-start=\"823\" data-end=\"843\">\ud83c\udfa8 Estilo e uso<\/strong><\/h3>\n<ul data-start=\"846\" data-end=\"955\">\n<li data-start=\"846\" data-end=\"913\"><strong data-start=\"848\" data-end=\"856\">Usar:<\/strong> Adequado para roupas, acess\u00f3rios e designs personalizados<\/li>\n<li data-start=\"914\" data-end=\"955\"><strong data-start=\"916\" data-end=\"934\">Aplic\u00e1vel a:<\/strong> Homens e mulheres<\/li>\n<\/ul>\n<h3 data-start=\"957\" data-end=\"989\"><strong data-start=\"961\" data-end=\"987\">\ud83c\udf0d Produ\u00e7\u00e3o e Origem<\/strong><\/h3>\n<ul data-start=\"990\" data-end=\"1055\">\n<li data-start=\"990\" data-end=\"1020\"><strong data-start=\"992\" data-end=\"1012\">Local de origem:<\/strong> China<\/li>\n<li data-start=\"1021\" data-end=\"1055\"><strong data-start=\"1023\" data-end=\"1039\">Tipo de fornecimento:<\/strong> Fa\u00e7a sob encomenda<\/li>\n<\/ul>\n<h3 data-start=\"1057\" data-end=\"1085\"><strong data-start=\"1061\" data-end=\"1083\">\ud83d\udd11 Notas importantes<\/strong><\/h3>\n<ul data-start=\"1086\" data-end=\"1177\">\n<li data-start=\"1086\" data-end=\"1177\"><strong data-start=\"1088\" data-end=\"1105\">Dados do produto:<\/strong> As especifica\u00e7\u00f5es reais do produto podem variar dependendo do lote de produ\u00e7\u00e3o.<\/li>\n<\/ul>","protected":false},"featured_media":4465,"template":"","meta":[],"product_brand":[],"product_cat":[35,20,37,51,34],"product_tag":[],"class_list":{"0":"post-4456","1":"product","2":"type-product","3":"status-publish","4":"has-post-thumbnail","6":"product_cat-aesthetic-collection","7":"product_cat-cotton-woven-fabric","8":"product_cat-siro","9":"product_cat-spuer-siro","10":"product_cat-twill-fabric","12":"first","13":"instock","14":"shipping-taxable","15":"product-type-simple"},"aioseo_notices":[],"_links":{"self":[{"href":"https:\/\/lydenim.com\/pt\/wp-json\/wp\/v2\/product\/4456","targetHints":{"allow":["GET"]}}],"collection":[{"href":"https:\/\/lydenim.com\/pt\/wp-json\/wp\/v2\/product"}],"about":[{"href":"https:\/\/lydenim.com\/pt\/wp-json\/wp\/v2\/types\/product"}],"version-history":[{"count":1,"href":"https:\/\/lydenim.com\/pt\/wp-json\/wp\/v2\/product\/4456\/revisions"}],"predecessor-version":[{"id":4466,"href":"https:\/\/lydenim.com\/pt\/wp-json\/wp\/v2\/product\/4456\/revisions\/4466"}],"wp:featuredmedia":[{"embeddable":true,"href":"https:\/\/lydenim.com\/pt\/wp-json\/wp\/v2\/media\/4465"}],"wp:attachment":[{"href":"https:\/\/lydenim.com\/pt\/wp-json\/wp\/v2\/media?parent=4456"}],"wp:term":[{"taxonomy":"product_brand","embeddable":true,"href":"https:\/\/lydenim.com\/pt\/wp-json\/wp\/v2\/product_brand?post=4456"},{"taxonomy":"product_cat","embeddable":true,"href":"https:\/\/lydenim.com\/pt\/wp-json\/wp\/v2\/product_cat?post=4456"},{"taxonomy":"product_tag","embeddable":true,"href":"https:\/\/lydenim.com\/pt\/wp-json\/wp\/v2\/product_tag?post=4456"}],"curies":[{"name":"wp","href":"https:\/\/api.w.org\/{rel}","templated":true}]}}