{"id":4521,"date":"2025-03-29T16:29:38","date_gmt":"2025-03-29T08:29:38","guid":{"rendered":"https:\/\/lydenim.com\/?post_type=product&#038;p=4521"},"modified":"2025-03-29T16:31:20","modified_gmt":"2025-03-29T08:31:20","slug":"73868-blue-selvedge","status":"publish","type":"product","link":"https:\/\/lydenim.com\/pt\/produto\/73868-orla-azul\/","title":{"rendered":"Tecido Selvedge Azul 73868 \u2013 Perfeito para Projetos de Moda"},"content":{"rendered":"<h3 data-start=\"458\" data-end=\"487\"><strong data-start=\"462\" data-end=\"485\">\ud83c\udf0d Vis\u00e3o geral do produto<\/strong><\/h3>\n<ul data-start=\"488\" data-end=\"597\">\n<li data-start=\"488\" data-end=\"535\"><strong data-start=\"490\" data-end=\"507\">N\u00famero do modelo:<\/strong> 73868 Jeans Azul Selvedge<\/li>\n<li data-start=\"536\" data-end=\"577\"><strong data-start=\"538\" data-end=\"563\">Composi\u00e7\u00e3o do material:<\/strong> 100% Algod\u00e3o<\/li>\n<li data-start=\"578\" data-end=\"597\"><strong data-start=\"580\" data-end=\"590\">Cor:<\/strong> Azul<\/li>\n<\/ul>\n<h3 data-start=\"599\" data-end=\"633\"><strong data-start=\"603\" data-end=\"631\">\ud83e\uddf5 Especifica\u00e7\u00f5es do tecido<\/strong><\/h3>\n<ul data-start=\"634\" data-end=\"800\">\n<li data-start=\"634\" data-end=\"669\"><strong data-start=\"636\" data-end=\"645\">Tipo:<\/strong> Tecido jeans com orla<\/li>\n<li data-start=\"670\" data-end=\"693\"><strong data-start=\"672\" data-end=\"685\">T\u00e9cnicas:<\/strong> Tecido<\/li>\n<li data-start=\"694\" data-end=\"729\"><strong data-start=\"696\" data-end=\"706\">Largura:<\/strong> 78,74 cm (31 polegadas)<\/li>\n<li data-start=\"730\" data-end=\"767\"><strong data-start=\"732\" data-end=\"743\">Peso:<\/strong> Aproximadamente 12 oz (340 g)<\/li>\n<li data-start=\"768\" data-end=\"800\"><strong data-start=\"770\" data-end=\"785\">Contagem de fios:<\/strong> Personaliz\u00e1vel<\/li>\n<\/ul>\n<h3 data-start=\"802\" data-end=\"828\"><strong data-start=\"806\" data-end=\"826\">\ud83c\udfa8 Estilo e uso<\/strong><\/h3>\n<ul data-start=\"829\" data-end=\"938\">\n<li data-start=\"829\" data-end=\"896\"><strong data-start=\"831\" data-end=\"839\">Usar:<\/strong> Adequado para roupas, acess\u00f3rios e designs personalizados<\/li>\n<li data-start=\"897\" data-end=\"938\"><strong data-start=\"899\" data-end=\"917\">Aplic\u00e1vel a:<\/strong> Homens e mulheres<\/li>\n<\/ul>\n<h3 data-start=\"940\" data-end=\"972\"><strong data-start=\"944\" data-end=\"970\">\ud83c\udf0d Produ\u00e7\u00e3o e Origem<\/strong><\/h3>\n<ul data-start=\"973\" data-end=\"1038\">\n<li data-start=\"973\" data-end=\"1003\"><strong data-start=\"975\" data-end=\"995\">Local de origem:<\/strong> China<\/li>\n<li data-start=\"1004\" data-end=\"1038\"><strong data-start=\"1006\" data-end=\"1022\">Tipo de fornecimento:<\/strong> Fa\u00e7a sob encomenda<\/li>\n<\/ul>\n<h3 data-start=\"1040\" data-end=\"1068\"><strong data-start=\"1044\" data-end=\"1066\">\ud83d\udd11 Notas importantes<\/strong><\/h3>\n<ul data-start=\"1069\" data-end=\"1160\">\n<li data-start=\"1069\" data-end=\"1160\"><strong data-start=\"1071\" data-end=\"1088\">Dados do produto:<\/strong> As especifica\u00e7\u00f5es reais do produto podem variar dependendo do lote de produ\u00e7\u00e3o.<\/li>\n<\/ul>","protected":false},"excerpt":{"rendered":"<h3 data-start=\"458\" data-end=\"487\"><strong data-start=\"462\" data-end=\"485\">\ud83c\udf0d Vis\u00e3o geral do produto<\/strong><\/h3>\n<ul data-start=\"488\" data-end=\"597\">\n<li data-start=\"488\" data-end=\"535\"><strong data-start=\"490\" data-end=\"507\">N\u00famero do modelo:<\/strong> 73868 Jeans Azul Selvedge<\/li>\n<li data-start=\"536\" data-end=\"577\"><strong data-start=\"538\" data-end=\"563\">Composi\u00e7\u00e3o do material:<\/strong> 100% Algod\u00e3o<\/li>\n<li data-start=\"578\" data-end=\"597\"><strong data-start=\"580\" data-end=\"590\">Cor:<\/strong> Azul<\/li>\n<\/ul>\n<h3 data-start=\"599\" data-end=\"633\"><strong data-start=\"603\" data-end=\"631\">\ud83e\uddf5 Especifica\u00e7\u00f5es do tecido<\/strong><\/h3>\n<ul data-start=\"634\" data-end=\"800\">\n<li data-start=\"634\" data-end=\"669\"><strong data-start=\"636\" data-end=\"645\">Tipo:<\/strong> Tecido jeans com orla<\/li>\n<li data-start=\"670\" data-end=\"693\"><strong data-start=\"672\" data-end=\"685\">T\u00e9cnicas:<\/strong> Tecido<\/li>\n<li data-start=\"694\" data-end=\"729\"><strong data-start=\"696\" data-end=\"706\">Largura:<\/strong> 78,74 cm (31 polegadas)<\/li>\n<li data-start=\"730\" data-end=\"767\"><strong data-start=\"732\" data-end=\"743\">Peso:<\/strong> Aproximadamente 12 oz (340 g)<\/li>\n<li data-start=\"768\" data-end=\"800\"><strong data-start=\"770\" data-end=\"785\">Contagem de fios:<\/strong> Personaliz\u00e1vel<\/li>\n<\/ul>\n<h3 data-start=\"802\" data-end=\"828\"><strong data-start=\"806\" data-end=\"826\">\ud83c\udfa8 Estilo e uso<\/strong><\/h3>\n<ul data-start=\"829\" data-end=\"938\">\n<li data-start=\"829\" data-end=\"896\"><strong data-start=\"831\" data-end=\"839\">Usar:<\/strong> Adequado para roupas, acess\u00f3rios e designs personalizados<\/li>\n<li data-start=\"897\" data-end=\"938\"><strong data-start=\"899\" data-end=\"917\">Aplic\u00e1vel a:<\/strong> Homens e mulheres<\/li>\n<\/ul>\n<h3 data-start=\"940\" data-end=\"972\"><strong data-start=\"944\" data-end=\"970\">\ud83c\udf0d Produ\u00e7\u00e3o e Origem<\/strong><\/h3>\n<ul data-start=\"973\" data-end=\"1038\">\n<li data-start=\"973\" data-end=\"1003\"><strong data-start=\"975\" data-end=\"995\">Local de origem:<\/strong> China<\/li>\n<li data-start=\"1004\" data-end=\"1038\"><strong data-start=\"1006\" data-end=\"1022\">Tipo de fornecimento:<\/strong> Fa\u00e7a sob encomenda<\/li>\n<\/ul>\n<h3 data-start=\"1040\" data-end=\"1068\"><strong data-start=\"1044\" data-end=\"1066\">\ud83d\udd11 Notas importantes<\/strong><\/h3>\n<ul data-start=\"1069\" data-end=\"1160\">\n<li data-start=\"1069\" data-end=\"1160\"><strong data-start=\"1071\" data-end=\"1088\">Dados do produto:<\/strong> As especifica\u00e7\u00f5es reais do produto podem variar dependendo do lote de produ\u00e7\u00e3o.<\/li>\n<\/ul>","protected":false},"featured_media":4518,"template":"","meta":[],"product_brand":[],"product_cat":[35,20,37,51,34],"product_tag":[],"class_list":{"0":"post-4521","1":"product","2":"type-product","3":"status-publish","4":"has-post-thumbnail","6":"product_cat-aesthetic-collection","7":"product_cat-cotton-woven-fabric","8":"product_cat-siro","9":"product_cat-spuer-siro","10":"product_cat-twill-fabric","12":"first","13":"instock","14":"shipping-taxable","15":"product-type-simple"},"aioseo_notices":[],"_links":{"self":[{"href":"https:\/\/lydenim.com\/pt\/wp-json\/wp\/v2\/product\/4521","targetHints":{"allow":["GET"]}}],"collection":[{"href":"https:\/\/lydenim.com\/pt\/wp-json\/wp\/v2\/product"}],"about":[{"href":"https:\/\/lydenim.com\/pt\/wp-json\/wp\/v2\/types\/product"}],"version-history":[{"count":1,"href":"https:\/\/lydenim.com\/pt\/wp-json\/wp\/v2\/product\/4521\/revisions"}],"predecessor-version":[{"id":4522,"href":"https:\/\/lydenim.com\/pt\/wp-json\/wp\/v2\/product\/4521\/revisions\/4522"}],"wp:featuredmedia":[{"embeddable":true,"href":"https:\/\/lydenim.com\/pt\/wp-json\/wp\/v2\/media\/4518"}],"wp:attachment":[{"href":"https:\/\/lydenim.com\/pt\/wp-json\/wp\/v2\/media?parent=4521"}],"wp:term":[{"taxonomy":"product_brand","embeddable":true,"href":"https:\/\/lydenim.com\/pt\/wp-json\/wp\/v2\/product_brand?post=4521"},{"taxonomy":"product_cat","embeddable":true,"href":"https:\/\/lydenim.com\/pt\/wp-json\/wp\/v2\/product_cat?post=4521"},{"taxonomy":"product_tag","embeddable":true,"href":"https:\/\/lydenim.com\/pt\/wp-json\/wp\/v2\/product_tag?post=4521"}],"curies":[{"name":"wp","href":"https:\/\/api.w.org\/{rel}","templated":true}]}}