{"id":4669,"date":"2025-04-13T12:40:37","date_gmt":"2025-04-13T04:40:37","guid":{"rendered":"https:\/\/lydenim.com\/?post_type=product&#038;p=4669"},"modified":"2025-04-13T12:49:17","modified_gmt":"2025-04-13T04:49:17","slug":"fade-resistant-slub-denim-16s-yarn","status":"publish","type":"product","link":"https:\/\/lydenim.com\/pt\/produto\/fio-denim-slub-16s-resistente-ao-desbotamento\/","title":{"rendered":"27130-20#Fade-Resistant Slub Denim 16S Fio"},"content":{"rendered":"<h3 class=\"\" data-start=\"481\" data-end=\"510\"><strong data-start=\"485\" data-end=\"508\">\ud83c\udf3f Vis\u00e3o geral do produto<\/strong><\/h3>\n<ul data-start=\"511\" data-end=\"629\">\n<li class=\"\" data-start=\"511\" data-end=\"541\">\n<p class=\"\" data-start=\"513\" data-end=\"541\"><strong data-start=\"513\" data-end=\"530\">N\u00famero do modelo:<\/strong> 27130-20<\/p>\n<\/li>\n<li class=\"\" data-start=\"542\" data-end=\"609\">\n<p class=\"\" data-start=\"544\" data-end=\"609\"><strong data-start=\"544\" data-end=\"569\">Composi\u00e7\u00e3o do material:<\/strong> 81% Algod\u00e3o, 15% Poli\u00e9ster, 4% Viscose<\/p>\n<\/li>\n<li class=\"\" data-start=\"610\" data-end=\"629\">\n<p class=\"\" data-start=\"612\" data-end=\"629\"><strong data-start=\"612\" data-end=\"622\">Cor:<\/strong> Azul<\/p>\n<\/li>\n<\/ul>\n<h3 class=\"\" data-start=\"631\" data-end=\"665\"><strong data-start=\"635\" data-end=\"663\">\ud83e\uddf5 Especifica\u00e7\u00f5es do tecido<\/strong><\/h3>\n<ul data-start=\"666\" data-end=\"878\">\n<li class=\"\" data-start=\"666\" data-end=\"712\">\n<p class=\"\" data-start=\"668\" data-end=\"712\"><strong data-start=\"668\" data-end=\"677\">Tipo:<\/strong> Denim Slub sem elasticidade e com cores firmes<\/p>\n<\/li>\n<li class=\"\" data-start=\"713\" data-end=\"736\">\n<p class=\"\" data-start=\"715\" data-end=\"736\"><strong data-start=\"715\" data-end=\"728\">T\u00e9cnicas:<\/strong> Tecido<\/p>\n<\/li>\n<li class=\"\" data-start=\"737\" data-end=\"778\">\n<p class=\"\" data-start=\"739\" data-end=\"778\"><strong data-start=\"739\" data-end=\"749\">Largura:<\/strong> 183 cm (72 polegadas aprox.)<\/p>\n<\/li>\n<li class=\"\" data-start=\"779\" data-end=\"800\">\n<p class=\"\" data-start=\"781\" data-end=\"800\"><strong data-start=\"781\" data-end=\"792\">Peso:<\/strong> 246 g<\/p>\n<\/li>\n<li class=\"\" data-start=\"801\" data-end=\"824\">\n<p class=\"\" data-start=\"803\" data-end=\"824\"><strong data-start=\"803\" data-end=\"818\">Contagem de fios:<\/strong> 16S<\/p>\n<\/li>\n<li class=\"\" data-start=\"825\" data-end=\"878\">\n<p class=\"\" data-start=\"827\" data-end=\"878\"><strong data-start=\"827\" data-end=\"837\">Estilo:<\/strong> Textura resistente \u00e0 descolora\u00e7\u00e3o \/ n\u00e3o el\u00e1stica \/ irregular<\/p>\n<\/li>\n<\/ul>\n<h3 class=\"\" data-start=\"880\" data-end=\"906\"><strong data-start=\"884\" data-end=\"904\">\ud83c\udfa8 Estilo e uso<\/strong><\/h3>\n<ul data-start=\"907\" data-end=\"1016\">\n<li class=\"\" data-start=\"907\" data-end=\"974\">\n<p class=\"\" data-start=\"909\" data-end=\"974\"><strong data-start=\"909\" data-end=\"917\">Usar:<\/strong> Adequado para roupas, acess\u00f3rios e designs personalizados<\/p>\n<\/li>\n<li class=\"\" data-start=\"975\" data-end=\"1016\">\n<p class=\"\" data-start=\"977\" data-end=\"1016\"><strong data-start=\"977\" data-end=\"995\">Aplic\u00e1vel a:<\/strong> Homens e mulheres<\/p>\n<\/li>\n<\/ul>\n<h3 class=\"\" data-start=\"1018\" data-end=\"1050\"><strong data-start=\"1022\" data-end=\"1048\">\ud83c\udf0d Produ\u00e7\u00e3o e Origem<\/strong><\/h3>\n<ul data-start=\"1051\" data-end=\"1116\">\n<li class=\"\" data-start=\"1051\" data-end=\"1081\">\n<p class=\"\" data-start=\"1053\" data-end=\"1081\"><strong data-start=\"1053\" data-end=\"1073\">Local de origem:<\/strong> China<\/p>\n<\/li>\n<li class=\"\" data-start=\"1082\" data-end=\"1116\">\n<p class=\"\" data-start=\"1084\" data-end=\"1116\"><strong data-start=\"1084\" data-end=\"1100\">Tipo de fornecimento:<\/strong> Fa\u00e7a sob encomenda<\/p>\n<\/li>\n<\/ul>\n<h3 class=\"\" data-start=\"1118\" data-end=\"1146\"><strong data-start=\"1122\" data-end=\"1144\">\ud83d\udd11 Notas importantes<\/strong><\/h3>\n<ul data-start=\"1147\" data-end=\"1273\">\n<li class=\"\" data-start=\"1147\" data-end=\"1273\">\n<p class=\"\" data-start=\"1149\" data-end=\"1273\"><strong data-start=\"1149\" data-end=\"1166\">Dados do produto:<\/strong> As especifica\u00e7\u00f5es reais podem variar ligeiramente de acordo com o lote de produ\u00e7\u00e3o. Recomenda-se o envio de amostras antes de pedidos em grandes quantidades.<\/p>\n<\/li>\n<\/ul>","protected":false},"excerpt":{"rendered":"<h3 class=\"\" data-start=\"481\" data-end=\"510\"><strong data-start=\"485\" data-end=\"508\">\ud83c\udf3f Vis\u00e3o geral do produto<\/strong><\/h3>\n<ul data-start=\"511\" data-end=\"629\">\n<li class=\"\" data-start=\"511\" data-end=\"541\">\n<p class=\"\" data-start=\"513\" data-end=\"541\"><strong data-start=\"513\" data-end=\"530\">N\u00famero do modelo:<\/strong> 27130-20<\/p>\n<\/li>\n<li class=\"\" data-start=\"542\" data-end=\"609\">\n<p class=\"\" data-start=\"544\" data-end=\"609\"><strong data-start=\"544\" data-end=\"569\">Composi\u00e7\u00e3o do material:<\/strong> 81% Algod\u00e3o, 15% Poli\u00e9ster, 4% Viscose<\/p>\n<\/li>\n<li class=\"\" data-start=\"610\" data-end=\"629\">\n<p class=\"\" data-start=\"612\" data-end=\"629\"><strong data-start=\"612\" data-end=\"622\">Cor:<\/strong> Azul<\/p>\n<\/li>\n<\/ul>\n<h3 class=\"\" data-start=\"631\" data-end=\"665\"><strong data-start=\"635\" data-end=\"663\">\ud83e\uddf5 Especifica\u00e7\u00f5es do tecido<\/strong><\/h3>\n<ul data-start=\"666\" data-end=\"878\">\n<li class=\"\" data-start=\"666\" data-end=\"712\">\n<p class=\"\" data-start=\"668\" data-end=\"712\"><strong data-start=\"668\" data-end=\"677\">Tipo:<\/strong> Denim Slub sem elasticidade e com cores firmes<\/p>\n<\/li>\n<li class=\"\" data-start=\"713\" data-end=\"736\">\n<p class=\"\" data-start=\"715\" data-end=\"736\"><strong data-start=\"715\" data-end=\"728\">T\u00e9cnicas:<\/strong> Tecido<\/p>\n<\/li>\n<li class=\"\" data-start=\"737\" data-end=\"778\">\n<p class=\"\" data-start=\"739\" data-end=\"778\"><strong data-start=\"739\" data-end=\"749\">Largura:<\/strong> 183 cm (72 polegadas aprox.)<\/p>\n<\/li>\n<li class=\"\" data-start=\"779\" data-end=\"800\">\n<p class=\"\" data-start=\"781\" data-end=\"800\"><strong data-start=\"781\" data-end=\"792\">Peso:<\/strong> 246 g<\/p>\n<\/li>\n<li class=\"\" data-start=\"801\" data-end=\"824\">\n<p class=\"\" data-start=\"803\" data-end=\"824\"><strong data-start=\"803\" data-end=\"818\">Contagem de fios:<\/strong> 16S<\/p>\n<\/li>\n<li class=\"\" data-start=\"825\" data-end=\"878\">\n<p class=\"\" data-start=\"827\" data-end=\"878\"><strong data-start=\"827\" data-end=\"837\">Estilo:<\/strong> Textura resistente \u00e0 descolora\u00e7\u00e3o \/ n\u00e3o el\u00e1stica \/ irregular<\/p>\n<\/li>\n<\/ul>\n<h3 class=\"\" data-start=\"880\" data-end=\"906\"><strong data-start=\"884\" data-end=\"904\">\ud83c\udfa8 Estilo e uso<\/strong><\/h3>\n<ul data-start=\"907\" data-end=\"1016\">\n<li class=\"\" data-start=\"907\" data-end=\"974\">\n<p class=\"\" data-start=\"909\" data-end=\"974\"><strong data-start=\"909\" data-end=\"917\">Usar:<\/strong> Adequado para roupas, acess\u00f3rios e designs personalizados<\/p>\n<\/li>\n<li class=\"\" data-start=\"975\" data-end=\"1016\">\n<p class=\"\" data-start=\"977\" data-end=\"1016\"><strong data-start=\"977\" data-end=\"995\">Aplic\u00e1vel a:<\/strong> Homens e mulheres<\/p>\n<\/li>\n<\/ul>\n<h3 class=\"\" data-start=\"1018\" data-end=\"1050\"><strong data-start=\"1022\" data-end=\"1048\">\ud83c\udf0d Produ\u00e7\u00e3o e Origem<\/strong><\/h3>\n<ul data-start=\"1051\" data-end=\"1116\">\n<li class=\"\" data-start=\"1051\" data-end=\"1081\">\n<p class=\"\" data-start=\"1053\" data-end=\"1081\"><strong data-start=\"1053\" data-end=\"1073\">Local de origem:<\/strong> China<\/p>\n<\/li>\n<li class=\"\" data-start=\"1082\" data-end=\"1116\">\n<p class=\"\" data-start=\"1084\" data-end=\"1116\"><strong data-start=\"1084\" data-end=\"1100\">Tipo de fornecimento:<\/strong> Fa\u00e7a sob encomenda<\/p>\n<\/li>\n<\/ul>\n<h3 class=\"\" data-start=\"1118\" data-end=\"1146\"><strong data-start=\"1122\" data-end=\"1144\">\ud83d\udd11 Notas importantes<\/strong><\/h3>\n<ul data-start=\"1147\" data-end=\"1273\">\n<li class=\"\" data-start=\"1147\" data-end=\"1273\">\n<p class=\"\" data-start=\"1149\" data-end=\"1273\"><strong data-start=\"1149\" data-end=\"1166\">Dados do produto:<\/strong> As especifica\u00e7\u00f5es reais podem variar ligeiramente de acordo com o lote de produ\u00e7\u00e3o. Recomenda-se o envio de amostras antes de pedidos em grandes quantidades.<\/p>\n<\/li>\n<\/ul>","protected":false},"featured_media":4672,"template":"","meta":[],"product_brand":[],"product_cat":[43,57,20,30,33,37,51],"product_tag":[],"class_list":{"0":"post-4669","1":"product","2":"type-product","3":"status-publish","4":"has-post-thumbnail","6":"product_cat-16s","7":"product_cat-16s-spuer-siro","8":"product_cat-cotton-woven-fabric","9":"product_cat-cotton-polyster-spandex-denim-fabric","10":"product_cat-non-elastic","11":"product_cat-siro","12":"product_cat-spuer-siro","14":"first","15":"instock","16":"shipping-taxable","17":"product-type-simple"},"aioseo_notices":[],"_links":{"self":[{"href":"https:\/\/lydenim.com\/pt\/wp-json\/wp\/v2\/product\/4669","targetHints":{"allow":["GET"]}}],"collection":[{"href":"https:\/\/lydenim.com\/pt\/wp-json\/wp\/v2\/product"}],"about":[{"href":"https:\/\/lydenim.com\/pt\/wp-json\/wp\/v2\/types\/product"}],"version-history":[{"count":2,"href":"https:\/\/lydenim.com\/pt\/wp-json\/wp\/v2\/product\/4669\/revisions"}],"predecessor-version":[{"id":4676,"href":"https:\/\/lydenim.com\/pt\/wp-json\/wp\/v2\/product\/4669\/revisions\/4676"}],"wp:featuredmedia":[{"embeddable":true,"href":"https:\/\/lydenim.com\/pt\/wp-json\/wp\/v2\/media\/4672"}],"wp:attachment":[{"href":"https:\/\/lydenim.com\/pt\/wp-json\/wp\/v2\/media?parent=4669"}],"wp:term":[{"taxonomy":"product_brand","embeddable":true,"href":"https:\/\/lydenim.com\/pt\/wp-json\/wp\/v2\/product_brand?post=4669"},{"taxonomy":"product_cat","embeddable":true,"href":"https:\/\/lydenim.com\/pt\/wp-json\/wp\/v2\/product_cat?post=4669"},{"taxonomy":"product_tag","embeddable":true,"href":"https:\/\/lydenim.com\/pt\/wp-json\/wp\/v2\/product_tag?post=4669"}],"curies":[{"name":"wp","href":"https:\/\/api.w.org\/{rel}","templated":true}]}}