{"id":4690,"date":"2025-04-13T13:07:14","date_gmt":"2025-04-13T05:07:14","guid":{"rendered":"https:\/\/lydenim.com\/?post_type=product&#038;p=4690"},"modified":"2025-04-13T13:13:12","modified_gmt":"2025-04-13T05:13:12","slug":"3129blue-colorfast-twill-denim","status":"publish","type":"product","link":"https:\/\/lydenim.com\/pt\/produto\/3129-jeans-de-sarja-colorfast-azul\/","title":{"rendered":"3129# Jeans de sarja azul Colorfast"},"content":{"rendered":"<h3 class=\"\" data-start=\"475\" data-end=\"504\">\ud83c\udf3f <strong data-start=\"482\" data-end=\"502\">Vis\u00e3o geral do produto<\/strong><\/h3>\n<ul data-start=\"505\" data-end=\"619\">\n<li class=\"\" data-start=\"505\" data-end=\"531\">\n<p class=\"\" data-start=\"507\" data-end=\"531\"><strong data-start=\"507\" data-end=\"524\">N\u00famero do modelo:<\/strong> 3129<\/p>\n<\/li>\n<li class=\"\" data-start=\"532\" data-end=\"599\">\n<p class=\"\" data-start=\"534\" data-end=\"599\"><strong data-start=\"534\" data-end=\"559\">Composi\u00e7\u00e3o do material:<\/strong> 65% Algod\u00e3o, 34% Poli\u00e9ster, 1% Elastano<\/p>\n<\/li>\n<li class=\"\" data-start=\"600\" data-end=\"619\">\n<p class=\"\" data-start=\"602\" data-end=\"619\"><strong data-start=\"602\" data-end=\"612\">Cor:<\/strong> Azul<\/p>\n<\/li>\n<\/ul>\n<h3 class=\"\" data-start=\"621\" data-end=\"655\">\ud83e\uddf5 <strong data-start=\"628\" data-end=\"653\">Especifica\u00e7\u00f5es do tecido<\/strong><\/h3>\n<ul data-start=\"656\" data-end=\"879\">\n<li class=\"\" data-start=\"656\" data-end=\"714\">\n<p class=\"\" data-start=\"658\" data-end=\"714\"><strong data-start=\"658\" data-end=\"667\">Tipo:<\/strong> Tecido jeans fiado com n\u00facleo, de baixa elasticidade e resistente \u00e0 cor<\/p>\n<\/li>\n<li class=\"\" data-start=\"715\" data-end=\"738\">\n<p class=\"\" data-start=\"717\" data-end=\"738\"><strong data-start=\"717\" data-end=\"730\">T\u00e9cnicas:<\/strong> Tecido<\/p>\n<\/li>\n<li class=\"\" data-start=\"739\" data-end=\"760\">\n<p class=\"\" data-start=\"741\" data-end=\"760\"><strong data-start=\"741\" data-end=\"751\">Largura:<\/strong> 177 cm<\/p>\n<\/li>\n<li class=\"\" data-start=\"761\" data-end=\"793\">\n<p class=\"\" data-start=\"763\" data-end=\"793\"><strong data-start=\"763\" data-end=\"774\">Peso:<\/strong> Aprox. 200 g<\/p>\n<\/li>\n<li class=\"\" data-start=\"794\" data-end=\"834\">\n<p class=\"\" data-start=\"796\" data-end=\"834\"><strong data-start=\"796\" data-end=\"811\">Contagem de fios:<\/strong> Algod\u00e3o fiado com n\u00facleo dos anos 21<\/p>\n<\/li>\n<li class=\"\" data-start=\"835\" data-end=\"879\">\n<p class=\"\" data-start=\"837\" data-end=\"879\"><strong data-start=\"837\" data-end=\"847\">Estilo:<\/strong> Sarja, resistente \u00e0 descolora\u00e7\u00e3o, baixa elasticidade<\/p>\n<\/li>\n<\/ul>\n<h3 class=\"\" data-start=\"881\" data-end=\"907\">\ud83c\udfa8 <strong data-start=\"888\" data-end=\"905\">Estilo e uso<\/strong><\/h3>\n<ul data-start=\"908\" data-end=\"1017\">\n<li class=\"\" data-start=\"908\" data-end=\"975\">\n<p class=\"\" data-start=\"910\" data-end=\"975\"><strong data-start=\"910\" data-end=\"918\">Usar:<\/strong> Adequado para roupas, acess\u00f3rios e designs personalizados<\/p>\n<\/li>\n<li class=\"\" data-start=\"976\" data-end=\"1017\">\n<p class=\"\" data-start=\"978\" data-end=\"1017\"><strong data-start=\"978\" data-end=\"996\">Aplic\u00e1vel a:<\/strong> Homens e mulheres<\/p>\n<\/li>\n<\/ul>\n<h3 class=\"\" data-start=\"1019\" data-end=\"1051\">\ud83c\udf0d <strong data-start=\"1026\" data-end=\"1049\">Produ\u00e7\u00e3o e Origem<\/strong><\/h3>\n<ul data-start=\"1052\" data-end=\"1117\">\n<li class=\"\" data-start=\"1052\" data-end=\"1082\">\n<p class=\"\" data-start=\"1054\" data-end=\"1082\"><strong data-start=\"1054\" data-end=\"1074\">Local de origem:<\/strong> China<\/p>\n<\/li>\n<li class=\"\" data-start=\"1083\" data-end=\"1117\">\n<p class=\"\" data-start=\"1085\" data-end=\"1117\"><strong data-start=\"1085\" data-end=\"1101\">Tipo de fornecimento:<\/strong> Fa\u00e7a sob encomenda<\/p>\n<\/li>\n<\/ul>\n<h3 class=\"\" data-start=\"1119\" data-end=\"1147\">\ud83d\udd11 <strong data-start=\"1126\" data-end=\"1145\">Notas importantes<\/strong><\/h3>\n<ul data-start=\"1148\" data-end=\"1237\">\n<li class=\"\" data-start=\"1148\" data-end=\"1237\">\n<p class=\"\" data-start=\"1150\" data-end=\"1237\"><strong data-start=\"1150\" data-end=\"1167\">Dados do produto:<\/strong> As especifica\u00e7\u00f5es reais do produto podem variar dependendo do lote de produ\u00e7\u00e3o.<\/p>\n<\/li>\n<\/ul>","protected":false},"excerpt":{"rendered":"<h3 class=\"\" data-start=\"475\" data-end=\"504\">\ud83c\udf3f <strong data-start=\"482\" data-end=\"502\">Vis\u00e3o geral do produto<\/strong><\/h3>\n<ul data-start=\"505\" data-end=\"619\">\n<li class=\"\" data-start=\"505\" data-end=\"531\">\n<p class=\"\" data-start=\"507\" data-end=\"531\"><strong data-start=\"507\" data-end=\"524\">N\u00famero do modelo:<\/strong> 3129<\/p>\n<\/li>\n<li class=\"\" data-start=\"532\" data-end=\"599\">\n<p class=\"\" data-start=\"534\" data-end=\"599\"><strong data-start=\"534\" data-end=\"559\">Composi\u00e7\u00e3o do material:<\/strong> 65% Algod\u00e3o, 34% Poli\u00e9ster, 1% Elastano<\/p>\n<\/li>\n<li class=\"\" data-start=\"600\" data-end=\"619\">\n<p class=\"\" data-start=\"602\" data-end=\"619\"><strong data-start=\"602\" data-end=\"612\">Cor:<\/strong> Azul<\/p>\n<\/li>\n<\/ul>\n<h3 class=\"\" data-start=\"621\" data-end=\"655\">\ud83e\uddf5 <strong data-start=\"628\" data-end=\"653\">Especifica\u00e7\u00f5es do tecido<\/strong><\/h3>\n<ul data-start=\"656\" data-end=\"879\">\n<li class=\"\" data-start=\"656\" data-end=\"714\">\n<p class=\"\" data-start=\"658\" data-end=\"714\"><strong data-start=\"658\" data-end=\"667\">Tipo:<\/strong> Tecido jeans fiado com n\u00facleo, de baixa elasticidade e resistente \u00e0 cor<\/p>\n<\/li>\n<li class=\"\" data-start=\"715\" data-end=\"738\">\n<p class=\"\" data-start=\"717\" data-end=\"738\"><strong data-start=\"717\" data-end=\"730\">T\u00e9cnicas:<\/strong> Tecido<\/p>\n<\/li>\n<li class=\"\" data-start=\"739\" data-end=\"760\">\n<p class=\"\" data-start=\"741\" data-end=\"760\"><strong data-start=\"741\" data-end=\"751\">Largura:<\/strong> 177 cm<\/p>\n<\/li>\n<li class=\"\" data-start=\"761\" data-end=\"793\">\n<p class=\"\" data-start=\"763\" data-end=\"793\"><strong data-start=\"763\" data-end=\"774\">Peso:<\/strong> Aprox. 200 g<\/p>\n<\/li>\n<li class=\"\" data-start=\"794\" data-end=\"834\">\n<p class=\"\" data-start=\"796\" data-end=\"834\"><strong data-start=\"796\" data-end=\"811\">Contagem de fios:<\/strong> Algod\u00e3o fiado com n\u00facleo dos anos 21<\/p>\n<\/li>\n<li class=\"\" data-start=\"835\" data-end=\"879\">\n<p class=\"\" data-start=\"837\" data-end=\"879\"><strong data-start=\"837\" data-end=\"847\">Estilo:<\/strong> Sarja, resistente \u00e0 descolora\u00e7\u00e3o, baixa elasticidade<\/p>\n<\/li>\n<\/ul>\n<h3 class=\"\" data-start=\"881\" data-end=\"907\">\ud83c\udfa8 <strong data-start=\"888\" data-end=\"905\">Estilo e uso<\/strong><\/h3>\n<ul data-start=\"908\" data-end=\"1017\">\n<li class=\"\" data-start=\"908\" data-end=\"975\">\n<p class=\"\" data-start=\"910\" data-end=\"975\"><strong data-start=\"910\" data-end=\"918\">Usar:<\/strong> Adequado para roupas, acess\u00f3rios e designs personalizados<\/p>\n<\/li>\n<li class=\"\" data-start=\"976\" data-end=\"1017\">\n<p class=\"\" data-start=\"978\" data-end=\"1017\"><strong data-start=\"978\" data-end=\"996\">Aplic\u00e1vel a:<\/strong> Homens e mulheres<\/p>\n<\/li>\n<\/ul>\n<h3 class=\"\" data-start=\"1019\" data-end=\"1051\">\ud83c\udf0d <strong data-start=\"1026\" data-end=\"1049\">Produ\u00e7\u00e3o e Origem<\/strong><\/h3>\n<ul data-start=\"1052\" data-end=\"1117\">\n<li class=\"\" data-start=\"1052\" data-end=\"1082\">\n<p class=\"\" data-start=\"1054\" data-end=\"1082\"><strong data-start=\"1054\" data-end=\"1074\">Local de origem:<\/strong> China<\/p>\n<\/li>\n<li class=\"\" data-start=\"1083\" data-end=\"1117\">\n<p class=\"\" data-start=\"1085\" data-end=\"1117\"><strong data-start=\"1085\" data-end=\"1101\">Tipo de fornecimento:<\/strong> Fa\u00e7a sob encomenda<\/p>\n<\/li>\n<\/ul>\n<h3 class=\"\" data-start=\"1119\" data-end=\"1147\">\ud83d\udd11 <strong data-start=\"1126\" data-end=\"1145\">Notas importantes<\/strong><\/h3>\n<ul data-start=\"1148\" data-end=\"1237\">\n<li class=\"\" data-start=\"1148\" data-end=\"1237\">\n<p class=\"\" data-start=\"1150\" data-end=\"1237\"><strong data-start=\"1150\" data-end=\"1167\">Dados do produto:<\/strong> As especifica\u00e7\u00f5es reais do produto podem variar dependendo do lote de produ\u00e7\u00e3o.<\/p>\n<\/li>\n<\/ul>","protected":false},"featured_media":4692,"template":"","meta":[],"product_brand":[],"product_cat":[43,57,20,30,33,37,51],"product_tag":[],"class_list":{"0":"post-4690","1":"product","2":"type-product","3":"status-publish","4":"has-post-thumbnail","6":"product_cat-16s","7":"product_cat-16s-spuer-siro","8":"product_cat-cotton-woven-fabric","9":"product_cat-cotton-polyster-spandex-denim-fabric","10":"product_cat-non-elastic","11":"product_cat-siro","12":"product_cat-spuer-siro","14":"first","15":"instock","16":"shipping-taxable","17":"product-type-simple"},"aioseo_notices":[],"_links":{"self":[{"href":"https:\/\/lydenim.com\/pt\/wp-json\/wp\/v2\/product\/4690","targetHints":{"allow":["GET"]}}],"collection":[{"href":"https:\/\/lydenim.com\/pt\/wp-json\/wp\/v2\/product"}],"about":[{"href":"https:\/\/lydenim.com\/pt\/wp-json\/wp\/v2\/types\/product"}],"version-history":[{"count":2,"href":"https:\/\/lydenim.com\/pt\/wp-json\/wp\/v2\/product\/4690\/revisions"}],"predecessor-version":[{"id":4697,"href":"https:\/\/lydenim.com\/pt\/wp-json\/wp\/v2\/product\/4690\/revisions\/4697"}],"wp:featuredmedia":[{"embeddable":true,"href":"https:\/\/lydenim.com\/pt\/wp-json\/wp\/v2\/media\/4692"}],"wp:attachment":[{"href":"https:\/\/lydenim.com\/pt\/wp-json\/wp\/v2\/media?parent=4690"}],"wp:term":[{"taxonomy":"product_brand","embeddable":true,"href":"https:\/\/lydenim.com\/pt\/wp-json\/wp\/v2\/product_brand?post=4690"},{"taxonomy":"product_cat","embeddable":true,"href":"https:\/\/lydenim.com\/pt\/wp-json\/wp\/v2\/product_cat?post=4690"},{"taxonomy":"product_tag","embeddable":true,"href":"https:\/\/lydenim.com\/pt\/wp-json\/wp\/v2\/product_tag?post=4690"}],"curies":[{"name":"wp","href":"https:\/\/api.w.org\/{rel}","templated":true}]}}