{"id":4698,"date":"2025-04-13T13:13:25","date_gmt":"2025-04-13T05:13:25","guid":{"rendered":"https:\/\/lydenim.com\/?post_type=product&#038;p=4698"},"modified":"2025-04-13T13:19:35","modified_gmt":"2025-04-13T05:19:35","slug":"3220l-3-fade-resistant-lyocell-slub-denim","status":"publish","type":"product","link":"https:\/\/lydenim.com\/pt\/produto\/3220l-3-denim-lyocell-resistente-ao-desbotamento\/","title":{"rendered":"3220L-3# Denim Lyocell resistente ao desbotamento"},"content":{"rendered":"<h3 class=\"\" data-start=\"478\" data-end=\"503\">\ud83c\udf3f Vis\u00e3o geral do produto<\/h3>\n<ul data-start=\"504\" data-end=\"634\">\n<li class=\"\" data-start=\"504\" data-end=\"533\">\n<p class=\"\" data-start=\"506\" data-end=\"533\"><strong data-start=\"506\" data-end=\"523\">N\u00famero do modelo:<\/strong> 3220L-3<\/p>\n<\/li>\n<li class=\"\" data-start=\"534\" data-end=\"614\">\n<p class=\"\" data-start=\"536\" data-end=\"614\"><strong data-start=\"536\" data-end=\"561\">Composi\u00e7\u00e3o do material:<\/strong> 65% Algod\u00e3o, 10% Lyocell, 24% Poli\u00e9ster, 1% Elastano<\/p>\n<\/li>\n<li class=\"\" data-start=\"615\" data-end=\"634\">\n<p class=\"\" data-start=\"617\" data-end=\"634\"><strong data-start=\"617\" data-end=\"627\">Cor:<\/strong> Azul<\/p>\n<\/li>\n<\/ul>\n<h3 class=\"\" data-start=\"636\" data-end=\"666\">\ud83e\uddf5 Especifica\u00e7\u00f5es do tecido<\/h3>\n<ul data-start=\"667\" data-end=\"873\">\n<li class=\"\" data-start=\"667\" data-end=\"722\">\n<p class=\"\" data-start=\"669\" data-end=\"722\"><strong data-start=\"669\" data-end=\"678\">Tipo:<\/strong> Jeans Lyocell Stretch Slub resistente ao desbotamento<\/p>\n<\/li>\n<li class=\"\" data-start=\"723\" data-end=\"746\">\n<p class=\"\" data-start=\"725\" data-end=\"746\"><strong data-start=\"725\" data-end=\"738\">T\u00e9cnicas:<\/strong> Tecido<\/p>\n<\/li>\n<li class=\"\" data-start=\"747\" data-end=\"772\">\n<p class=\"\" data-start=\"749\" data-end=\"772\"><strong data-start=\"749\" data-end=\"759\">Largura:<\/strong> 177\u2013180 cm<\/p>\n<\/li>\n<li class=\"\" data-start=\"773\" data-end=\"802\">\n<p class=\"\" data-start=\"775\" data-end=\"802\"><strong data-start=\"775\" data-end=\"786\">Peso:<\/strong> Aprox. 202 g<\/p>\n<\/li>\n<li class=\"\" data-start=\"803\" data-end=\"826\">\n<p class=\"\" data-start=\"805\" data-end=\"826\"><strong data-start=\"805\" data-end=\"820\">Contagem de fios:<\/strong> 21 anos<\/p>\n<\/li>\n<li class=\"\" data-start=\"827\" data-end=\"873\">\n<p class=\"\" data-start=\"829\" data-end=\"873\"><strong data-start=\"829\" data-end=\"839\">Estilo:<\/strong> Resistente ao desbotamento \/ El\u00e1stico \/ Rasgado<\/p>\n<\/li>\n<\/ul>\n<h3 class=\"\" data-start=\"875\" data-end=\"897\">\ud83c\udfa8 Estilo e uso<\/h3>\n<ul data-start=\"898\" data-end=\"1007\">\n<li class=\"\" data-start=\"898\" data-end=\"965\">\n<p class=\"\" data-start=\"900\" data-end=\"965\"><strong data-start=\"900\" data-end=\"908\">Usar:<\/strong> Adequado para roupas, acess\u00f3rios e designs personalizados<\/p>\n<\/li>\n<li class=\"\" data-start=\"966\" data-end=\"1007\">\n<p class=\"\" data-start=\"968\" data-end=\"1007\"><strong data-start=\"968\" data-end=\"986\">Aplic\u00e1vel a:<\/strong> Homens e mulheres<\/p>\n<\/li>\n<\/ul>\n<h3 class=\"\" data-start=\"1009\" data-end=\"1037\">\ud83c\udf0d Produ\u00e7\u00e3o e Origem<\/h3>\n<ul data-start=\"1038\" data-end=\"1103\">\n<li class=\"\" data-start=\"1038\" data-end=\"1068\">\n<p class=\"\" data-start=\"1040\" data-end=\"1068\"><strong data-start=\"1040\" data-end=\"1060\">Local de origem:<\/strong> China<\/p>\n<\/li>\n<li class=\"\" data-start=\"1069\" data-end=\"1103\">\n<p class=\"\" data-start=\"1071\" data-end=\"1103\"><strong data-start=\"1071\" data-end=\"1087\">Tipo de fornecimento:<\/strong> Fa\u00e7a sob encomenda<\/p>\n<\/li>\n<\/ul>\n<h3 class=\"\" data-start=\"1105\" data-end=\"1129\">\ud83d\udd11 Notas importantes<\/h3>\n<ul data-start=\"1130\" data-end=\"1211\">\n<li class=\"\" data-start=\"1130\" data-end=\"1211\">\n<p class=\"\" data-start=\"1132\" data-end=\"1211\"><strong data-start=\"1132\" data-end=\"1149\">Dados do produto:<\/strong> As especifica\u00e7\u00f5es reais podem variar dependendo do lote de produ\u00e7\u00e3o.<\/p>\n<\/li>\n<\/ul>","protected":false},"excerpt":{"rendered":"<h3 class=\"\" data-start=\"478\" data-end=\"503\">\ud83c\udf3f Vis\u00e3o geral do produto<\/h3>\n<ul data-start=\"504\" data-end=\"634\">\n<li class=\"\" data-start=\"504\" data-end=\"533\">\n<p class=\"\" data-start=\"506\" data-end=\"533\"><strong data-start=\"506\" data-end=\"523\">N\u00famero do modelo:<\/strong> 3220L-3<\/p>\n<\/li>\n<li class=\"\" data-start=\"534\" data-end=\"614\">\n<p class=\"\" data-start=\"536\" data-end=\"614\"><strong data-start=\"536\" data-end=\"561\">Composi\u00e7\u00e3o do material:<\/strong> 65% Algod\u00e3o, 10% Lyocell, 24% Poli\u00e9ster, 1% Elastano<\/p>\n<\/li>\n<li class=\"\" data-start=\"615\" data-end=\"634\">\n<p class=\"\" data-start=\"617\" data-end=\"634\"><strong data-start=\"617\" data-end=\"627\">Cor:<\/strong> Azul<\/p>\n<\/li>\n<\/ul>\n<h3 class=\"\" data-start=\"636\" data-end=\"666\">\ud83e\uddf5 Especifica\u00e7\u00f5es do tecido<\/h3>\n<ul data-start=\"667\" data-end=\"873\">\n<li class=\"\" data-start=\"667\" data-end=\"722\">\n<p class=\"\" data-start=\"669\" data-end=\"722\"><strong data-start=\"669\" data-end=\"678\">Tipo:<\/strong> Jeans Lyocell Stretch Slub resistente ao desbotamento<\/p>\n<\/li>\n<li class=\"\" data-start=\"723\" data-end=\"746\">\n<p class=\"\" data-start=\"725\" data-end=\"746\"><strong data-start=\"725\" data-end=\"738\">T\u00e9cnicas:<\/strong> Tecido<\/p>\n<\/li>\n<li class=\"\" data-start=\"747\" data-end=\"772\">\n<p class=\"\" data-start=\"749\" data-end=\"772\"><strong data-start=\"749\" data-end=\"759\">Largura:<\/strong> 177\u2013180 cm<\/p>\n<\/li>\n<li class=\"\" data-start=\"773\" data-end=\"802\">\n<p class=\"\" data-start=\"775\" data-end=\"802\"><strong data-start=\"775\" data-end=\"786\">Peso:<\/strong> Aprox. 202 g<\/p>\n<\/li>\n<li class=\"\" data-start=\"803\" data-end=\"826\">\n<p class=\"\" data-start=\"805\" data-end=\"826\"><strong data-start=\"805\" data-end=\"820\">Contagem de fios:<\/strong> 21 anos<\/p>\n<\/li>\n<li class=\"\" data-start=\"827\" data-end=\"873\">\n<p class=\"\" data-start=\"829\" data-end=\"873\"><strong data-start=\"829\" data-end=\"839\">Estilo:<\/strong> Resistente ao desbotamento \/ El\u00e1stico \/ Rasgado<\/p>\n<\/li>\n<\/ul>\n<h3 class=\"\" data-start=\"875\" data-end=\"897\">\ud83c\udfa8 Estilo e uso<\/h3>\n<ul data-start=\"898\" data-end=\"1007\">\n<li class=\"\" data-start=\"898\" data-end=\"965\">\n<p class=\"\" data-start=\"900\" data-end=\"965\"><strong data-start=\"900\" data-end=\"908\">Usar:<\/strong> Adequado para roupas, acess\u00f3rios e designs personalizados<\/p>\n<\/li>\n<li class=\"\" data-start=\"966\" data-end=\"1007\">\n<p class=\"\" data-start=\"968\" data-end=\"1007\"><strong data-start=\"968\" data-end=\"986\">Aplic\u00e1vel a:<\/strong> Homens e mulheres<\/p>\n<\/li>\n<\/ul>\n<h3 class=\"\" data-start=\"1009\" data-end=\"1037\">\ud83c\udf0d Produ\u00e7\u00e3o e Origem<\/h3>\n<ul data-start=\"1038\" data-end=\"1103\">\n<li class=\"\" data-start=\"1038\" data-end=\"1068\">\n<p class=\"\" data-start=\"1040\" data-end=\"1068\"><strong data-start=\"1040\" data-end=\"1060\">Local de origem:<\/strong> China<\/p>\n<\/li>\n<li class=\"\" data-start=\"1069\" data-end=\"1103\">\n<p class=\"\" data-start=\"1071\" data-end=\"1103\"><strong data-start=\"1071\" data-end=\"1087\">Tipo de fornecimento:<\/strong> Fa\u00e7a sob encomenda<\/p>\n<\/li>\n<\/ul>\n<h3 class=\"\" data-start=\"1105\" data-end=\"1129\">\ud83d\udd11 Notas importantes<\/h3>\n<ul data-start=\"1130\" data-end=\"1211\">\n<li class=\"\" data-start=\"1130\" data-end=\"1211\">\n<p class=\"\" data-start=\"1132\" data-end=\"1211\"><strong data-start=\"1132\" data-end=\"1149\">Dados do produto:<\/strong> As especifica\u00e7\u00f5es reais podem variar dependendo do lote de produ\u00e7\u00e3o.<\/p>\n<\/li>\n<\/ul>","protected":false},"featured_media":4699,"template":"","meta":[],"product_brand":[],"product_cat":[43,57,20,30,33,37,51],"product_tag":[],"class_list":{"0":"post-4698","1":"product","2":"type-product","3":"status-publish","4":"has-post-thumbnail","6":"product_cat-16s","7":"product_cat-16s-spuer-siro","8":"product_cat-cotton-woven-fabric","9":"product_cat-cotton-polyster-spandex-denim-fabric","10":"product_cat-non-elastic","11":"product_cat-siro","12":"product_cat-spuer-siro","14":"first","15":"instock","16":"shipping-taxable","17":"product-type-simple"},"aioseo_notices":[],"_links":{"self":[{"href":"https:\/\/lydenim.com\/pt\/wp-json\/wp\/v2\/product\/4698","targetHints":{"allow":["GET"]}}],"collection":[{"href":"https:\/\/lydenim.com\/pt\/wp-json\/wp\/v2\/product"}],"about":[{"href":"https:\/\/lydenim.com\/pt\/wp-json\/wp\/v2\/types\/product"}],"version-history":[{"count":1,"href":"https:\/\/lydenim.com\/pt\/wp-json\/wp\/v2\/product\/4698\/revisions"}],"predecessor-version":[{"id":4703,"href":"https:\/\/lydenim.com\/pt\/wp-json\/wp\/v2\/product\/4698\/revisions\/4703"}],"wp:featuredmedia":[{"embeddable":true,"href":"https:\/\/lydenim.com\/pt\/wp-json\/wp\/v2\/media\/4699"}],"wp:attachment":[{"href":"https:\/\/lydenim.com\/pt\/wp-json\/wp\/v2\/media?parent=4698"}],"wp:term":[{"taxonomy":"product_brand","embeddable":true,"href":"https:\/\/lydenim.com\/pt\/wp-json\/wp\/v2\/product_brand?post=4698"},{"taxonomy":"product_cat","embeddable":true,"href":"https:\/\/lydenim.com\/pt\/wp-json\/wp\/v2\/product_cat?post=4698"},{"taxonomy":"product_tag","embeddable":true,"href":"https:\/\/lydenim.com\/pt\/wp-json\/wp\/v2\/product_tag?post=4698"}],"curies":[{"name":"wp","href":"https:\/\/api.w.org\/{rel}","templated":true}]}}