{"id":4711,"date":"2025-04-13T13:27:52","date_gmt":"2025-04-13T05:27:52","guid":{"rendered":"https:\/\/lydenim.com\/?post_type=product&#038;p=4711"},"modified":"2025-04-13T13:32:15","modified_gmt":"2025-04-13T05:32:15","slug":"27155l-26-fade-resistant-stretch-denim-with-slub","status":"publish","type":"product","link":"https:\/\/lydenim.com\/pt\/produto\/27155l-26-jeans-elastico-resistente-ao-desbotamento-com-slub\/","title":{"rendered":"27155L-26# Jeans el\u00e1stico resistente ao desbotamento com slub"},"content":{"rendered":"<h3 class=\"\" data-start=\"467\" data-end=\"492\">\ud83c\udf0d Vis\u00e3o geral do produto<\/h3>\n<ul data-start=\"493\" data-end=\"624\">\n<li class=\"\" data-start=\"493\" data-end=\"524\">\n<p class=\"\" data-start=\"495\" data-end=\"524\"><strong data-start=\"495\" data-end=\"512\">N\u00famero do modelo:<\/strong> 27155L-26<\/p>\n<\/li>\n<li class=\"\" data-start=\"525\" data-end=\"604\">\n<p class=\"\" data-start=\"527\" data-end=\"604\"><strong data-start=\"527\" data-end=\"552\">Composi\u00e7\u00e3o do material:<\/strong> 69% Algod\u00e3o, 9% Lyocell, 21% Poli\u00e9ster, 1% Elastano<\/p>\n<\/li>\n<li class=\"\" data-start=\"605\" data-end=\"624\">\n<p class=\"\" data-start=\"607\" data-end=\"624\"><strong data-start=\"607\" data-end=\"617\">Cor:<\/strong> Azul<\/p>\n<\/li>\n<\/ul>\n<h3 class=\"\" data-start=\"626\" data-end=\"656\">\ud83e\uddf5 Especifica\u00e7\u00f5es do tecido<\/h3>\n<ul data-start=\"657\" data-end=\"886\">\n<li class=\"\" data-start=\"657\" data-end=\"712\">\n<p class=\"\" data-start=\"659\" data-end=\"712\"><strong data-start=\"659\" data-end=\"668\">Tipo:<\/strong> Jeans Lyocell Stretch Slub resistente ao desbotamento<\/p>\n<\/li>\n<li class=\"\" data-start=\"713\" data-end=\"736\">\n<p class=\"\" data-start=\"715\" data-end=\"736\"><strong data-start=\"715\" data-end=\"728\">T\u00e9cnicas:<\/strong> Tecido<\/p>\n<\/li>\n<li class=\"\" data-start=\"737\" data-end=\"772\">\n<p class=\"\" data-start=\"739\" data-end=\"772\"><strong data-start=\"739\" data-end=\"749\">Largura:<\/strong> 180 cm (70,9 polegadas)<\/p>\n<\/li>\n<li class=\"\" data-start=\"773\" data-end=\"794\">\n<p class=\"\" data-start=\"775\" data-end=\"794\"><strong data-start=\"775\" data-end=\"786\">Peso:<\/strong> 210 g<\/p>\n<\/li>\n<li class=\"\" data-start=\"795\" data-end=\"818\">\n<p class=\"\" data-start=\"797\" data-end=\"818\"><strong data-start=\"797\" data-end=\"812\">Contagem de fios:<\/strong> 16S<\/p>\n<\/li>\n<li class=\"\" data-start=\"819\" data-end=\"886\">\n<p class=\"\" data-start=\"821\" data-end=\"886\"><strong data-start=\"821\" data-end=\"831\">Estilo:<\/strong> Resistente ao desbotamento, el\u00e1stico, textura irregular, mistura de liocel<\/p>\n<\/li>\n<\/ul>\n<h3 class=\"\" data-start=\"888\" data-end=\"910\">\ud83c\udfa8 Estilo e uso<\/h3>\n<ul data-start=\"911\" data-end=\"1020\">\n<li class=\"\" data-start=\"911\" data-end=\"978\">\n<p class=\"\" data-start=\"913\" data-end=\"978\"><strong data-start=\"913\" data-end=\"921\">Usar:<\/strong> Adequado para roupas, acess\u00f3rios e designs personalizados<\/p>\n<\/li>\n<li class=\"\" data-start=\"979\" data-end=\"1020\">\n<p class=\"\" data-start=\"981\" data-end=\"1020\"><strong data-start=\"981\" data-end=\"999\">Aplic\u00e1vel a:<\/strong> Homens e mulheres<\/p>\n<\/li>\n<\/ul>\n<h3 class=\"\" data-start=\"1022\" data-end=\"1050\">\ud83c\udf0d Produ\u00e7\u00e3o e Origem<\/h3>\n<ul data-start=\"1051\" data-end=\"1116\">\n<li class=\"\" data-start=\"1051\" data-end=\"1081\">\n<p class=\"\" data-start=\"1053\" data-end=\"1081\"><strong data-start=\"1053\" data-end=\"1073\">Local de origem:<\/strong> China<\/p>\n<\/li>\n<li class=\"\" data-start=\"1082\" data-end=\"1116\">\n<p class=\"\" data-start=\"1084\" data-end=\"1116\"><strong data-start=\"1084\" data-end=\"1100\">Tipo de fornecimento:<\/strong> Fa\u00e7a sob encomenda<\/p>\n<\/li>\n<\/ul>\n<h3 class=\"\" data-start=\"1118\" data-end=\"1142\">\ud83d\udd11 Notas importantes<\/h3>\n<ul data-start=\"1143\" data-end=\"1214\">\n<li class=\"\" data-start=\"1143\" data-end=\"1214\">\n<p class=\"\" data-start=\"1145\" data-end=\"1214\"><strong data-start=\"1145\" data-end=\"1162\">Dados do produto:<\/strong> As especifica\u00e7\u00f5es reais podem variar de acordo com o lote de produ\u00e7\u00e3o.<\/p>\n<\/li>\n<\/ul>","protected":false},"excerpt":{"rendered":"<h3 class=\"\" data-start=\"467\" data-end=\"492\">\ud83c\udf0d Vis\u00e3o geral do produto<\/h3>\n<ul data-start=\"493\" data-end=\"624\">\n<li class=\"\" data-start=\"493\" data-end=\"524\">\n<p class=\"\" data-start=\"495\" data-end=\"524\"><strong data-start=\"495\" data-end=\"512\">N\u00famero do modelo:<\/strong> 27155L-26<\/p>\n<\/li>\n<li class=\"\" data-start=\"525\" data-end=\"604\">\n<p class=\"\" data-start=\"527\" data-end=\"604\"><strong data-start=\"527\" data-end=\"552\">Composi\u00e7\u00e3o do material:<\/strong> 69% Algod\u00e3o, 9% Lyocell, 21% Poli\u00e9ster, 1% Elastano<\/p>\n<\/li>\n<li class=\"\" data-start=\"605\" data-end=\"624\">\n<p class=\"\" data-start=\"607\" data-end=\"624\"><strong data-start=\"607\" data-end=\"617\">Cor:<\/strong> Azul<\/p>\n<\/li>\n<\/ul>\n<h3 class=\"\" data-start=\"626\" data-end=\"656\">\ud83e\uddf5 Especifica\u00e7\u00f5es do tecido<\/h3>\n<ul data-start=\"657\" data-end=\"886\">\n<li class=\"\" data-start=\"657\" data-end=\"712\">\n<p class=\"\" data-start=\"659\" data-end=\"712\"><strong data-start=\"659\" data-end=\"668\">Tipo:<\/strong> Jeans Lyocell Stretch Slub resistente ao desbotamento<\/p>\n<\/li>\n<li class=\"\" data-start=\"713\" data-end=\"736\">\n<p class=\"\" data-start=\"715\" data-end=\"736\"><strong data-start=\"715\" data-end=\"728\">T\u00e9cnicas:<\/strong> Tecido<\/p>\n<\/li>\n<li class=\"\" data-start=\"737\" data-end=\"772\">\n<p class=\"\" data-start=\"739\" data-end=\"772\"><strong data-start=\"739\" data-end=\"749\">Largura:<\/strong> 180 cm (70,9 polegadas)<\/p>\n<\/li>\n<li class=\"\" data-start=\"773\" data-end=\"794\">\n<p class=\"\" data-start=\"775\" data-end=\"794\"><strong data-start=\"775\" data-end=\"786\">Peso:<\/strong> 210 g<\/p>\n<\/li>\n<li class=\"\" data-start=\"795\" data-end=\"818\">\n<p class=\"\" data-start=\"797\" data-end=\"818\"><strong data-start=\"797\" data-end=\"812\">Contagem de fios:<\/strong> 16S<\/p>\n<\/li>\n<li class=\"\" data-start=\"819\" data-end=\"886\">\n<p class=\"\" data-start=\"821\" data-end=\"886\"><strong data-start=\"821\" data-end=\"831\">Estilo:<\/strong> Resistente ao desbotamento, el\u00e1stico, textura irregular, mistura de liocel<\/p>\n<\/li>\n<\/ul>\n<h3 class=\"\" data-start=\"888\" data-end=\"910\">\ud83c\udfa8 Estilo e uso<\/h3>\n<ul data-start=\"911\" data-end=\"1020\">\n<li class=\"\" data-start=\"911\" data-end=\"978\">\n<p class=\"\" data-start=\"913\" data-end=\"978\"><strong data-start=\"913\" data-end=\"921\">Usar:<\/strong> Adequado para roupas, acess\u00f3rios e designs personalizados<\/p>\n<\/li>\n<li class=\"\" data-start=\"979\" data-end=\"1020\">\n<p class=\"\" data-start=\"981\" data-end=\"1020\"><strong data-start=\"981\" data-end=\"999\">Aplic\u00e1vel a:<\/strong> Homens e mulheres<\/p>\n<\/li>\n<\/ul>\n<h3 class=\"\" data-start=\"1022\" data-end=\"1050\">\ud83c\udf0d Produ\u00e7\u00e3o e Origem<\/h3>\n<ul data-start=\"1051\" data-end=\"1116\">\n<li class=\"\" data-start=\"1051\" data-end=\"1081\">\n<p class=\"\" data-start=\"1053\" data-end=\"1081\"><strong data-start=\"1053\" data-end=\"1073\">Local de origem:<\/strong> China<\/p>\n<\/li>\n<li class=\"\" data-start=\"1082\" data-end=\"1116\">\n<p class=\"\" data-start=\"1084\" data-end=\"1116\"><strong data-start=\"1084\" data-end=\"1100\">Tipo de fornecimento:<\/strong> Fa\u00e7a sob encomenda<\/p>\n<\/li>\n<\/ul>\n<h3 class=\"\" data-start=\"1118\" data-end=\"1142\">\ud83d\udd11 Notas importantes<\/h3>\n<ul data-start=\"1143\" data-end=\"1214\">\n<li class=\"\" data-start=\"1143\" data-end=\"1214\">\n<p class=\"\" data-start=\"1145\" data-end=\"1214\"><strong data-start=\"1145\" data-end=\"1162\">Dados do produto:<\/strong> As especifica\u00e7\u00f5es reais podem variar de acordo com o lote de produ\u00e7\u00e3o.<\/p>\n<\/li>\n<\/ul>","protected":false},"featured_media":4713,"template":"","meta":[],"product_brand":[],"product_cat":[43,57,20,30,33,37,51],"product_tag":[],"class_list":{"0":"post-4711","1":"product","2":"type-product","3":"status-publish","4":"has-post-thumbnail","6":"product_cat-16s","7":"product_cat-16s-spuer-siro","8":"product_cat-cotton-woven-fabric","9":"product_cat-cotton-polyster-spandex-denim-fabric","10":"product_cat-non-elastic","11":"product_cat-siro","12":"product_cat-spuer-siro","14":"first","15":"instock","16":"shipping-taxable","17":"product-type-simple"},"aioseo_notices":[],"_links":{"self":[{"href":"https:\/\/lydenim.com\/pt\/wp-json\/wp\/v2\/product\/4711","targetHints":{"allow":["GET"]}}],"collection":[{"href":"https:\/\/lydenim.com\/pt\/wp-json\/wp\/v2\/product"}],"about":[{"href":"https:\/\/lydenim.com\/pt\/wp-json\/wp\/v2\/types\/product"}],"version-history":[{"count":1,"href":"https:\/\/lydenim.com\/pt\/wp-json\/wp\/v2\/product\/4711\/revisions"}],"predecessor-version":[{"id":4717,"href":"https:\/\/lydenim.com\/pt\/wp-json\/wp\/v2\/product\/4711\/revisions\/4717"}],"wp:featuredmedia":[{"embeddable":true,"href":"https:\/\/lydenim.com\/pt\/wp-json\/wp\/v2\/media\/4713"}],"wp:attachment":[{"href":"https:\/\/lydenim.com\/pt\/wp-json\/wp\/v2\/media?parent=4711"}],"wp:term":[{"taxonomy":"product_brand","embeddable":true,"href":"https:\/\/lydenim.com\/pt\/wp-json\/wp\/v2\/product_brand?post=4711"},{"taxonomy":"product_cat","embeddable":true,"href":"https:\/\/lydenim.com\/pt\/wp-json\/wp\/v2\/product_cat?post=4711"},{"taxonomy":"product_tag","embeddable":true,"href":"https:\/\/lydenim.com\/pt\/wp-json\/wp\/v2\/product_tag?post=4711"}],"curies":[{"name":"wp","href":"https:\/\/api.w.org\/{rel}","templated":true}]}}